{"id":8587,"date":"2023-12-07T18:41:15","date_gmt":"2023-12-07T17:41:15","guid":{"rendered":"https:\/\/tremunpiercing.com\/?post_type=product&#038;p=8587"},"modified":"2026-04-15T10:38:00","modified_gmt":"2026-04-15T09:38:00","slug":"olimpia-white-gold","status":"publish","type":"product","link":"https:\/\/tremunpiercing.com\/hr\/product\/olimpia-white-gold\/","title":{"rendered":"Olimpija Bijelo zlato"},"content":{"rendered":"<p>Vrh Olimpia od bijelog zlata oli\u010denje je elegantne jednostavnosti s pa\u017enjom posve\u0107enom finoj izradi nakita. Nje\u017ena povr\u0161ina izra\u0111ena je od pravog 14-karatnog bijelog zlata i omogu\u0107uje unutarnji navoj za sigurnost i udobnost. S veli\u010dinom od 4 \u00d7 9 mm, ovaj komad elegantno je dizajniran za piercing u obliku spirale, \u0161koljke i gornjeg dijela uha, gdje se preferira minimalisti\u010dka elegancija.<\/p>\n<p>Glatka zavr\u0161na obrada s vrhunskim poliranjem \u010dini ovaj vrh prikladnim za klijente koji tra\u017ee elegantne komade nakita za svakodnevno no\u0161enje. Ovaj vrh \u0107e raditi s unutarnjim navojem od 14G za prakti\u010dnost i profesionalno pristajanje i osje\u0107aj. Olimpia White Gold stvorena je za profesionalce u piercingu i premium trgovce nakitom, predstavljaju\u0107i savr\u0161enu ravnote\u017eu izdr\u017eljivosti, biokompatibilnosti i luksuznog nakita koji je prikladan za klijente zainteresirane za suptilnu, bezvremensku ljepotu.<\/p>","protected":false},"excerpt":{"rendered":"<ul>\n<li>Unutarnji navoj<\/li>\n<li>Materijal: Bijelo zlato 14k<\/li>\n<li>Mjera\u010d: 14G<\/li>\n<li>Veli\u010dina: 4 mm x 9 mm<\/li>\n<\/ul>","protected":false},"featured_media":18605,"comment_status":"closed","ping_status":"closed","template":"","meta":{"_acf_changed":false},"product_brand":[],"product_cat":[337,463,400],"product_tag":[187,188,189,205,206,212,190,183,213,184,207],"class_list":{"0":"post-8587","1":"product","2":"type-product","3":"status-publish","4":"has-post-thumbnail","6":"product_cat-gold-jewelry","7":"product_cat-tops-gold-tremun","8":"product_cat-tremun","9":"product_tag-conch","10":"product_tag-ear","11":"product_tag-helix","12":"product_tag-lobe","13":"product_tag-lobulo","14":"product_tag-medusa","15":"product_tag-oreja","16":"product_tag-perforacion","17":"product_tag-philtrum","18":"product_tag-piercing","19":"product_tag-tragus","21":"first","22":"instock","23":"taxable","24":"shipping-taxable","25":"purchasable","26":"product-type-simple"},"acf":[],"gallery_images":[29688,29689],"_links":{"self":[{"href":"https:\/\/tremunpiercing.com\/hr\/wp-json\/wp\/v2\/product\/8587","targetHints":{"allow":["GET"]}}],"collection":[{"href":"https:\/\/tremunpiercing.com\/hr\/wp-json\/wp\/v2\/product"}],"about":[{"href":"https:\/\/tremunpiercing.com\/hr\/wp-json\/wp\/v2\/types\/product"}],"replies":[{"embeddable":true,"href":"https:\/\/tremunpiercing.com\/hr\/wp-json\/wp\/v2\/comments?post=8587"}],"version-history":[{"count":1,"href":"https:\/\/tremunpiercing.com\/hr\/wp-json\/wp\/v2\/product\/8587\/revisions"}],"predecessor-version":[{"id":29690,"href":"https:\/\/tremunpiercing.com\/hr\/wp-json\/wp\/v2\/product\/8587\/revisions\/29690"}],"wp:featuredmedia":[{"embeddable":true,"href":"https:\/\/tremunpiercing.com\/hr\/wp-json\/wp\/v2\/media\/18605"}],"wp:attachment":[{"href":"https:\/\/tremunpiercing.com\/hr\/wp-json\/wp\/v2\/media?parent=8587"}],"wp:term":[{"taxonomy":"product_brand","embeddable":true,"href":"https:\/\/tremunpiercing.com\/hr\/wp-json\/wp\/v2\/product_brand?post=8587"},{"taxonomy":"product_cat","embeddable":true,"href":"https:\/\/tremunpiercing.com\/hr\/wp-json\/wp\/v2\/product_cat?post=8587"},{"taxonomy":"product_tag","embeddable":true,"href":"https:\/\/tremunpiercing.com\/hr\/wp-json\/wp\/v2\/product_tag?post=8587"}],"curies":[{"name":"radni list","href":"https:\/\/api.w.org\/{rel}","templated":true}]}}