{"id":8589,"date":"2023-12-07T18:44:58","date_gmt":"2023-12-07T17:44:58","guid":{"rendered":"https:\/\/tremunpiercing.com\/?post_type=product&#038;p=8589"},"modified":"2026-03-11T11:12:30","modified_gmt":"2026-03-11T10:12:30","slug":"cordis-white-gold","status":"publish","type":"product","link":"https:\/\/tremunpiercing.com\/hr\/product\/cordis-white-gold\/","title":{"rendered":"Cordis bijelo zlato"},"content":{"rendered":"<p>Gornji dio Cordis od bijelog zlata dodaje da\u0161ak \u010diste elegancije svakoj kolekciji piercinga. Ovaj gornji dio s unutarnjim navojem izra\u0111en je od vrhunskih materijala, uklju\u010duju\u0107i puni 14-karatni bijeli zlato i SW kubne cirkonije zvjezdane kvalitete za sjaj i udobnost. Dostupan u veli\u010dinama 5 mm x 6 mm i 6 mm x 7 mm, ovaj vrh od bijelog zlata izvrstan je za probu\u0161ene u\u0161i (helix, conch i tragus) i usne, a mo\u017eete ga nositi na \u0161ipci promjera 16G ili 14G.<\/p>\n<p>Ovaj kvalitetni komad ima iznimnu pa\u017enju posve\u0107enu detaljima i bio bi izvrstan izbor za studije koji nude luksuznu opciju zamjene nakita. Svaki komad posti\u017ee bezvremensku eleganciju i profesionalnost u nakitu za piercing. Cordis bijelo zlato je opcija nakita koju bi trgovci i profesionalci u piercingu uvijek trebali imati na raspolaganju u svojim kolekcijama piercinga.<\/p>","protected":false},"excerpt":{"rendered":"<ul>\n<li>Unutarnji navoj<\/li>\n<li>Materijal: Bijelo zlato 14k<\/li>\n<li>Dragulj: SW CZ<\/li>\n<li>Mjera\u010d: 16G \u2013 14G<\/li>\n<li>Veli\u010dina: 5 mm x 6 mm \u2013 6 mm x 7 mm<\/li>\n<\/ul>","protected":false},"featured_media":12505,"comment_status":"closed","ping_status":"closed","template":"","meta":{"_acf_changed":false},"product_brand":[],"product_cat":[337,463,400],"product_tag":[187,188,189,205,206,212,190,183,213,184,207],"class_list":{"0":"post-8589","1":"product","2":"type-product","3":"status-publish","4":"has-post-thumbnail","6":"product_cat-gold-jewelry","7":"product_cat-tops-gold-tremun","8":"product_cat-tremun","9":"product_tag-conch","10":"product_tag-ear","11":"product_tag-helix","12":"product_tag-lobe","13":"product_tag-lobulo","14":"product_tag-medusa","15":"product_tag-oreja","16":"product_tag-perforacion","17":"product_tag-philtrum","18":"product_tag-piercing","19":"product_tag-tragus","21":"first","22":"instock","23":"taxable","24":"shipping-taxable","25":"product-type-variable"},"acf":[],"gallery_images":[],"_links":{"self":[{"href":"https:\/\/tremunpiercing.com\/hr\/wp-json\/wp\/v2\/product\/8589","targetHints":{"allow":["GET"]}}],"collection":[{"href":"https:\/\/tremunpiercing.com\/hr\/wp-json\/wp\/v2\/product"}],"about":[{"href":"https:\/\/tremunpiercing.com\/hr\/wp-json\/wp\/v2\/types\/product"}],"replies":[{"embeddable":true,"href":"https:\/\/tremunpiercing.com\/hr\/wp-json\/wp\/v2\/comments?post=8589"}],"version-history":[{"count":0,"href":"https:\/\/tremunpiercing.com\/hr\/wp-json\/wp\/v2\/product\/8589\/revisions"}],"wp:featuredmedia":[{"embeddable":true,"href":"https:\/\/tremunpiercing.com\/hr\/wp-json\/wp\/v2\/media\/12505"}],"wp:attachment":[{"href":"https:\/\/tremunpiercing.com\/hr\/wp-json\/wp\/v2\/media?parent=8589"}],"wp:term":[{"taxonomy":"product_brand","embeddable":true,"href":"https:\/\/tremunpiercing.com\/hr\/wp-json\/wp\/v2\/product_brand?post=8589"},{"taxonomy":"product_cat","embeddable":true,"href":"https:\/\/tremunpiercing.com\/hr\/wp-json\/wp\/v2\/product_cat?post=8589"},{"taxonomy":"product_tag","embeddable":true,"href":"https:\/\/tremunpiercing.com\/hr\/wp-json\/wp\/v2\/product_tag?post=8589"}],"curies":[{"name":"radni list","href":"https:\/\/api.w.org\/{rel}","templated":true}]}}