{"id":8643,"date":"2023-12-15T21:26:31","date_gmt":"2023-12-15T20:26:31","guid":{"rendered":"https:\/\/tremunpiercing.com\/?post_type=product&#038;p=8643"},"modified":"2026-04-20T17:28:23","modified_gmt":"2026-04-20T16:28:23","slug":"sterile-field-with-oval-aperture","status":"publish","type":"product","link":"https:\/\/tremunpiercing.com\/hr\/product\/sterile-field-with-oval-aperture\/","title":{"rendered":"Sterilno polje s ovalnim otvorom"},"content":{"rendered":"<p>Sterilno polje s ovalnim otvorom neophodno je u svakom profesionalnom studiju za piercing. Svako polje je pojedina\u010dno sterilno zamotano i sterilizirano EO plinom za potpunu sigurnost tijekom postupka. Dimenzije su 15 x 15 cm kako bi se osigurala sigurnost u asepti\u010dnom radnom prostoru, kao i jasno\u0107a za \u010disto i precizno piercing. Unutarnje ljepljivo podru\u010dje \u0161titi polje od pomicanja, \u010dime se smanjuje mogu\u0107a kontaminacija.<\/p>\n<p>Dostupno u pakiranjima od 25 ili 50, sterilno polje idealno je za pru\u017eanje profesionalnog i sigurnog radnog okru\u017eenja za sve piercinge, bilo da se radi o u\u0161ima, nosu ili tijelu. Ovo sterilno podru\u010dje osmi\u0161ljeno je prema strogim higijenskim standardima i izvrsna je opcija za studije koji ozbiljno vode ra\u010duna o sigurnosti i o\u010duvanju povjerenja svojih klijenata.<\/p>","protected":false},"excerpt":{"rendered":"<ul>\n<li>Sterilno polje s ovalnim otvorom<\/li>\n<li>Pojedina\u010dno pakirano<\/li>\n<li>Veli\u010dina: 15 x 15 centimetara<\/li>\n<li>Idealno za stvaranje asepti\u010dnog radnog prostora za probijanje<\/li>\n<li>Unutarnje ljepljivo podru\u010dje za bolju stabilnost<\/li>\n<li>Sterilizirano EO Ga<\/li>\n<li>50 i 25 jedinica po pakiranju<\/li>\n<\/ul>","protected":false},"featured_media":8644,"comment_status":"closed","ping_status":"closed","template":"","meta":{"_acf_changed":false},"product_brand":[],"product_cat":[328,376],"product_tag":[390,393,392,391],"class_list":{"0":"post-8643","1":"product","2":"type-product","3":"status-publish","4":"has-post-thumbnail","6":"product_cat-supplies","7":"product_cat-medical-supplies","8":"product_tag-afetercare","9":"product_tag-aftercare-products","10":"product_tag-care","11":"product_tag-piercing-care","13":"first","14":"instock","15":"taxable","16":"shipping-taxable","17":"purchasable","18":"product-type-variable"},"acf":[],"gallery_images":[8645,8646],"_links":{"self":[{"href":"https:\/\/tremunpiercing.com\/hr\/wp-json\/wp\/v2\/product\/8643","targetHints":{"allow":["GET"]}}],"collection":[{"href":"https:\/\/tremunpiercing.com\/hr\/wp-json\/wp\/v2\/product"}],"about":[{"href":"https:\/\/tremunpiercing.com\/hr\/wp-json\/wp\/v2\/types\/product"}],"replies":[{"embeddable":true,"href":"https:\/\/tremunpiercing.com\/hr\/wp-json\/wp\/v2\/comments?post=8643"}],"version-history":[{"count":0,"href":"https:\/\/tremunpiercing.com\/hr\/wp-json\/wp\/v2\/product\/8643\/revisions"}],"wp:featuredmedia":[{"embeddable":true,"href":"https:\/\/tremunpiercing.com\/hr\/wp-json\/wp\/v2\/media\/8644"}],"wp:attachment":[{"href":"https:\/\/tremunpiercing.com\/hr\/wp-json\/wp\/v2\/media?parent=8643"}],"wp:term":[{"taxonomy":"product_brand","embeddable":true,"href":"https:\/\/tremunpiercing.com\/hr\/wp-json\/wp\/v2\/product_brand?post=8643"},{"taxonomy":"product_cat","embeddable":true,"href":"https:\/\/tremunpiercing.com\/hr\/wp-json\/wp\/v2\/product_cat?post=8643"},{"taxonomy":"product_tag","embeddable":true,"href":"https:\/\/tremunpiercing.com\/hr\/wp-json\/wp\/v2\/product_tag?post=8643"}],"curies":[{"name":"radni list","href":"https:\/\/api.w.org\/{rel}","templated":true}]}}