{"id":8823,"date":"2024-01-16T20:39:57","date_gmt":"2024-01-16T19:39:57","guid":{"rendered":"https:\/\/tremunpiercing.com\/?post_type=product&#038;p=8823"},"modified":"2026-04-17T15:14:22","modified_gmt":"2026-04-17T14:14:22","slug":"clap-customizable-display-vertica-base","status":"publish","type":"product","link":"https:\/\/tremunpiercing.com\/hr\/product\/clap-customizable-display-vertica-base\/","title":{"rendered":"Pljesak! Prilagodljiv zaslon \u2013 okomita baza"},"content":{"rendered":"<p>Jeste li frustrirani neredom na va\u0161oj radnoj povr\u0161ini? Va\u0161 odgovor je ovaj vertikalni stalak za izlaganje koji je baza Clap! sustava. \u017delite postaviti svoje Clap! poklopce za izlaganje to\u010dno na vrh baze. Mo\u017eete slagati poklopce dva u visinu. To vam omogu\u0107uje da poka\u017eete jo\u0161 vi\u0161e nakita bez kori\u0161tenja dodatnog prostora na pultu. To je pametan na\u010din za predstavljanje va\u0161ih najprodavanijih nau\u0161nica i prstenja. Stvorite impresivnu prezentaciju za svoje kupce sa svje\u017eim, \u010distim, modernim izgledom koji va\u0161im kupcima omogu\u0107uje da sve jasno vide.<\/p>","protected":false},"excerpt":{"rendered":"<ul>\n<li>Pljesak! Vertikalna baza<\/li>\n<li>Prilagodljiv prikaz nakita za piercing tijela<\/li>\n<li>Samo baza<\/li>\n<li>Poklopac se prodaje zasebno<\/li>\n<li>Na vrh se mogu postaviti do dva poklopca<\/li>\n<\/ul>","protected":false},"featured_media":8977,"comment_status":"closed","ping_status":"closed","template":"","meta":{"_acf_changed":false},"product_brand":[],"product_cat":[328,415,450],"product_tag":[],"class_list":{"0":"post-8823","1":"product","2":"type-product","3":"status-publish","4":"has-post-thumbnail","6":"product_cat-supplies","7":"product_cat-clap","8":"product_cat-clap-classic","10":"first","11":"instock","12":"taxable","13":"shipping-taxable","14":"purchasable","15":"product-type-simple"},"acf":[],"gallery_images":[8976,8973,8825,8829,8826,8827,8828,8972,8974,8975,9100,9101,9102],"_links":{"self":[{"href":"https:\/\/tremunpiercing.com\/hr\/wp-json\/wp\/v2\/product\/8823","targetHints":{"allow":["GET"]}}],"collection":[{"href":"https:\/\/tremunpiercing.com\/hr\/wp-json\/wp\/v2\/product"}],"about":[{"href":"https:\/\/tremunpiercing.com\/hr\/wp-json\/wp\/v2\/types\/product"}],"replies":[{"embeddable":true,"href":"https:\/\/tremunpiercing.com\/hr\/wp-json\/wp\/v2\/comments?post=8823"}],"version-history":[{"count":1,"href":"https:\/\/tremunpiercing.com\/hr\/wp-json\/wp\/v2\/product\/8823\/revisions"}],"predecessor-version":[{"id":28510,"href":"https:\/\/tremunpiercing.com\/hr\/wp-json\/wp\/v2\/product\/8823\/revisions\/28510"}],"wp:featuredmedia":[{"embeddable":true,"href":"https:\/\/tremunpiercing.com\/hr\/wp-json\/wp\/v2\/media\/8977"}],"wp:attachment":[{"href":"https:\/\/tremunpiercing.com\/hr\/wp-json\/wp\/v2\/media?parent=8823"}],"wp:term":[{"taxonomy":"product_brand","embeddable":true,"href":"https:\/\/tremunpiercing.com\/hr\/wp-json\/wp\/v2\/product_brand?post=8823"},{"taxonomy":"product_cat","embeddable":true,"href":"https:\/\/tremunpiercing.com\/hr\/wp-json\/wp\/v2\/product_cat?post=8823"},{"taxonomy":"product_tag","embeddable":true,"href":"https:\/\/tremunpiercing.com\/hr\/wp-json\/wp\/v2\/product_tag?post=8823"}],"curies":[{"name":"radni list","href":"https:\/\/api.w.org\/{rel}","templated":true}]}}