{"id":8881,"date":"2024-01-26T19:22:52","date_gmt":"2024-01-26T18:22:52","guid":{"rendered":"https:\/\/tremunpiercing.com\/?post_type=product&#038;p=8881"},"modified":"2026-04-15T15:30:26","modified_gmt":"2026-04-15T14:30:26","slug":"trinity-labradorite","status":"publish","type":"product","link":"https:\/\/tremunpiercing.com\/hr\/product\/trinity-labradorite\/","title":{"rendered":"Trojstvo Labradorit"},"content":{"rendered":"<p>Vrh od Trinity labradorita obuhva\u0107a prirodnu privla\u010dnost sjaja dragog kamenja. Ru\u010dno izra\u0111en s tri labradorita od 4,3 mm, svaki komad odra\u017eava jedinstvenu iridescentnu igru boja. Izra\u0111en od titana implantatne kvalitete (F-136) i s unutarnjim navojem 16G, ovaj nakit osigurava sigurnost i besprijekornu udobnost.<\/p>\n<p>Idealan za piercing helixa, tragusa ili \u0161koljke, uljep\u0161ava svako ure\u0111eno uho blagim misti\u010dnim sjajem. Stru\u010dnjaci za piercing cijene precizno uvo\u0111enje niti i savr\u0161enu ravnote\u017eu strukture i ljepote.<\/p>\n<p>Eteri\u010dne nijanse labradorita \u010dine ovaj komad idealnim za klijentice koje tra\u017ee profinjen, ali prirodan izgled. Trinity dizajn dodaje teksturu, dok titan pru\u017ea neusporedivu izdr\u017eljivost za svakodnevno no\u0161enje.<\/p>","protected":false},"excerpt":{"rendered":"<ul>\n<li>Unutarnji navoj<\/li>\n<li>Materijal: Titanij F-136 za implantate<\/li>\n<li>Mjera\u010d: 16G<\/li>\n<li>Dragulj: Labradorit<\/li>\n<li>Veli\u010dina: 4,3 mm<\/li>\n<\/ul>","protected":false},"featured_media":15230,"comment_status":"closed","ping_status":"closed","template":"","meta":{"_acf_changed":false},"product_brand":[],"product_cat":[340,343],"product_tag":[187,188,189,210,205,206,212,190,183,213,184,207],"class_list":{"0":"post-8881","1":"product","2":"type-product","3":"status-publish","4":"has-post-thumbnail","6":"product_cat-titanium-jewelry","7":"product_cat-tops-titanium-jewelry","8":"product_tag-conch","9":"product_tag-ear","10":"product_tag-helix","11":"product_tag-labret","12":"product_tag-lobe","13":"product_tag-lobulo","14":"product_tag-medusa","15":"product_tag-oreja","16":"product_tag-perforacion","17":"product_tag-philtrum","18":"product_tag-piercing","19":"product_tag-tragus","21":"first","22":"instock","23":"taxable","24":"shipping-taxable","25":"purchasable","26":"product-type-simple"},"acf":[],"gallery_images":[28336,28337],"_links":{"self":[{"href":"https:\/\/tremunpiercing.com\/hr\/wp-json\/wp\/v2\/product\/8881","targetHints":{"allow":["GET"]}}],"collection":[{"href":"https:\/\/tremunpiercing.com\/hr\/wp-json\/wp\/v2\/product"}],"about":[{"href":"https:\/\/tremunpiercing.com\/hr\/wp-json\/wp\/v2\/types\/product"}],"replies":[{"embeddable":true,"href":"https:\/\/tremunpiercing.com\/hr\/wp-json\/wp\/v2\/comments?post=8881"}],"version-history":[{"count":1,"href":"https:\/\/tremunpiercing.com\/hr\/wp-json\/wp\/v2\/product\/8881\/revisions"}],"predecessor-version":[{"id":28338,"href":"https:\/\/tremunpiercing.com\/hr\/wp-json\/wp\/v2\/product\/8881\/revisions\/28338"}],"wp:featuredmedia":[{"embeddable":true,"href":"https:\/\/tremunpiercing.com\/hr\/wp-json\/wp\/v2\/media\/15230"}],"wp:attachment":[{"href":"https:\/\/tremunpiercing.com\/hr\/wp-json\/wp\/v2\/media?parent=8881"}],"wp:term":[{"taxonomy":"product_brand","embeddable":true,"href":"https:\/\/tremunpiercing.com\/hr\/wp-json\/wp\/v2\/product_brand?post=8881"},{"taxonomy":"product_cat","embeddable":true,"href":"https:\/\/tremunpiercing.com\/hr\/wp-json\/wp\/v2\/product_cat?post=8881"},{"taxonomy":"product_tag","embeddable":true,"href":"https:\/\/tremunpiercing.com\/hr\/wp-json\/wp\/v2\/product_tag?post=8881"}],"curies":[{"name":"radni list","href":"https:\/\/api.w.org\/{rel}","templated":true}]}}