{"id":9119,"date":"2024-03-12T17:43:15","date_gmt":"2024-03-12T16:43:15","guid":{"rendered":"https:\/\/tremunpiercing.com\/?post_type=product&#038;p=9119"},"modified":"2026-04-14T14:12:55","modified_gmt":"2026-04-14T13:12:55","slug":"malena","status":"publish","type":"product","link":"https:\/\/tremunpiercing.com\/hr\/product\/malena\/","title":{"rendered":"Malena"},"content":{"rendered":"<p>Elegantni, briljantan i polirani, navojni vrh Malena iz Shanga Jewellery jedinstvena je opcija za nekoga tko cijeni eleganciju u svakom detalju. Izra\u0111en od 18-karatnog \u017eutog zlata, sredi\u0161nji kamen od kubnog cirkonija blista impresivnom jasno\u0107om i sjajem. S duljinom od pribli\u017eno 10 mm, Malena je kompatibilna s labret stupi\u0107ima s unutarnjim navojem od 14G (1,6 mm) za sigurne i glatke navojne veze. Elegantne proporcije Malene \u010dine je prikladnom za razne piercinge, uklju\u010duju\u0107i re\u017enjeve i hrskavicu. Dizajnirana za udobnost, Malena je izvrstan izbor za luksuzne studije koji \u017eele dodati sofisticirane zlatne detalje svom odabiru nakita.<\/p>","protected":false},"excerpt":{"rendered":"<ul>\n<li>Navojni vrh<\/li>\n<li>Materijal: \u017duto zlato 18k<\/li>\n<li>Dragulj: Kubni cirkonij<\/li>\n<li>Debljina: 14G \u2013 1,6 mm<\/li>\n<li>Kompatibilno s labret stupi\u0107ima s unutarnjim navojem od 14G<\/li>\n<li>Veli\u010dina: cca 10 mm.<\/li>\n<li>Marka: Shanga Jewellery<\/li>\n<\/ul>","protected":false},"featured_media":12788,"comment_status":"closed","ping_status":"closed","template":"","meta":{"_acf_changed":false},"product_brand":[],"product_cat":[337,398],"product_tag":[187,188,189,205,206,212,190,183,213,184,207],"class_list":{"0":"post-9119","1":"product","2":"type-product","3":"status-publish","4":"has-post-thumbnail","6":"product_cat-gold-jewelry","7":"product_cat-shanga","8":"product_tag-conch","9":"product_tag-ear","10":"product_tag-helix","11":"product_tag-lobe","12":"product_tag-lobulo","13":"product_tag-medusa","14":"product_tag-oreja","15":"product_tag-perforacion","16":"product_tag-philtrum","17":"product_tag-piercing","18":"product_tag-tragus","20":"first","21":"instock","22":"taxable","23":"shipping-taxable","24":"purchasable","25":"product-type-simple"},"acf":[],"gallery_images":[29659,29658],"_links":{"self":[{"href":"https:\/\/tremunpiercing.com\/hr\/wp-json\/wp\/v2\/product\/9119","targetHints":{"allow":["GET"]}}],"collection":[{"href":"https:\/\/tremunpiercing.com\/hr\/wp-json\/wp\/v2\/product"}],"about":[{"href":"https:\/\/tremunpiercing.com\/hr\/wp-json\/wp\/v2\/types\/product"}],"replies":[{"embeddable":true,"href":"https:\/\/tremunpiercing.com\/hr\/wp-json\/wp\/v2\/comments?post=9119"}],"version-history":[{"count":1,"href":"https:\/\/tremunpiercing.com\/hr\/wp-json\/wp\/v2\/product\/9119\/revisions"}],"predecessor-version":[{"id":29660,"href":"https:\/\/tremunpiercing.com\/hr\/wp-json\/wp\/v2\/product\/9119\/revisions\/29660"}],"wp:featuredmedia":[{"embeddable":true,"href":"https:\/\/tremunpiercing.com\/hr\/wp-json\/wp\/v2\/media\/12788"}],"wp:attachment":[{"href":"https:\/\/tremunpiercing.com\/hr\/wp-json\/wp\/v2\/media?parent=9119"}],"wp:term":[{"taxonomy":"product_brand","embeddable":true,"href":"https:\/\/tremunpiercing.com\/hr\/wp-json\/wp\/v2\/product_brand?post=9119"},{"taxonomy":"product_cat","embeddable":true,"href":"https:\/\/tremunpiercing.com\/hr\/wp-json\/wp\/v2\/product_cat?post=9119"},{"taxonomy":"product_tag","embeddable":true,"href":"https:\/\/tremunpiercing.com\/hr\/wp-json\/wp\/v2\/product_tag?post=9119"}],"curies":[{"name":"radni list","href":"https:\/\/api.w.org\/{rel}","templated":true}]}}