{"id":9127,"date":"2024-03-12T21:07:41","date_gmt":"2024-03-12T20:07:41","guid":{"rendered":"https:\/\/tremunpiercing.com\/?post_type=product&#038;p=9127"},"modified":"2026-04-14T14:02:10","modified_gmt":"2026-04-14T13:02:10","slug":"dolomitri-triangle","status":"publish","type":"product","link":"https:\/\/tremunpiercing.com\/hr\/product\/dolomitri-triangle\/","title":{"rendered":"Dolomitski trokut"},"content":{"rendered":"<p>Inspiriran geometrijom, Dolomiti Triangle tvrtke Shanga Jewellery demonstrira precizan dizajn i blistave detalje. Izra\u0111en je od 18-karatnog \u017eutog zlata i ima trokutasti oblik s briljantnim kubnim cirkonima koji hvataju svjetlost. Veli\u010dine otprilike 8 mm x 5 mm, ovaj navojni vrh sigurno pristaje na sve labretne stupi\u0107e s unutarnjim navojem, \u0161to ga \u010dini prikladnim za stvaranje profinjene estetike piercinga u spiralnim ili \u0161kolj\u010dastim polo\u017eajima.<\/p>\n<p>Dolomiti Triangle izra\u017eava Shangin prepoznatljivi ru\u010dni rad i stil. Suvremena i trajna kvaliteta zadovoljava profesionalce u svim studijima koji \u017eele imati visokokvalitetni zlatni piercing nakit.<\/p>","protected":false},"excerpt":{"rendered":"<ul>\n<li>Navojni vrh<\/li>\n<li>Materijal: \u017duto zlato 18k<\/li>\n<li>Dragulj: Kubni cirkonij<\/li>\n<li>Debljina: 14G \u2013 1,6 mm<\/li>\n<li>Kompatibilno s labret stupi\u0107ima s unutarnjim navojem od 14G<\/li>\n<li>Veli\u010dina: cca 8 mm x 5 mm.<\/li>\n<li>Marka: Shanga Jewellery<\/li>\n<\/ul>","protected":false},"featured_media":12798,"comment_status":"closed","ping_status":"closed","template":"","meta":{"_acf_changed":false},"product_brand":[],"product_cat":[337,398],"product_tag":[187,188,189,205,206,212,190,183,213,184,207],"class_list":{"0":"post-9127","1":"product","2":"type-product","3":"status-publish","4":"has-post-thumbnail","6":"product_cat-gold-jewelry","7":"product_cat-shanga","8":"product_tag-conch","9":"product_tag-ear","10":"product_tag-helix","11":"product_tag-lobe","12":"product_tag-lobulo","13":"product_tag-medusa","14":"product_tag-oreja","15":"product_tag-perforacion","16":"product_tag-philtrum","17":"product_tag-piercing","18":"product_tag-tragus","20":"first","21":"instock","22":"taxable","23":"shipping-taxable","24":"purchasable","25":"product-type-simple"},"acf":[],"gallery_images":[29653,29654],"_links":{"self":[{"href":"https:\/\/tremunpiercing.com\/hr\/wp-json\/wp\/v2\/product\/9127","targetHints":{"allow":["GET"]}}],"collection":[{"href":"https:\/\/tremunpiercing.com\/hr\/wp-json\/wp\/v2\/product"}],"about":[{"href":"https:\/\/tremunpiercing.com\/hr\/wp-json\/wp\/v2\/types\/product"}],"replies":[{"embeddable":true,"href":"https:\/\/tremunpiercing.com\/hr\/wp-json\/wp\/v2\/comments?post=9127"}],"version-history":[{"count":1,"href":"https:\/\/tremunpiercing.com\/hr\/wp-json\/wp\/v2\/product\/9127\/revisions"}],"predecessor-version":[{"id":29655,"href":"https:\/\/tremunpiercing.com\/hr\/wp-json\/wp\/v2\/product\/9127\/revisions\/29655"}],"wp:featuredmedia":[{"embeddable":true,"href":"https:\/\/tremunpiercing.com\/hr\/wp-json\/wp\/v2\/media\/12798"}],"wp:attachment":[{"href":"https:\/\/tremunpiercing.com\/hr\/wp-json\/wp\/v2\/media?parent=9127"}],"wp:term":[{"taxonomy":"product_brand","embeddable":true,"href":"https:\/\/tremunpiercing.com\/hr\/wp-json\/wp\/v2\/product_brand?post=9127"},{"taxonomy":"product_cat","embeddable":true,"href":"https:\/\/tremunpiercing.com\/hr\/wp-json\/wp\/v2\/product_cat?post=9127"},{"taxonomy":"product_tag","embeddable":true,"href":"https:\/\/tremunpiercing.com\/hr\/wp-json\/wp\/v2\/product_tag?post=9127"}],"curies":[{"name":"radni list","href":"https:\/\/api.w.org\/{rel}","templated":true}]}}