{"id":9141,"date":"2024-03-13T15:32:46","date_gmt":"2024-03-13T14:32:46","guid":{"rendered":"https:\/\/tremunpiercing.com\/?post_type=product&#038;p=9141"},"modified":"2026-04-16T14:18:59","modified_gmt":"2026-04-16T13:18:59","slug":"serena-v2","status":"publish","type":"product","link":"https:\/\/tremunpiercing.com\/hr\/product\/serena-v2\/","title":{"rendered":"Serena V2"},"content":{"rendered":"<p>Serena V2 je Shanga Jewellery navojni vrh, diplomatski ru\u010dno izra\u0111en od \u010distog 18-karatnog \u017eutog zlata s kubnim cirkonima za nevjerojatan sjaj u svom dizajnu od 8,5 mm x 8,5 mm. Izra\u0111en za unutarnji navoj 14G, Serena V2 pru\u017ea profesionalno sigurno prianjanje i najbolji mogu\u0107i postupak ugradnje. Savr\u0161en za piercing u obliku \u0161koljke, spirale ili re\u017enja, simetri\u010dni oblik Serene V2 omogu\u0107uje dodavanje ravnote\u017ee i sjaja svakom piercingu. Polirano savr\u0161enstvo - mo\u017eete vidjeti da Shanga brine o luksuzu i izradi u svakom komadu. Serena V2 prekrasna je opcija za piercing studije koji tra\u017ee ekskluzivan, ru\u010dno izra\u0111en, prepoznatljiv, vrhunski zlatni nakit.<\/p>","protected":false},"excerpt":{"rendered":"<ul>\n<li>Navojni vrh<\/li>\n<li>Materijal: Gornji dio od 18-karatnog \u017eutog zlata, igla od nehr\u0111aju\u0107eg \u010delika<\/li>\n<li>Dragulj: Kubni cirkonij<\/li>\n<li>Debljina: 14G \u2013 1,6 mm<\/li>\n<li>Kompatibilno s labret stupi\u0107ima s unutarnjim navojem od 14G<\/li>\n<li>Veli\u010dina: cca 8,5 mm x 8,5 mm.<\/li>\n<li>Marka: Shanga Jewellery<\/li>\n<\/ul>","protected":false},"featured_media":9142,"comment_status":"closed","ping_status":"closed","template":"","meta":{"_acf_changed":false},"product_brand":[],"product_cat":[337,398],"product_tag":[187,188,189,205,206,212,190,183,213,184,207],"class_list":{"0":"post-9141","1":"product","2":"type-product","3":"status-publish","4":"has-post-thumbnail","6":"product_cat-gold-jewelry","7":"product_cat-shanga","8":"product_tag-conch","9":"product_tag-ear","10":"product_tag-helix","11":"product_tag-lobe","12":"product_tag-lobulo","13":"product_tag-medusa","14":"product_tag-oreja","15":"product_tag-perforacion","16":"product_tag-philtrum","17":"product_tag-piercing","18":"product_tag-tragus","20":"first","21":"instock","22":"taxable","23":"shipping-taxable","24":"purchasable","25":"product-type-simple"},"acf":[],"gallery_images":[29647,29646],"_links":{"self":[{"href":"https:\/\/tremunpiercing.com\/hr\/wp-json\/wp\/v2\/product\/9141","targetHints":{"allow":["GET"]}}],"collection":[{"href":"https:\/\/tremunpiercing.com\/hr\/wp-json\/wp\/v2\/product"}],"about":[{"href":"https:\/\/tremunpiercing.com\/hr\/wp-json\/wp\/v2\/types\/product"}],"replies":[{"embeddable":true,"href":"https:\/\/tremunpiercing.com\/hr\/wp-json\/wp\/v2\/comments?post=9141"}],"version-history":[{"count":1,"href":"https:\/\/tremunpiercing.com\/hr\/wp-json\/wp\/v2\/product\/9141\/revisions"}],"predecessor-version":[{"id":29648,"href":"https:\/\/tremunpiercing.com\/hr\/wp-json\/wp\/v2\/product\/9141\/revisions\/29648"}],"wp:featuredmedia":[{"embeddable":true,"href":"https:\/\/tremunpiercing.com\/hr\/wp-json\/wp\/v2\/media\/9142"}],"wp:attachment":[{"href":"https:\/\/tremunpiercing.com\/hr\/wp-json\/wp\/v2\/media?parent=9141"}],"wp:term":[{"taxonomy":"product_brand","embeddable":true,"href":"https:\/\/tremunpiercing.com\/hr\/wp-json\/wp\/v2\/product_brand?post=9141"},{"taxonomy":"product_cat","embeddable":true,"href":"https:\/\/tremunpiercing.com\/hr\/wp-json\/wp\/v2\/product_cat?post=9141"},{"taxonomy":"product_tag","embeddable":true,"href":"https:\/\/tremunpiercing.com\/hr\/wp-json\/wp\/v2\/product_tag?post=9141"}],"curies":[{"name":"radni list","href":"https:\/\/api.w.org\/{rel}","templated":true}]}}