{"id":9184,"date":"2024-03-13T17:18:55","date_gmt":"2024-03-13T16:18:55","guid":{"rendered":"https:\/\/tremunpiercing.com\/?post_type=product&#038;p=9184"},"modified":"2026-04-14T13:59:00","modified_gmt":"2026-04-14T12:59:00","slug":"marquise-tetris","status":"publish","type":"product","link":"https:\/\/tremunpiercing.com\/hr\/product\/marquise-tetris\/","title":{"rendered":"Markiza Tetris"},"content":{"rendered":"<p>Marquise Tetris navojni vrh tvrtke Shanga Jewellery omogu\u0107uje geometrijski dizajn u skladu s privla\u010dnim sjajem! Izra\u0111en od 18-karatnog \u017eutog zlata s markiz bru\u0161enim kubnim cirkonima, ovaj jedinstveni slo\u017eeni vrh dizajniran je kako bi udobno pristajao bilo kojem piercingu u obliku spirale, \u0161koljke ili ravnog ruba u va\u0161oj kolekciji nakita za tijelo.<\/p>\n<p>Dizajniran za unutarnji navoj 14G, ovaj vrhunski vrh dizajniran je da bude stabilan i udoban, a istovremeno zadr\u017eava sjaj. Polirana zavr\u0161na obrada i geometrijska simetrija daju mu moderan izgled, a istovremeno mu omogu\u0107uju da se isti\u010de me\u0111u ostalim piercingima. Svaki dragulj je pri\u010dvr\u0161\u0107en na na\u010din koji maksimizira sjaj, koji je najo\u010ditiji u uhu. Ovaj prekrasan vrh ultimativni je dodatak studiju koji \u017eeli podi\u0107i kvalitetu svojih piercinga, a istovremeno nositi jedinstveno dizajniran zlatni nakit koji privla\u010di pa\u017enju.<\/p>","protected":false},"excerpt":{"rendered":"<ul>\n<li>Navojni vrh<\/li>\n<li>Materijal: \u017duto zlato 18k<\/li>\n<li>Dragulj: Kubni cirkonij<\/li>\n<li>Debljina: 14G \u2013 1,6 mm<\/li>\n<li>Kompatibilno s labret stupi\u0107ima s unutarnjim navojem od 14G<\/li>\n<li>Marka: Shanga Jewellery<\/li>\n<\/ul>","protected":false},"featured_media":13277,"comment_status":"closed","ping_status":"closed","template":"","meta":{"_acf_changed":false},"product_brand":[],"product_cat":[337,398],"product_tag":[187,188,189,205,206,212,190,183,213,184,207],"class_list":{"0":"post-9184","1":"product","2":"type-product","3":"status-publish","4":"has-post-thumbnail","6":"product_cat-gold-jewelry","7":"product_cat-shanga","8":"product_tag-conch","9":"product_tag-ear","10":"product_tag-helix","11":"product_tag-lobe","12":"product_tag-lobulo","13":"product_tag-medusa","14":"product_tag-oreja","15":"product_tag-perforacion","16":"product_tag-philtrum","17":"product_tag-piercing","18":"product_tag-tragus","20":"first","21":"instock","22":"taxable","23":"shipping-taxable","24":"purchasable","25":"product-type-simple"},"acf":[],"gallery_images":[29650,29649],"_links":{"self":[{"href":"https:\/\/tremunpiercing.com\/hr\/wp-json\/wp\/v2\/product\/9184","targetHints":{"allow":["GET"]}}],"collection":[{"href":"https:\/\/tremunpiercing.com\/hr\/wp-json\/wp\/v2\/product"}],"about":[{"href":"https:\/\/tremunpiercing.com\/hr\/wp-json\/wp\/v2\/types\/product"}],"replies":[{"embeddable":true,"href":"https:\/\/tremunpiercing.com\/hr\/wp-json\/wp\/v2\/comments?post=9184"}],"version-history":[{"count":2,"href":"https:\/\/tremunpiercing.com\/hr\/wp-json\/wp\/v2\/product\/9184\/revisions"}],"predecessor-version":[{"id":29652,"href":"https:\/\/tremunpiercing.com\/hr\/wp-json\/wp\/v2\/product\/9184\/revisions\/29652"}],"wp:featuredmedia":[{"embeddable":true,"href":"https:\/\/tremunpiercing.com\/hr\/wp-json\/wp\/v2\/media\/13277"}],"wp:attachment":[{"href":"https:\/\/tremunpiercing.com\/hr\/wp-json\/wp\/v2\/media?parent=9184"}],"wp:term":[{"taxonomy":"product_brand","embeddable":true,"href":"https:\/\/tremunpiercing.com\/hr\/wp-json\/wp\/v2\/product_brand?post=9184"},{"taxonomy":"product_cat","embeddable":true,"href":"https:\/\/tremunpiercing.com\/hr\/wp-json\/wp\/v2\/product_cat?post=9184"},{"taxonomy":"product_tag","embeddable":true,"href":"https:\/\/tremunpiercing.com\/hr\/wp-json\/wp\/v2\/product_tag?post=9184"}],"curies":[{"name":"radni list","href":"https:\/\/api.w.org\/{rel}","templated":true}]}}