{"id":9556,"date":"2024-06-04T14:43:40","date_gmt":"2024-06-04T13:43:40","guid":{"rendered":"https:\/\/tremunpiercing.com\/?post_type=product&#038;p=9556"},"modified":"2026-04-17T15:14:21","modified_gmt":"2026-04-17T14:14:21","slug":"clap-luxury-costumizable-display-horizontal-base","status":"publish","type":"product","link":"https:\/\/tremunpiercing.com\/hr\/product\/clap-luxury-costumizable-display-horizontal-base\/","title":{"rendered":"CLAP! LUKSUZ \u2013 Prilagodljiv zaslon \u2013 Horizontalna baza"},"content":{"rendered":"<p>CLAP! Luksuzna prilagodljiva horizontalna baza za nakit je vrhunska platforma za izradu profesionalnog izlo\u017ebenog prostora za nakit koji se lako prilago\u0111ava va\u0161im potrebama. Ova svestrana baza savr\u0161ena je za piercing studije, veletrgovce i trgovce. Nakon \u0161to kupite elegantnu bazu, mo\u017ee se koristiti za smje\u0161taj do \u010detiri izmjenjiva poklopca i njihovo metodi\u010dno izlaganje. Izra\u0111ena od kvalitetnih materijala i izgra\u0111ena za \u010dvrsto\u0107u i izdr\u017eljivost, ova baza \u0107e nakit \u010duvati na sigurnom i izlagati na najbolji mogu\u0107i na\u010din. Ovaj stil horizontalnog izlaganja omogu\u0107uje jasan pregled kolekcija nakita poput nakita za piercing i savr\u0161en je dodatak radnoj povr\u0161ini, izlo\u017ebi ili izlo\u017ebi u trgovini.<\/p>\n<p>Iako se poklopci kupuju odvojeno od baze, imat \u0107ete potpunu fleksibilnost u stvaranju savr\u0161ene kombinacije prikaza koji \u0107e najbolje odgovarati va\u0161em inventaru (na primjer, \u0161ipke za utege, prstenje na \u0161arke ili vrhovi od dragog kamenja). Predstavite sofisticiranu sliku brenda svojim kupcima sustavom prikaza koji je kontinuirano funkcionalan kako va\u0161e poslovanje raste. Ovaj sustav prikaza je prakti\u010dan, zabavan, elegantan i svestran; idealan jedinstveni sustav prikaza za profesionalce u piercingu koji tra\u017ee nevjerojatne mogu\u0107nosti prezentacije.<\/p>","protected":false},"excerpt":{"rendered":"<ul>\n<li>Pljesak! Horizontalna baza<\/li>\n<li>Prilagodljiv prikaz nakita za piercing tijela<\/li>\n<li>Samo baza<\/li>\n<li>Poklopci se prodaju zasebno<\/li>\n<li>Na vrh se mogu postaviti do \u010detiri poklopca<\/li>\n<\/ul>","protected":false},"featured_media":9557,"comment_status":"closed","ping_status":"closed","template":"","meta":{"_acf_changed":false},"product_brand":[],"product_cat":[328,415,457],"product_tag":[],"class_list":{"0":"post-9556","1":"product","2":"type-product","3":"status-publish","4":"has-post-thumbnail","6":"product_cat-supplies","7":"product_cat-clap","8":"product_cat-clap-luxury","10":"first","11":"instock","12":"taxable","13":"shipping-taxable","14":"purchasable","15":"product-type-simple"},"acf":[],"gallery_images":[9558,9559,9560,9561,9562,9563,9564],"_links":{"self":[{"href":"https:\/\/tremunpiercing.com\/hr\/wp-json\/wp\/v2\/product\/9556","targetHints":{"allow":["GET"]}}],"collection":[{"href":"https:\/\/tremunpiercing.com\/hr\/wp-json\/wp\/v2\/product"}],"about":[{"href":"https:\/\/tremunpiercing.com\/hr\/wp-json\/wp\/v2\/types\/product"}],"replies":[{"embeddable":true,"href":"https:\/\/tremunpiercing.com\/hr\/wp-json\/wp\/v2\/comments?post=9556"}],"version-history":[{"count":1,"href":"https:\/\/tremunpiercing.com\/hr\/wp-json\/wp\/v2\/product\/9556\/revisions"}],"predecessor-version":[{"id":28501,"href":"https:\/\/tremunpiercing.com\/hr\/wp-json\/wp\/v2\/product\/9556\/revisions\/28501"}],"wp:featuredmedia":[{"embeddable":true,"href":"https:\/\/tremunpiercing.com\/hr\/wp-json\/wp\/v2\/media\/9557"}],"wp:attachment":[{"href":"https:\/\/tremunpiercing.com\/hr\/wp-json\/wp\/v2\/media?parent=9556"}],"wp:term":[{"taxonomy":"product_brand","embeddable":true,"href":"https:\/\/tremunpiercing.com\/hr\/wp-json\/wp\/v2\/product_brand?post=9556"},{"taxonomy":"product_cat","embeddable":true,"href":"https:\/\/tremunpiercing.com\/hr\/wp-json\/wp\/v2\/product_cat?post=9556"},{"taxonomy":"product_tag","embeddable":true,"href":"https:\/\/tremunpiercing.com\/hr\/wp-json\/wp\/v2\/product_tag?post=9556"}],"curies":[{"name":"radni list","href":"https:\/\/api.w.org\/{rel}","templated":true}]}}