{"id":10139,"date":"2024-08-21T21:07:20","date_gmt":"2024-08-21T20:07:20","guid":{"rendered":"https:\/\/tremunpiercing.com\/?post_type=product&#038;p=10139"},"modified":"2026-04-14T13:11:28","modified_gmt":"2026-04-14T12:11:28","slug":"alisea-4-with-bullets-copy","status":"publish","type":"product","link":"https:\/\/tremunpiercing.com\/it\/product\/alisea-4-with-bullets-copy\/","title":{"rendered":"Panarea"},"content":{"rendered":"<p>Introducete l'eleganza di ispirazione italiana nella vostra offerta di piercing con il Panarea di Shanga Jewellery! Questa parte superiore filettata \u00e8 realizzata in oro giallo 18 carati di alta qualit\u00e0 ed \u00e8 dotata di bellissime pietre di zirconia cubica che brilleranno in qualsiasi luce o scena! Disponibile in diverse misure, Panarea offre flessibilit\u00e0 per varie opzioni di posizionamento, dalla cartilagine dell'orecchio alle narici o ai piercing alle labbra. Panarea \u00e8 realizzato per adattarsi saldamente ai piercing a labret con filettatura sia da 16G che da 14G, assicurando cos\u00ec una vestibilit\u00e0 e un'affidabilit\u00e0 professionali, oltre a risultare leggero e confortevole per i vostri clienti. Lo stile senza fili consente di cambiare i gioielli in tutta sicurezza.<\/p>\n<p>I materiali lussuosi e il design elegante di Panarea ne fanno un elemento di design importante per qualsiasi studio di piercing e\/o rivenditore di gioielli che offra ai propri clienti un modo per aggiungere eleganza o qualcosa di speciale ai propri gioielli per il corpo. Robusto, ipoallergenico ed elegante, questo pezzo \u00e8 tanto versatile quanto semplice!<\/p>","protected":false},"excerpt":{"rendered":"<ul>\n<li>Parte superiore filettata<\/li>\n<li>Materiale: Oro giallo 18k<\/li>\n<li>Gemma: Zircone cubico<\/li>\n<li>Compatibile con le aste per labret da 16G e 14G<\/li>\n<li>Dimensioni: Grande - Piccolo<\/li>\n<li>Marchio: Shanga Gioielli<\/li>\n<\/ul>","protected":false},"featured_media":10142,"comment_status":"closed","ping_status":"closed","template":"","meta":{"_acf_changed":false},"product_brand":[],"product_cat":[337,398],"product_tag":[187,188,189,205,206,212,190,183,213,184,207],"class_list":{"0":"post-10139","1":"product","2":"type-product","3":"status-publish","4":"has-post-thumbnail","6":"product_cat-gold-jewelry","7":"product_cat-shanga","8":"product_tag-conch","9":"product_tag-ear","10":"product_tag-helix","11":"product_tag-lobe","12":"product_tag-lobulo","13":"product_tag-medusa","14":"product_tag-oreja","15":"product_tag-perforacion","16":"product_tag-philtrum","17":"product_tag-piercing","18":"product_tag-tragus","20":"first","21":"instock","22":"featured","23":"taxable","24":"shipping-taxable","25":"purchasable","26":"product-type-variable"},"acf":[],"gallery_images":[29636,29635],"_links":{"self":[{"href":"https:\/\/tremunpiercing.com\/it\/wp-json\/wp\/v2\/product\/10139","targetHints":{"allow":["GET"]}}],"collection":[{"href":"https:\/\/tremunpiercing.com\/it\/wp-json\/wp\/v2\/product"}],"about":[{"href":"https:\/\/tremunpiercing.com\/it\/wp-json\/wp\/v2\/types\/product"}],"replies":[{"embeddable":true,"href":"https:\/\/tremunpiercing.com\/it\/wp-json\/wp\/v2\/comments?post=10139"}],"version-history":[{"count":1,"href":"https:\/\/tremunpiercing.com\/it\/wp-json\/wp\/v2\/product\/10139\/revisions"}],"predecessor-version":[{"id":29637,"href":"https:\/\/tremunpiercing.com\/it\/wp-json\/wp\/v2\/product\/10139\/revisions\/29637"}],"wp:featuredmedia":[{"embeddable":true,"href":"https:\/\/tremunpiercing.com\/it\/wp-json\/wp\/v2\/media\/10142"}],"wp:attachment":[{"href":"https:\/\/tremunpiercing.com\/it\/wp-json\/wp\/v2\/media?parent=10139"}],"wp:term":[{"taxonomy":"product_brand","embeddable":true,"href":"https:\/\/tremunpiercing.com\/it\/wp-json\/wp\/v2\/product_brand?post=10139"},{"taxonomy":"product_cat","embeddable":true,"href":"https:\/\/tremunpiercing.com\/it\/wp-json\/wp\/v2\/product_cat?post=10139"},{"taxonomy":"product_tag","embeddable":true,"href":"https:\/\/tremunpiercing.com\/it\/wp-json\/wp\/v2\/product_tag?post=10139"}],"curies":[{"name":"wp","href":"https:\/\/api.w.org\/{rel}","templated":true}]}}