{"id":10146,"date":"2024-08-21T21:37:08","date_gmt":"2024-08-21T20:37:08","guid":{"rendered":"https:\/\/tremunpiercing.com\/?post_type=product&#038;p=10146"},"modified":"2026-02-18T00:55:36","modified_gmt":"2026-02-17T23:55:36","slug":"square-alisea-4-with-bullets","status":"publish","type":"product","link":"https:\/\/tremunpiercing.com\/it\/product\/square-alisea-4-with-bullets\/","title":{"rendered":"Alisea quadrata 4 con proiettili"},"content":{"rendered":"<p>Combinando design contemporaneo e lusso senza tempo, il modello Square Alisea 4 With Bullets di Shanga Jewellery \u00e8 realizzato in oro giallo 18 carati. La parte superiore del perno senza fili presenta pietre di zirconia cubica scintillanti incastonate in una forma quadrata con accenti dettagliati di proiettili. Le misure incluse consentono ai piercer di personalizzare il proprio stile e il proprio posizionamento sui clienti. Il sistema di montaggio senza fili, che \u00e8 sicuro e fornisce due opzioni per la compatibilit\u00e0 di Jones con i perni per labret senza fili da 16G e 14G, \u00e8 utile per l'uso sulla scrivania.<\/p>\n<p>Il modello Square Alisea 4 \u00e8 un eccellente gioiello per le orecchie, per le labbra e per tutti coloro che desiderano gioielli pi\u00f9 grandi ed eccezionali. Il materiale anallergico in oro consente di tenere conto del comfort e dell'estetica nel processo di progettazione. Un'ottima aggiunta per gli studi di piercing e i rivenditori, il modello Square Alisea 4 rappresenta un'opzione moderna ed elegante per i gioielli in zirconia cubica di qualit\u00e0. Perfettamente adatto a qualsiasi collezione professionale, pu\u00f2 essere indossato come pezzo a s\u00e9 stante o abbinato ad altri gioielli.<\/p>","protected":false},"excerpt":{"rendered":"<ul>\n<li>Senza filettatura - Top con perno di spinta<\/li>\n<li>Materiale: Oro giallo 18k, perno inossidabile<\/li>\n<li>Gemma: Zircone cubico<\/li>\n<li>Compatibile con i perni per labret senza filettatura da 16G e 14G<\/li>\n<li>Dimensioni: Grande - Piccolo<\/li>\n<li>Marchio: Shanga Gioielli<\/li>\n<\/ul>","protected":false},"featured_media":10149,"comment_status":"closed","ping_status":"closed","template":"","meta":{"_acf_changed":false},"product_brand":[],"product_cat":[337,398],"product_tag":[187,188,189,205,206,212,190,183,213,184,207],"class_list":{"0":"post-10146","1":"product","2":"type-product","3":"status-publish","4":"has-post-thumbnail","6":"product_cat-gold-jewelry","7":"product_cat-shanga","8":"product_tag-conch","9":"product_tag-ear","10":"product_tag-helix","11":"product_tag-lobe","12":"product_tag-lobulo","13":"product_tag-medusa","14":"product_tag-oreja","15":"product_tag-perforacion","16":"product_tag-philtrum","17":"product_tag-piercing","18":"product_tag-tragus","20":"first","21":"instock","22":"taxable","23":"shipping-taxable","24":"product-type-variable"},"acf":[],"gallery_images":[],"_links":{"self":[{"href":"https:\/\/tremunpiercing.com\/it\/wp-json\/wp\/v2\/product\/10146","targetHints":{"allow":["GET"]}}],"collection":[{"href":"https:\/\/tremunpiercing.com\/it\/wp-json\/wp\/v2\/product"}],"about":[{"href":"https:\/\/tremunpiercing.com\/it\/wp-json\/wp\/v2\/types\/product"}],"replies":[{"embeddable":true,"href":"https:\/\/tremunpiercing.com\/it\/wp-json\/wp\/v2\/comments?post=10146"}],"version-history":[{"count":0,"href":"https:\/\/tremunpiercing.com\/it\/wp-json\/wp\/v2\/product\/10146\/revisions"}],"wp:featuredmedia":[{"embeddable":true,"href":"https:\/\/tremunpiercing.com\/it\/wp-json\/wp\/v2\/media\/10149"}],"wp:attachment":[{"href":"https:\/\/tremunpiercing.com\/it\/wp-json\/wp\/v2\/media?parent=10146"}],"wp:term":[{"taxonomy":"product_brand","embeddable":true,"href":"https:\/\/tremunpiercing.com\/it\/wp-json\/wp\/v2\/product_brand?post=10146"},{"taxonomy":"product_cat","embeddable":true,"href":"https:\/\/tremunpiercing.com\/it\/wp-json\/wp\/v2\/product_cat?post=10146"},{"taxonomy":"product_tag","embeddable":true,"href":"https:\/\/tremunpiercing.com\/it\/wp-json\/wp\/v2\/product_tag?post=10146"}],"curies":[{"name":"wp","href":"https:\/\/api.w.org\/{rel}","templated":true}]}}