{"id":10157,"date":"2024-08-22T15:05:05","date_gmt":"2024-08-22T14:05:05","guid":{"rendered":"https:\/\/tremunpiercing.com\/?post_type=product&#038;p=10157"},"modified":"2025-12-04T16:10:04","modified_gmt":"2025-12-04T15:10:04","slug":"venezia","status":"publish","type":"product","link":"https:\/\/tremunpiercing.com\/it\/product\/venezia\/","title":{"rendered":"Venezia"},"content":{"rendered":"<p>Il top senza fili Venezia di Shanga Jewellery \u00e8 una bellissima aggiunta a qualsiasi piercing e porter\u00e0 sicuramente un'eleganza di ispirazione italiana nel vostro portagioie. Il push pin Venezia \u00e8 realizzato in oro giallo 18 carati e presenta pietre di zirconia cubica abbaglianti. Il Venezia \u00e8 disponibile in due misure: grande (5,4 mm x 4 mm) e piccolo (3,9 mm x 2,9 mm), per adattarsi al vostro gusto personale o al posizionamento preferito dei vostri gioielli. La sicura clausola filettata crea una vestibilit\u00e0 sicura e confortevole sia per il piercer che per il cliente, consentendo al contempo un semplice cambio di gioielli. Il top senza fili Venezia \u00e8 compatibile con i perni per labret senza fili 16G e 14G e si adatta a un'ampia variet\u00e0 di piercing, tra cui labbra, orecchie e narici.<\/p>\n<p>La classica combinazione di oro e pietre ne fa un pezzo solido per gli studi che desiderano avere in magazzino gioielli premium e ipoallergenici che soddisfino gli standard professionali. La finitura lussuosa e il design ben realizzato del Venezia lo rendono un prodotto piacevole per i rivenditori di piercing e i professionisti alla ricerca di top in oro pregiato che i clienti apprezzeranno.<\/p>","protected":false},"excerpt":{"rendered":"<ul>\n<li>Senza filettatura - Top con perno di spinta<\/li>\n<li>Materiale: Oro giallo 18k, perno inossidabile<\/li>\n<li>Gemma: Zircone cubico<\/li>\n<li>Compatibile con i perni per labret senza filettatura da 16G e 14G<\/li>\n<li>Dimensioni: Grande 5,4 mm x 4 mm - Piccola 3,9 mm x 2,9 mm<\/li>\n<li>Marchio: Shanga Gioielli<\/li>\n<\/ul>","protected":false},"featured_media":10160,"comment_status":"closed","ping_status":"closed","template":"","meta":{"_acf_changed":false},"product_brand":[],"product_cat":[337,398],"product_tag":[187,188,189,205,206,212,190,183,213,184,207],"class_list":{"0":"post-10157","1":"product","2":"type-product","3":"status-publish","4":"has-post-thumbnail","6":"product_cat-gold-jewelry","7":"product_cat-shanga","8":"product_tag-conch","9":"product_tag-ear","10":"product_tag-helix","11":"product_tag-lobe","12":"product_tag-lobulo","13":"product_tag-medusa","14":"product_tag-oreja","15":"product_tag-perforacion","16":"product_tag-philtrum","17":"product_tag-piercing","18":"product_tag-tragus","20":"first","21":"instock","22":"taxable","23":"shipping-taxable","24":"product-type-variable"},"acf":[],"gallery_images":[],"_links":{"self":[{"href":"https:\/\/tremunpiercing.com\/it\/wp-json\/wp\/v2\/product\/10157","targetHints":{"allow":["GET"]}}],"collection":[{"href":"https:\/\/tremunpiercing.com\/it\/wp-json\/wp\/v2\/product"}],"about":[{"href":"https:\/\/tremunpiercing.com\/it\/wp-json\/wp\/v2\/types\/product"}],"replies":[{"embeddable":true,"href":"https:\/\/tremunpiercing.com\/it\/wp-json\/wp\/v2\/comments?post=10157"}],"version-history":[{"count":0,"href":"https:\/\/tremunpiercing.com\/it\/wp-json\/wp\/v2\/product\/10157\/revisions"}],"wp:featuredmedia":[{"embeddable":true,"href":"https:\/\/tremunpiercing.com\/it\/wp-json\/wp\/v2\/media\/10160"}],"wp:attachment":[{"href":"https:\/\/tremunpiercing.com\/it\/wp-json\/wp\/v2\/media?parent=10157"}],"wp:term":[{"taxonomy":"product_brand","embeddable":true,"href":"https:\/\/tremunpiercing.com\/it\/wp-json\/wp\/v2\/product_brand?post=10157"},{"taxonomy":"product_cat","embeddable":true,"href":"https:\/\/tremunpiercing.com\/it\/wp-json\/wp\/v2\/product_cat?post=10157"},{"taxonomy":"product_tag","embeddable":true,"href":"https:\/\/tremunpiercing.com\/it\/wp-json\/wp\/v2\/product_tag?post=10157"}],"curies":[{"name":"wp","href":"https:\/\/api.w.org\/{rel}","templated":true}]}}