{"id":10179,"date":"2024-08-22T20:38:18","date_gmt":"2024-08-22T19:38:18","guid":{"rendered":"https:\/\/tremunpiercing.com\/?post_type=product&#038;p=10179"},"modified":"2026-04-14T10:55:03","modified_gmt":"2026-04-14T09:55:03","slug":"baguette-double-point","status":"publish","type":"product","link":"https:\/\/tremunpiercing.com\/it\/product\/baguette-double-point\/","title":{"rendered":"Baguette a doppia punta"},"content":{"rendered":"<p>Il Baguette Double Point di Shanga Jewelry \u00e8 un elegante top di gioielleria senza fili progettato per il vostro piercer o per il piercer del vostro cliente! Il top in oro giallo 18 carati \u00e8 di tipo push-pin con dimensioni di 2,9 mm x 5,5 mm e presenta una bellissima pietra baguette in zirconia cubica incastonata a doppia punta. L'accuratezza del design moderno elever\u00e0 qualsiasi piercing grazie allo stile deciso.<\/p>\n<p>Minimalista e lussuosa, la doppia punta a baguette \u00e8 uno degli stili pi\u00f9 apprezzati dai clienti che preferiscono un look pulito e contemporaneo. La parte superiore \u00e8 adatta a perni per labret senza fili da 16G e 14G e pu\u00f2 essere indossata in posizioni quali narice, trago, elice e lobi con comodit\u00e0 e facilit\u00e0. Per gli acquirenti all'ingrosso e in studio, la baguette a doppia punta \u00e8 un prodotto di alta qualit\u00e0 che \u00e8 funzionale, migliora l'inventario ed \u00e8 la scelta migliore tra i piercer e i clienti.<\/p>","protected":false},"excerpt":{"rendered":"<ul>\n<li>Top senza fili<\/li>\n<li>Materiale: Oro giallo 18k<\/li>\n<li>Dimensioni: 2,9 mm x 5,5 mm<\/li>\n<li>Gemma: Zircone cubico<\/li>\n<li>Compatibile con i perni per labret senza filettatura da 16G e 14G<\/li>\n<li>Marchio: Shanga Gioielli<\/li>\n<\/ul>","protected":false},"featured_media":12792,"comment_status":"closed","ping_status":"closed","template":"","meta":{"_acf_changed":false},"product_brand":[],"product_cat":[337,398],"product_tag":[187,188,189,205,206,212,190,183,213,184,207],"class_list":{"0":"post-10179","1":"product","2":"type-product","3":"status-publish","4":"has-post-thumbnail","6":"product_cat-gold-jewelry","7":"product_cat-shanga","8":"product_tag-conch","9":"product_tag-ear","10":"product_tag-helix","11":"product_tag-lobe","12":"product_tag-lobulo","13":"product_tag-medusa","14":"product_tag-oreja","15":"product_tag-perforacion","16":"product_tag-philtrum","17":"product_tag-piercing","18":"product_tag-tragus","20":"first","21":"instock","22":"featured","23":"taxable","24":"shipping-taxable","25":"purchasable","26":"product-type-simple"},"acf":[],"gallery_images":[29615,29614],"_links":{"self":[{"href":"https:\/\/tremunpiercing.com\/it\/wp-json\/wp\/v2\/product\/10179","targetHints":{"allow":["GET"]}}],"collection":[{"href":"https:\/\/tremunpiercing.com\/it\/wp-json\/wp\/v2\/product"}],"about":[{"href":"https:\/\/tremunpiercing.com\/it\/wp-json\/wp\/v2\/types\/product"}],"replies":[{"embeddable":true,"href":"https:\/\/tremunpiercing.com\/it\/wp-json\/wp\/v2\/comments?post=10179"}],"version-history":[{"count":1,"href":"https:\/\/tremunpiercing.com\/it\/wp-json\/wp\/v2\/product\/10179\/revisions"}],"predecessor-version":[{"id":28960,"href":"https:\/\/tremunpiercing.com\/it\/wp-json\/wp\/v2\/product\/10179\/revisions\/28960"}],"wp:featuredmedia":[{"embeddable":true,"href":"https:\/\/tremunpiercing.com\/it\/wp-json\/wp\/v2\/media\/12792"}],"wp:attachment":[{"href":"https:\/\/tremunpiercing.com\/it\/wp-json\/wp\/v2\/media?parent=10179"}],"wp:term":[{"taxonomy":"product_brand","embeddable":true,"href":"https:\/\/tremunpiercing.com\/it\/wp-json\/wp\/v2\/product_brand?post=10179"},{"taxonomy":"product_cat","embeddable":true,"href":"https:\/\/tremunpiercing.com\/it\/wp-json\/wp\/v2\/product_cat?post=10179"},{"taxonomy":"product_tag","embeddable":true,"href":"https:\/\/tremunpiercing.com\/it\/wp-json\/wp\/v2\/product_tag?post=10179"}],"curies":[{"name":"wp","href":"https:\/\/api.w.org\/{rel}","templated":true}]}}