{"id":10187,"date":"2024-08-22T20:59:17","date_gmt":"2024-08-22T19:59:17","guid":{"rendered":"https:\/\/tremunpiercing.com\/?post_type=product&#038;p=10187"},"modified":"2026-04-14T10:42:56","modified_gmt":"2026-04-14T09:42:56","slug":"timanfaya-with-beads","status":"publish","type":"product","link":"https:\/\/tremunpiercing.com\/it\/product\/timanfaya-with-beads\/","title":{"rendered":"Timanfaya con perline"},"content":{"rendered":"<p>Il Timanfaya With Beads di Shanga Jewellery \u00e8 un esclusivo top senza fili creato per chi ama i gioielli con personalit\u00e0 ed eleganza. Realizzato in lussuoso oro giallo 18 carati, questo top a pressione di 5,1 mm x 5,9 mm presenta splendide gemme di zirconia cubica incastonate in una delicata disposizione di perline d'oro abbinate. Questo design crea un look unico e strutturato, che raggiunge il giusto equilibrio tra scintillio ed eleganza.<\/p>\n<p>Progettato per adattarsi a perni da 16G e 14G, questo articolo pu\u00f2 essere utilizzato con fiducia a livello professionale. Il top Timanfaya With Beads, essendo un pezzo versatile, \u00e8 adatto per il trago, l'elice, il lobo e la cartilagine e piacer\u00e0 sicuramente ai clienti che cercano un design audace e una bella qualit\u00e0. Gli acquirenti all'ingrosso e gli studi possono offrire il Timanfaya With Beads ai loro clienti come collezione in modo distinto, diventando pi\u00f9 attraente negli espositori di piercing. I dettagli e la lavorazione pulita di questo pezzo riflettono il lusso e la creativit\u00e0 necessari per essere un articolo degno di nota per la vendita al dettaglio di gioielli per il corpo e per impressionare i vostri clienti.<\/p>","protected":false},"excerpt":{"rendered":"<ul>\n<li>Top senza fili<\/li>\n<li>Materiale: Oro giallo 18k<\/li>\n<li>Dimensioni: 5,1 mm x 5,9 mm<\/li>\n<li>Gemma: Zircone cubico<\/li>\n<li>Compatibile con i perni a pressione da 16G e 14G<\/li>\n<li>Marchio: Shanga Gioielli<\/li>\n<\/ul>","protected":false},"featured_media":10188,"comment_status":"closed","ping_status":"closed","template":"","meta":{"_acf_changed":false},"product_brand":[],"product_cat":[337,398],"product_tag":[187,188,189,205,206,212,190,183,213,184,207],"class_list":{"0":"post-10187","1":"product","2":"type-product","3":"status-publish","4":"has-post-thumbnail","6":"product_cat-gold-jewelry","7":"product_cat-shanga","8":"product_tag-conch","9":"product_tag-ear","10":"product_tag-helix","11":"product_tag-lobe","12":"product_tag-lobulo","13":"product_tag-medusa","14":"product_tag-oreja","15":"product_tag-perforacion","16":"product_tag-philtrum","17":"product_tag-piercing","18":"product_tag-tragus","20":"first","21":"instock","22":"taxable","23":"shipping-taxable","24":"purchasable","25":"product-type-simple"},"acf":[],"gallery_images":[29612,29611],"_links":{"self":[{"href":"https:\/\/tremunpiercing.com\/it\/wp-json\/wp\/v2\/product\/10187","targetHints":{"allow":["GET"]}}],"collection":[{"href":"https:\/\/tremunpiercing.com\/it\/wp-json\/wp\/v2\/product"}],"about":[{"href":"https:\/\/tremunpiercing.com\/it\/wp-json\/wp\/v2\/types\/product"}],"replies":[{"embeddable":true,"href":"https:\/\/tremunpiercing.com\/it\/wp-json\/wp\/v2\/comments?post=10187"}],"version-history":[{"count":1,"href":"https:\/\/tremunpiercing.com\/it\/wp-json\/wp\/v2\/product\/10187\/revisions"}],"predecessor-version":[{"id":29613,"href":"https:\/\/tremunpiercing.com\/it\/wp-json\/wp\/v2\/product\/10187\/revisions\/29613"}],"wp:featuredmedia":[{"embeddable":true,"href":"https:\/\/tremunpiercing.com\/it\/wp-json\/wp\/v2\/media\/10188"}],"wp:attachment":[{"href":"https:\/\/tremunpiercing.com\/it\/wp-json\/wp\/v2\/media?parent=10187"}],"wp:term":[{"taxonomy":"product_brand","embeddable":true,"href":"https:\/\/tremunpiercing.com\/it\/wp-json\/wp\/v2\/product_brand?post=10187"},{"taxonomy":"product_cat","embeddable":true,"href":"https:\/\/tremunpiercing.com\/it\/wp-json\/wp\/v2\/product_cat?post=10187"},{"taxonomy":"product_tag","embeddable":true,"href":"https:\/\/tremunpiercing.com\/it\/wp-json\/wp\/v2\/product_tag?post=10187"}],"curies":[{"name":"wp","href":"https:\/\/api.w.org\/{rel}","templated":true}]}}