{"id":12668,"date":"2024-12-19T01:38:03","date_gmt":"2024-12-19T00:38:03","guid":{"rendered":"https:\/\/tremunpiercing.com\/?post_type=product&#038;p=12668"},"modified":"2026-04-18T10:25:47","modified_gmt":"2026-04-18T09:25:47","slug":"micro-labret-push-pin-post-only-base-3mm","status":"publish","type":"product","link":"https:\/\/tremunpiercing.com\/it\/product\/micro-labret-push-pin-post-only-base-3mm\/","title":{"rendered":"Perno di spinta per micro-laboratorio (SOLO POST) (base 3 mm)"},"content":{"rendered":"<p>Il perno Micro Labret Push Pin \u00e8 un complemento essenziale per tutti gli studi di piercing professionali. Pensato specificamente per i top push pin, questo perno \u00e8 prodotto con titanio di prima qualit\u00e0 (F-136) che offre sicurezza, durata e biocompatibilit\u00e0 per ogni tipo di pelle. Disponibile in una larghezza sottile di 20G gauge e in lunghezze di 5 mm, 6 mm o 7 mm, si pu\u00f2 mescolare e abbinare come si vuole a seconda del posizionamento del piercing che il cliente preferisce. Il perno Micro Labret Push Pin \u00e8 universale per quasi tutti i clienti, con l'ulteriore vantaggio di offrire un comfort eccezionale durante il processo di guarigione. Con una base piatta di 3 mm, il perno Micro Labret Push Pin rimane comodamente posizionato contro la pelle, offrendo comunque una tenuta stabile e poco irritante.<\/p>\n<p>Il Micro Labret Push Pin \u00e8 solo perno, il che consente al piercer l'opportunit\u00e0 di combinare e abbinare con il catalogo di accessori push pin disponibili, che \u00e8 ci\u00f2 che ogni piercer cerca in una collezione di gioielli. Il fatto che il labret sia realizzato in titanio leggero ma resistente \u00e8 un'altra ragione per cui gli esperti di piercing di tutto il mondo si affidano ai loro micro labret per le loro propriet\u00e0 anallergiche e la loro durata. Sono un'altra grande opzione all'ingrosso per il vostro studio, negozio di tatuaggi o rivenditore che desidera ampliare il proprio inventario di piercing di qualit\u00e0 con risultati di livello professionale.<\/p>","protected":false},"excerpt":{"rendered":"<ul>\n<li>Pin di spinta<\/li>\n<li>Compatibile solo con gli accessori a spinta<\/li>\n<li>Materiale: Titanio di grado implantare F-136<\/li>\n<li>Calibro: 20G<\/li>\n<li>Lunghezza: 5 mm, 6 mm, 7 mm<\/li>\n<li>Diametro della base: 3 mm<\/li>\n<\/ul>","protected":false},"featured_media":15054,"comment_status":"closed","ping_status":"closed","template":"","meta":{"_acf_changed":false},"product_brand":[],"product_cat":[340,344],"product_tag":[187,188,189,210,211,205,206,212,190,183,213,184,293,207],"class_list":{"0":"post-12668","1":"product","2":"type-product","3":"status-publish","4":"has-post-thumbnail","6":"product_cat-titanium-jewelry","7":"product_cat-labret-titanium-jeawelry","8":"product_tag-conch","9":"product_tag-ear","10":"product_tag-helix","11":"product_tag-labret","12":"product_tag-lip","13":"product_tag-lobe","14":"product_tag-lobulo","15":"product_tag-medusa","16":"product_tag-oreja","17":"product_tag-perforacion","18":"product_tag-philtrum","19":"product_tag-piercing","20":"product_tag-push-pin","21":"product_tag-tragus","23":"first","24":"instock","25":"taxable","26":"shipping-taxable","27":"purchasable","28":"product-type-variable"},"acf":[],"gallery_images":[15055,15053,15052],"_links":{"self":[{"href":"https:\/\/tremunpiercing.com\/it\/wp-json\/wp\/v2\/product\/12668","targetHints":{"allow":["GET"]}}],"collection":[{"href":"https:\/\/tremunpiercing.com\/it\/wp-json\/wp\/v2\/product"}],"about":[{"href":"https:\/\/tremunpiercing.com\/it\/wp-json\/wp\/v2\/types\/product"}],"replies":[{"embeddable":true,"href":"https:\/\/tremunpiercing.com\/it\/wp-json\/wp\/v2\/comments?post=12668"}],"version-history":[{"count":0,"href":"https:\/\/tremunpiercing.com\/it\/wp-json\/wp\/v2\/product\/12668\/revisions"}],"wp:featuredmedia":[{"embeddable":true,"href":"https:\/\/tremunpiercing.com\/it\/wp-json\/wp\/v2\/media\/15054"}],"wp:attachment":[{"href":"https:\/\/tremunpiercing.com\/it\/wp-json\/wp\/v2\/media?parent=12668"}],"wp:term":[{"taxonomy":"product_brand","embeddable":true,"href":"https:\/\/tremunpiercing.com\/it\/wp-json\/wp\/v2\/product_brand?post=12668"},{"taxonomy":"product_cat","embeddable":true,"href":"https:\/\/tremunpiercing.com\/it\/wp-json\/wp\/v2\/product_cat?post=12668"},{"taxonomy":"product_tag","embeddable":true,"href":"https:\/\/tremunpiercing.com\/it\/wp-json\/wp\/v2\/product_tag?post=12668"}],"curies":[{"name":"wp","href":"https:\/\/api.w.org\/{rel}","templated":true}]}}