{"id":13047,"date":"2025-01-10T17:35:50","date_gmt":"2025-01-10T16:35:50","guid":{"rendered":"https:\/\/tremunpiercing.com\/?post_type=product&#038;p=13047"},"modified":"2026-04-13T10:55:40","modified_gmt":"2026-04-13T09:55:40","slug":"microflower-white-gold","status":"publish","type":"product","link":"https:\/\/tremunpiercing.com\/it\/product\/microflower-white-gold\/","title":{"rendered":"Oro bianco microfiore"},"content":{"rendered":"<p>Il Microflower White Gold \u00e8 un articolo raffinato e sofisticato realizzato da Shanga Jewellery. \u00c8 stato progettato per i professionisti che amano le collezioni di gioielli per il corpo pi\u00f9 eleganti e sofisticate, pur avendo un pezzo di gioielleria per il corpo molto funzionale e pratico. \u00c8 realizzato in oro bianco 18 carati e ha una parte superiore senza fili a pressione che funziona con i perni del labret senza fili da 16G o 14G. \u00c8 ideale per tutti i tipi di piercing. Presenta scintillanti gemme di zirconia cubica con fiori di 4 mm per aggiungere un tocco finale di eleganza ai piercing alla cartilagine, al trago o al lobo. Gli studi di piercing e i rivenditori apprezzeranno il fatto che si tratta di un design completamente privo di fili, il che significa che pu\u00f2 essere fissato in modo rapido e semplice sui clienti e che \u00e8 molto comodo anche per loro.<\/p>\n<p>Il Microflower \u00e8 realizzato in oro 18 carati di prima qualit\u00e0, che garantisce una lucentezza duratura e la biocompatibilit\u00e0 per i clienti che desiderano un'esperienza di gioielleria di lusso. Questo articolo \u00e8 stato un best-seller anno dopo anno, combinando stile, durata e sicurezza in un classico che lo rende un oggetto di gioielleria per il corpo indispensabile per le collezioni professionali.<\/p>","protected":false},"excerpt":{"rendered":"<ul>\n<li>Top senza filettatura - Perno inox 25ga<\/li>\n<li>Materiale: Oro bianco 18k<\/li>\n<li>Gemma: Zircone cubico<\/li>\n<li>Compatibile con i perni per labret senza filettatura da 16G e 14G<\/li>\n<li>Dimensioni: 4 mm circa<\/li>\n<li>Marchio: Shanga Gioielli<\/li>\n<\/ul>","protected":false},"featured_media":13050,"comment_status":"closed","ping_status":"closed","template":"","meta":{"_acf_changed":false},"product_brand":[],"product_cat":[337,398],"product_tag":[187,188,189,205,206,212,190,183,213,184,207],"class_list":{"0":"post-13047","1":"product","2":"type-product","3":"status-publish","4":"has-post-thumbnail","6":"product_cat-gold-jewelry","7":"product_cat-shanga","8":"product_tag-conch","9":"product_tag-ear","10":"product_tag-helix","11":"product_tag-lobe","12":"product_tag-lobulo","13":"product_tag-medusa","14":"product_tag-oreja","15":"product_tag-perforacion","16":"product_tag-philtrum","17":"product_tag-piercing","18":"product_tag-tragus","20":"first","21":"instock","22":"taxable","23":"shipping-taxable","24":"purchasable","25":"product-type-simple"},"acf":[],"gallery_images":[29522,29523],"_links":{"self":[{"href":"https:\/\/tremunpiercing.com\/it\/wp-json\/wp\/v2\/product\/13047","targetHints":{"allow":["GET"]}}],"collection":[{"href":"https:\/\/tremunpiercing.com\/it\/wp-json\/wp\/v2\/product"}],"about":[{"href":"https:\/\/tremunpiercing.com\/it\/wp-json\/wp\/v2\/types\/product"}],"replies":[{"embeddable":true,"href":"https:\/\/tremunpiercing.com\/it\/wp-json\/wp\/v2\/comments?post=13047"}],"version-history":[{"count":1,"href":"https:\/\/tremunpiercing.com\/it\/wp-json\/wp\/v2\/product\/13047\/revisions"}],"predecessor-version":[{"id":28943,"href":"https:\/\/tremunpiercing.com\/it\/wp-json\/wp\/v2\/product\/13047\/revisions\/28943"}],"wp:featuredmedia":[{"embeddable":true,"href":"https:\/\/tremunpiercing.com\/it\/wp-json\/wp\/v2\/media\/13050"}],"wp:attachment":[{"href":"https:\/\/tremunpiercing.com\/it\/wp-json\/wp\/v2\/media?parent=13047"}],"wp:term":[{"taxonomy":"product_brand","embeddable":true,"href":"https:\/\/tremunpiercing.com\/it\/wp-json\/wp\/v2\/product_brand?post=13047"},{"taxonomy":"product_cat","embeddable":true,"href":"https:\/\/tremunpiercing.com\/it\/wp-json\/wp\/v2\/product_cat?post=13047"},{"taxonomy":"product_tag","embeddable":true,"href":"https:\/\/tremunpiercing.com\/it\/wp-json\/wp\/v2\/product_tag?post=13047"}],"curies":[{"name":"wp","href":"https:\/\/api.w.org\/{rel}","templated":true}]}}