{"id":13240,"date":"2025-01-14T21:16:32","date_gmt":"2025-01-14T20:16:32","guid":{"rendered":"https:\/\/tremunpiercing.com\/?post_type=product&#038;p=13240"},"modified":"2026-04-10T22:54:09","modified_gmt":"2026-04-10T21:54:09","slug":"heartweb","status":"publish","type":"product","link":"https:\/\/tremunpiercing.com\/it\/product\/heartweb\/","title":{"rendered":"Cuoreweb"},"content":{"rendered":"<h2 data-start=\"1393\" data-end=\"1442\">Heartweb - Gioielli con piercing al cuore in titanio<\/h2>\n<p>Il nostro gioiello da piercing Heartweb ha un design unico a forma di cuore ed \u00e8 realizzato in titanio F-136 di grado implantare. Il HeartWebTiny \u00e8 cos\u00ec leggero e biocompatibile che pesa solo 7 mm x 6,5 mm.Questo gioiello \u00e8 cos\u00ec elegante e audace ed \u00e8 adatto a qualsiasi collezione di piercing.Il nostro modello ha un perno con filettatura interna da 16G, che consente a voi e ai clienti di fidarsi dell'adattamento da parte del piercer.Questa bellissima struttura funziona fantasticamente come gioiello per i vari piercing all'orecchio, tra cui helix, conch, lobo, ecc.<\/p>\n<p>L'Heartweb per tutti gli studi e i rivenditori \u00e8 un'aggiunta formidabile per i negozi che cercano versatilit\u00e0 nella loro collezione di gioielli. La finitura in titanio lucido assicura che l'Heartweb conservi la sua lucentezza senza appannarsi per molto tempo. Gli studi lo apprezzano perch\u00e9 creiamo i nostri pezzi pensando ai professionisti del piercing, offrendo ai clienti una scelta unica di gioielli per piercing al di fuori dei modelli \u201cordinari\u201d.<\/p>","protected":false},"excerpt":{"rendered":"<ul>\n<li>Filettato internamente<\/li>\n<li>Materiale: Titanio di grado implantare F-136<\/li>\n<li>Calibro: 16G<\/li>\n<li>Dimensioni: 7 mm x 6,5 mm<\/li>\n<\/ul>","protected":false},"featured_media":18201,"comment_status":"closed","ping_status":"closed","template":"","meta":{"_acf_changed":false},"product_brand":[],"product_cat":[340,343],"product_tag":[187,188,189,205,206,212,190,183,213,184,207],"class_list":{"0":"post-13240","1":"product","2":"type-product","3":"status-publish","4":"has-post-thumbnail","6":"product_cat-titanium-jewelry","7":"product_cat-tops-titanium-jewelry","8":"product_tag-conch","9":"product_tag-ear","10":"product_tag-helix","11":"product_tag-lobe","12":"product_tag-lobulo","13":"product_tag-medusa","14":"product_tag-oreja","15":"product_tag-perforacion","16":"product_tag-philtrum","17":"product_tag-piercing","18":"product_tag-tragus","20":"first","21":"instock","22":"taxable","23":"shipping-taxable","24":"purchasable","25":"product-type-simple"},"acf":[],"gallery_images":[27987,27988],"_links":{"self":[{"href":"https:\/\/tremunpiercing.com\/it\/wp-json\/wp\/v2\/product\/13240","targetHints":{"allow":["GET"]}}],"collection":[{"href":"https:\/\/tremunpiercing.com\/it\/wp-json\/wp\/v2\/product"}],"about":[{"href":"https:\/\/tremunpiercing.com\/it\/wp-json\/wp\/v2\/types\/product"}],"replies":[{"embeddable":true,"href":"https:\/\/tremunpiercing.com\/it\/wp-json\/wp\/v2\/comments?post=13240"}],"version-history":[{"count":1,"href":"https:\/\/tremunpiercing.com\/it\/wp-json\/wp\/v2\/product\/13240\/revisions"}],"predecessor-version":[{"id":27990,"href":"https:\/\/tremunpiercing.com\/it\/wp-json\/wp\/v2\/product\/13240\/revisions\/27990"}],"wp:featuredmedia":[{"embeddable":true,"href":"https:\/\/tremunpiercing.com\/it\/wp-json\/wp\/v2\/media\/18201"}],"wp:attachment":[{"href":"https:\/\/tremunpiercing.com\/it\/wp-json\/wp\/v2\/media?parent=13240"}],"wp:term":[{"taxonomy":"product_brand","embeddable":true,"href":"https:\/\/tremunpiercing.com\/it\/wp-json\/wp\/v2\/product_brand?post=13240"},{"taxonomy":"product_cat","embeddable":true,"href":"https:\/\/tremunpiercing.com\/it\/wp-json\/wp\/v2\/product_cat?post=13240"},{"taxonomy":"product_tag","embeddable":true,"href":"https:\/\/tremunpiercing.com\/it\/wp-json\/wp\/v2\/product_tag?post=13240"}],"curies":[{"name":"wp","href":"https:\/\/api.w.org\/{rel}","templated":true}]}}