{"id":13625,"date":"2025-02-07T18:27:12","date_gmt":"2025-02-07T17:27:12","guid":{"rendered":"https:\/\/tremunpiercing.com\/?post_type=product&#038;p=13625"},"modified":"2026-04-18T09:35:16","modified_gmt":"2026-04-18T08:35:16","slug":"threadless-insertion-pin-steel","status":"publish","type":"product","link":"https:\/\/tremunpiercing.com\/it\/product\/threadless-insertion-pin-steel\/","title":{"rendered":"Perno di inserimento senza filettatura (acciaio)"},"content":{"rendered":"<h2>Perno di inserimento senza filettatura in acciaio<\/h2>\n<p>Il perno di inserimento senza fili in acciaio \u00e8 uno strumento professionale affidabile e progettato per aiutare i piercer a inserire facilmente i gioielli senza fili. Costruito in acciaio di qualit\u00e0, il perno di inserimento ha una lunghezza di 30 mm e un calibro di 18G (1 mm) per guidare il gioiello senza fili nel piercing. La superficie levigata \u00e8 sufficientemente liscia da permettere al gioiello di essere inserito e rimosso facilmente, riducendo al contempo la potenziale irritazione durante l'inserimento o la sostituzione del gioiello. Il perno di inserimento in acciaio \u00e8 resistente e facile da sterilizzare ed \u00e8 progettato per resistere ai rigori di un utilizzo multiplo in studi ad alta frequentazione. Oltre a essere forte e durevole, il perno di inserimento in acciaio consente ai professionisti di ottenere precisione e controllo, offrendo al cliente un'esperienza senza problemi. Oltre a essere pratico, \u00e8 anche economico ed efficiente, un must per ogni studio di piercing. Non solo il perno di inserimento senza fili in acciaio offre funzionalit\u00e0 e valore, ma tale valore \u00e8 pari alla qualit\u00e0 artigianale che pu\u00f2 aiutare i piercer a fornire servizi sicuri e professionali ogni volta.<\/p>","protected":false},"excerpt":{"rendered":"<ul>\n<li>Perno di inserimento senza filettatura<\/li>\n<li>Materiale: Acciaio<\/li>\n<li>Calibro: 18G - 1mm<\/li>\n<li>Lunghezza: 30 mm<\/li>\n<\/ul>","protected":false},"featured_media":7187,"comment_status":"closed","ping_status":"closed","template":"","meta":{"_acf_changed":false},"product_brand":[],"product_cat":[328,374],"product_tag":[313,314,311,279,312],"class_list":{"0":"post-13625","1":"product","2":"type-product","3":"status-publish","4":"has-post-thumbnail","6":"product_cat-supplies","7":"product_cat-tools","8":"product_tag-herramientas","9":"product_tag-insercion","10":"product_tag-insertion-pin","11":"product_tag-supplies","12":"product_tag-supply","14":"first","15":"instock","16":"taxable","17":"shipping-taxable","18":"purchasable","19":"product-type-simple"},"acf":[],"gallery_images":[7185,7186],"_links":{"self":[{"href":"https:\/\/tremunpiercing.com\/it\/wp-json\/wp\/v2\/product\/13625","targetHints":{"allow":["GET"]}}],"collection":[{"href":"https:\/\/tremunpiercing.com\/it\/wp-json\/wp\/v2\/product"}],"about":[{"href":"https:\/\/tremunpiercing.com\/it\/wp-json\/wp\/v2\/types\/product"}],"replies":[{"embeddable":true,"href":"https:\/\/tremunpiercing.com\/it\/wp-json\/wp\/v2\/comments?post=13625"}],"version-history":[{"count":1,"href":"https:\/\/tremunpiercing.com\/it\/wp-json\/wp\/v2\/product\/13625\/revisions"}],"predecessor-version":[{"id":29817,"href":"https:\/\/tremunpiercing.com\/it\/wp-json\/wp\/v2\/product\/13625\/revisions\/29817"}],"wp:featuredmedia":[{"embeddable":true,"href":"https:\/\/tremunpiercing.com\/it\/wp-json\/wp\/v2\/media\/7187"}],"wp:attachment":[{"href":"https:\/\/tremunpiercing.com\/it\/wp-json\/wp\/v2\/media?parent=13625"}],"wp:term":[{"taxonomy":"product_brand","embeddable":true,"href":"https:\/\/tremunpiercing.com\/it\/wp-json\/wp\/v2\/product_brand?post=13625"},{"taxonomy":"product_cat","embeddable":true,"href":"https:\/\/tremunpiercing.com\/it\/wp-json\/wp\/v2\/product_cat?post=13625"},{"taxonomy":"product_tag","embeddable":true,"href":"https:\/\/tremunpiercing.com\/it\/wp-json\/wp\/v2\/product_tag?post=13625"}],"curies":[{"name":"wp","href":"https:\/\/api.w.org\/{rel}","templated":true}]}}