{"id":15607,"date":"2025-04-14T16:55:18","date_gmt":"2025-04-14T15:55:18","guid":{"rendered":"https:\/\/tremunpiercing.com\/?post_type=product&#038;p=15607"},"modified":"2026-03-23T12:17:17","modified_gmt":"2026-03-23T11:17:17","slug":"septum-clicker-tina-emerald","status":"publish","type":"product","link":"https:\/\/tremunpiercing.com\/it\/product\/septum-clicker-tina-emerald\/","title":{"rendered":"Clicker per setto Tina Emerald"},"content":{"rendered":"<p>Il Tina Emerald Septum Clicker \u00e8 un elegante anello clicker realizzato per i professionisti del piercing, gli studi e i distributori all'ingrosso. Realizzato in titanio F-136 di grado implantare, \u00e8 ipoallergenico per garantire la sicurezza per tutta la durata del piercing, e durer\u00e0 pi\u00f9 a lungo senza alcun rischio di corrosione, rendendolo l'opzione ideale per i clienti con pelle sensibile. Il Tina Emerald ha un diametro di 10 mm, un calibro 16G, una lunghezza del clicker di 7 mm ed \u00e8 dotato di una gemma in zirconia cubica color smeraldo di 4 mm.<\/p>\n<p>La forma ricorda due rami semicircolari che formano una maglia. Si tratta di un accessorio indispensabile per l'abbigliamento professionale, con un sistema di chiusura affidabile, e sar\u00e0 un buon pezzo per tutti i giorni. La vivacit\u00e0 della gemma di zirconia cubica color smeraldo non passa inosservata, creando un bel colore pop che attira lo sguardo. Il Septum Clicker \u00e8 uno dei preferiti dai clienti che preferiscono opzioni pi\u00f9 forti ed eleganti, e non deluder\u00e0.<\/p>","protected":false},"excerpt":{"rendered":"<ul>\n<li>Anello a scatto<\/li>\n<li>Materiale: Titanio di grado implantare F-136<\/li>\n<li>Diametro: 10 mm<\/li>\n<li>Calibro: 16G<\/li>\n<li>Lunghezza del pulsante: 7 mm<\/li>\n<li>Gemma: Zircone cubico<\/li>\n<\/ul>","protected":false},"featured_media":16177,"comment_status":"closed","ping_status":"closed","template":"","meta":{"_acf_changed":false},"product_brand":[],"product_cat":[341,340],"product_tag":[192,193,202,179,180,194,188,189,195,196,226,190,183,184,197,198],"class_list":{"0":"post-15607","1":"product","2":"type-product","3":"status-publish","4":"has-post-thumbnail","6":"product_cat-rings-titanium-jewelry","7":"product_cat-titanium-jewelry","8":"product_tag-anillo","9":"product_tag-argolla","10":"product_tag-clicker","11":"product_tag-cristal","12":"product_tag-cz","13":"product_tag-daith","14":"product_tag-ear","15":"product_tag-helix","16":"product_tag-hinged-ring","17":"product_tag-nariz","18":"product_tag-opal","19":"product_tag-oreja","20":"product_tag-perforacion","21":"product_tag-piercing","22":"product_tag-ring","23":"product_tag-septum","25":"first","26":"instock","27":"taxable","28":"shipping-taxable","29":"purchasable","30":"product-type-simple"},"acf":[],"gallery_images":[27787,27788],"_links":{"self":[{"href":"https:\/\/tremunpiercing.com\/it\/wp-json\/wp\/v2\/product\/15607","targetHints":{"allow":["GET"]}}],"collection":[{"href":"https:\/\/tremunpiercing.com\/it\/wp-json\/wp\/v2\/product"}],"about":[{"href":"https:\/\/tremunpiercing.com\/it\/wp-json\/wp\/v2\/types\/product"}],"replies":[{"embeddable":true,"href":"https:\/\/tremunpiercing.com\/it\/wp-json\/wp\/v2\/comments?post=15607"}],"version-history":[{"count":1,"href":"https:\/\/tremunpiercing.com\/it\/wp-json\/wp\/v2\/product\/15607\/revisions"}],"predecessor-version":[{"id":27789,"href":"https:\/\/tremunpiercing.com\/it\/wp-json\/wp\/v2\/product\/15607\/revisions\/27789"}],"wp:featuredmedia":[{"embeddable":true,"href":"https:\/\/tremunpiercing.com\/it\/wp-json\/wp\/v2\/media\/16177"}],"wp:attachment":[{"href":"https:\/\/tremunpiercing.com\/it\/wp-json\/wp\/v2\/media?parent=15607"}],"wp:term":[{"taxonomy":"product_brand","embeddable":true,"href":"https:\/\/tremunpiercing.com\/it\/wp-json\/wp\/v2\/product_brand?post=15607"},{"taxonomy":"product_cat","embeddable":true,"href":"https:\/\/tremunpiercing.com\/it\/wp-json\/wp\/v2\/product_cat?post=15607"},{"taxonomy":"product_tag","embeddable":true,"href":"https:\/\/tremunpiercing.com\/it\/wp-json\/wp\/v2\/product_tag?post=15607"}],"curies":[{"name":"wp","href":"https:\/\/api.w.org\/{rel}","templated":true}]}}