{"id":15637,"date":"2025-04-14T18:00:32","date_gmt":"2025-04-14T17:00:32","guid":{"rendered":"https:\/\/tremunpiercing.com\/?post_type=product&#038;p=15637"},"modified":"2026-04-15T15:30:54","modified_gmt":"2026-04-15T14:30:54","slug":"lilbit-push-pin-amethyst","status":"publish","type":"product","link":"https:\/\/tremunpiercing.com\/it\/product\/lilbit-push-pin-amethyst\/","title":{"rendered":"Lilbit Push Pin Ametista"},"content":{"rendered":"<p>Il Lilbit Push Pin Amethyst \u00e8 uno splendido gioiello che creer\u00e0 una piccola esplosione di colore per elevare qualsiasi collezione di piercing con una tonalit\u00e0 splendidamente ricca, ispirata alle pietre preziose. Il design \u00e8 stato creato utilizzando titanio di grado medico F-136, quindi sicuro, ipoallergenico e super resistente. La scintillante gemma di zirconia cubica ametista riflette magnificamente la luce e lo rende un pezzo preferito dai clienti che prediligono stili eleganti ma luminosi.<\/p>\n<p>Questo pezzo pu\u00f2 essere utilizzato solo con labret push pin ed \u00e8 disponibile in diversi diametri (1,5 mm-3 mm), il che offre agli studi professionali una preziosa versatilit\u00e0 e affidabilit\u00e0. Questo pezzo \u00e8 una valida aggiunta da parte di un produttore affidabile e fornisce ai clienti un'eccellente gioielleria che soddisfa il loro desiderio di sicurezza e stile.<\/p>","protected":false},"excerpt":{"rendered":"<ul>\n<li>Accessorio per spinotti<\/li>\n<li>Campatibile solo con labrets a spinta<\/li>\n<li>Materiale: Titanio di grado implantare F-136<\/li>\n<li>Calibro: 25G<\/li>\n<li>Diametri: 1,5 mm - 2 mm - 2,5 mm - 3 mm<\/li>\n<li>Gemma: Zirconia cubica<\/li>\n<\/ul>","protected":false},"featured_media":15642,"comment_status":"closed","ping_status":"closed","template":"","meta":{"_acf_changed":false},"product_brand":[],"product_cat":[340,343],"product_tag":[218,295,296,187,188,189,205,206,212,190,183,213,184,297,294,207],"class_list":{"0":"post-15637","1":"product","2":"type-product","3":"status-publish","4":"has-post-thumbnail","6":"product_cat-titanium-jewelry","7":"product_cat-tops-titanium-jewelry","8":"product_tag-ball","9":"product_tag-bola","10":"product_tag-bolita","11":"product_tag-conch","12":"product_tag-ear","13":"product_tag-helix","14":"product_tag-lobe","15":"product_tag-lobulo","16":"product_tag-medusa","17":"product_tag-oreja","18":"product_tag-perforacion","19":"product_tag-philtrum","20":"product_tag-piercing","21":"product_tag-repuesto","22":"product_tag-spare","23":"product_tag-tragus","25":"first","26":"instock","27":"taxable","28":"shipping-taxable","29":"purchasable","30":"product-type-variable"},"acf":[],"gallery_images":[27772,27771],"_links":{"self":[{"href":"https:\/\/tremunpiercing.com\/it\/wp-json\/wp\/v2\/product\/15637","targetHints":{"allow":["GET"]}}],"collection":[{"href":"https:\/\/tremunpiercing.com\/it\/wp-json\/wp\/v2\/product"}],"about":[{"href":"https:\/\/tremunpiercing.com\/it\/wp-json\/wp\/v2\/types\/product"}],"replies":[{"embeddable":true,"href":"https:\/\/tremunpiercing.com\/it\/wp-json\/wp\/v2\/comments?post=15637"}],"version-history":[{"count":1,"href":"https:\/\/tremunpiercing.com\/it\/wp-json\/wp\/v2\/product\/15637\/revisions"}],"predecessor-version":[{"id":27775,"href":"https:\/\/tremunpiercing.com\/it\/wp-json\/wp\/v2\/product\/15637\/revisions\/27775"}],"wp:featuredmedia":[{"embeddable":true,"href":"https:\/\/tremunpiercing.com\/it\/wp-json\/wp\/v2\/media\/15642"}],"wp:attachment":[{"href":"https:\/\/tremunpiercing.com\/it\/wp-json\/wp\/v2\/media?parent=15637"}],"wp:term":[{"taxonomy":"product_brand","embeddable":true,"href":"https:\/\/tremunpiercing.com\/it\/wp-json\/wp\/v2\/product_brand?post=15637"},{"taxonomy":"product_cat","embeddable":true,"href":"https:\/\/tremunpiercing.com\/it\/wp-json\/wp\/v2\/product_cat?post=15637"},{"taxonomy":"product_tag","embeddable":true,"href":"https:\/\/tremunpiercing.com\/it\/wp-json\/wp\/v2\/product_tag?post=15637"}],"curies":[{"name":"wp","href":"https:\/\/api.w.org\/{rel}","templated":true}]}}