{"id":15655,"date":"2025-04-14T18:13:13","date_gmt":"2025-04-14T17:13:13","guid":{"rendered":"https:\/\/tremunpiercing.com\/?post_type=product&#038;p=15655"},"modified":"2026-04-16T15:34:03","modified_gmt":"2026-04-16T14:34:03","slug":"lilbit-push-pin-lavander","status":"publish","type":"product","link":"https:\/\/tremunpiercing.com\/it\/product\/lilbit-push-pin-lavander\/","title":{"rendered":"Lilbit Push Pin Lavanda"},"content":{"rendered":"<p>Il Lilbit Push Pin Lavender \u00e8 un accessorio di qualit\u00e0 realizzato appositamente per piercer e studi professionali. Questo push pin ipoallergenico \u00e8 realizzato in titanio F-136 di grado implantare, per garantire la massima sicurezza e il massimo comfort (e probabilmente l'opzione migliore se avete un cliente con la pelle sensibile). Il bel colore lavanda brilla con un delizioso accento di zircone lavanda. Questo accessorio \u00e8 facile da indossare tutti i giorni e rappresenta un piccolo aggiornamento per qualsiasi piercing all'orecchio.<\/p>\n<p>Disponibile in diversi diametri (1,5 mm-3 mm), questo perno di spinta pu\u00f2 essere personalizzato per tutti i diversi tipi di piercing, compreso un solido e sicuro tuffo con perno di spinta. <a href=\"https:\/\/tremunpiercing.com\/product-category\/titanium-jewelry\/labret-titanium-jeawelry\/\">labrets<\/a>. Aggiungete questa gemma di lavanda alla vostra collezione e offrite ai vostri clienti gioielli sicuri e di livello medico da uno dei migliori fornitori all'ingrosso.<\/p>","protected":false},"excerpt":{"rendered":"<ul>\n<li>Accessorio per spinotti<\/li>\n<li>Campatibile solo con labrets a spinta<\/li>\n<li>Materiale: Titanio di grado implantare F-136<\/li>\n<li>Calibro: 25G<\/li>\n<li>Diametri: 1,5 mm - 2 mm - 2,5 mm - 3 mm<\/li>\n<li>Gemma: Zirconia cubica<\/li>\n<\/ul>","protected":false},"featured_media":15660,"comment_status":"closed","ping_status":"closed","template":"","meta":{"_acf_changed":false},"product_brand":[],"product_cat":[340,343],"product_tag":[218,295,296,187,188,189,205,206,212,190,183,213,184,297,294,207],"class_list":{"0":"post-15655","1":"product","2":"type-product","3":"status-publish","4":"has-post-thumbnail","6":"product_cat-titanium-jewelry","7":"product_cat-tops-titanium-jewelry","8":"product_tag-ball","9":"product_tag-bola","10":"product_tag-bolita","11":"product_tag-conch","12":"product_tag-ear","13":"product_tag-helix","14":"product_tag-lobe","15":"product_tag-lobulo","16":"product_tag-medusa","17":"product_tag-oreja","18":"product_tag-perforacion","19":"product_tag-philtrum","20":"product_tag-piercing","21":"product_tag-repuesto","22":"product_tag-spare","23":"product_tag-tragus","25":"first","26":"instock","27":"taxable","28":"shipping-taxable","29":"purchasable","30":"product-type-variable"},"acf":[],"gallery_images":[27759,27758],"_links":{"self":[{"href":"https:\/\/tremunpiercing.com\/it\/wp-json\/wp\/v2\/product\/15655","targetHints":{"allow":["GET"]}}],"collection":[{"href":"https:\/\/tremunpiercing.com\/it\/wp-json\/wp\/v2\/product"}],"about":[{"href":"https:\/\/tremunpiercing.com\/it\/wp-json\/wp\/v2\/types\/product"}],"replies":[{"embeddable":true,"href":"https:\/\/tremunpiercing.com\/it\/wp-json\/wp\/v2\/comments?post=15655"}],"version-history":[{"count":1,"href":"https:\/\/tremunpiercing.com\/it\/wp-json\/wp\/v2\/product\/15655\/revisions"}],"predecessor-version":[{"id":27764,"href":"https:\/\/tremunpiercing.com\/it\/wp-json\/wp\/v2\/product\/15655\/revisions\/27764"}],"wp:featuredmedia":[{"embeddable":true,"href":"https:\/\/tremunpiercing.com\/it\/wp-json\/wp\/v2\/media\/15660"}],"wp:attachment":[{"href":"https:\/\/tremunpiercing.com\/it\/wp-json\/wp\/v2\/media?parent=15655"}],"wp:term":[{"taxonomy":"product_brand","embeddable":true,"href":"https:\/\/tremunpiercing.com\/it\/wp-json\/wp\/v2\/product_brand?post=15655"},{"taxonomy":"product_cat","embeddable":true,"href":"https:\/\/tremunpiercing.com\/it\/wp-json\/wp\/v2\/product_cat?post=15655"},{"taxonomy":"product_tag","embeddable":true,"href":"https:\/\/tremunpiercing.com\/it\/wp-json\/wp\/v2\/product_tag?post=15655"}],"curies":[{"name":"wp","href":"https:\/\/api.w.org\/{rel}","templated":true}]}}