{"id":15785,"date":"2025-04-15T18:07:44","date_gmt":"2025-04-15T17:07:44","guid":{"rendered":"https:\/\/tremunpiercing.com\/?post_type=product&#038;p=15785"},"modified":"2026-04-17T17:06:28","modified_gmt":"2026-04-17T16:06:28","slug":"dermal-top-sw-crystal-amethyst","status":"publish","type":"product","link":"https:\/\/tremunpiercing.com\/it\/product\/dermal-top-sw-crystal-amethyst\/","title":{"rendered":"Dermal Top - Cristallo SW Ametista"},"content":{"rendered":"<p>Il Dermal Top - SW Crystal Amethyst \u00e8 un prodotto eccellente per i body piercer che cercano gioielli per il corpo sicuri e di alta qualit\u00e0. Realizzato in titanio F-136 di grado Implant, \u00e8 ipoallergenico, resistente e adatto all'uso da parte dei professionisti del body piercing. \u00c8 filettato internamente, il che significa che pu\u00f2 essere applicato senza problemi ai piercing del corpo e fissato correttamente. Questo lo rende ideale per i piercing dermici posizionati sotto la superficie della pelle in diverse aree del corpo e le dimensioni lo rendono flessibile per gli studi e i clienti. Il cristallo SW Amethyst aggiunge una finitura viola intenso, simile a quella reale, con un colore vibrante che far\u00e0 la gioia dei vostri clienti.<\/p>","protected":false},"excerpt":{"rendered":"<ul>\n<li>Filettato internamente<\/li>\n<li>Materiale: Titanio di grado implantare F-136<\/li>\n<li>Diametro: 2,5 mm - 3 mm - 4 mm - 5 mm<\/li>\n<li>Calibro: 16G - 14G<\/li>\n<\/ul>","protected":false},"featured_media":15798,"comment_status":"closed","ping_status":"closed","template":"","meta":{"_acf_changed":false},"product_brand":[],"product_cat":[442,340,343],"product_tag":[187,215,216,188,189,210,211,212,190,183,213,184,207],"class_list":{"0":"post-15785","1":"product","2":"type-product","3":"status-publish","4":"has-post-thumbnail","6":"product_cat-sw","7":"product_cat-titanium-jewelry","8":"product_cat-tops-titanium-jewelry","9":"product_tag-conch","10":"product_tag-dermal-top","11":"product_tag-disc","12":"product_tag-ear","13":"product_tag-helix","14":"product_tag-labret","15":"product_tag-lip","16":"product_tag-medusa","17":"product_tag-oreja","18":"product_tag-perforacion","19":"product_tag-philtrum","20":"product_tag-piercing","21":"product_tag-tragus","23":"first","24":"instock","25":"taxable","26":"shipping-taxable","27":"purchasable","28":"product-type-variable"},"acf":[],"gallery_images":[27719,27718],"_links":{"self":[{"href":"https:\/\/tremunpiercing.com\/it\/wp-json\/wp\/v2\/product\/15785","targetHints":{"allow":["GET"]}}],"collection":[{"href":"https:\/\/tremunpiercing.com\/it\/wp-json\/wp\/v2\/product"}],"about":[{"href":"https:\/\/tremunpiercing.com\/it\/wp-json\/wp\/v2\/types\/product"}],"replies":[{"embeddable":true,"href":"https:\/\/tremunpiercing.com\/it\/wp-json\/wp\/v2\/comments?post=15785"}],"version-history":[{"count":1,"href":"https:\/\/tremunpiercing.com\/it\/wp-json\/wp\/v2\/product\/15785\/revisions"}],"predecessor-version":[{"id":27720,"href":"https:\/\/tremunpiercing.com\/it\/wp-json\/wp\/v2\/product\/15785\/revisions\/27720"}],"wp:featuredmedia":[{"embeddable":true,"href":"https:\/\/tremunpiercing.com\/it\/wp-json\/wp\/v2\/media\/15798"}],"wp:attachment":[{"href":"https:\/\/tremunpiercing.com\/it\/wp-json\/wp\/v2\/media?parent=15785"}],"wp:term":[{"taxonomy":"product_brand","embeddable":true,"href":"https:\/\/tremunpiercing.com\/it\/wp-json\/wp\/v2\/product_brand?post=15785"},{"taxonomy":"product_cat","embeddable":true,"href":"https:\/\/tremunpiercing.com\/it\/wp-json\/wp\/v2\/product_cat?post=15785"},{"taxonomy":"product_tag","embeddable":true,"href":"https:\/\/tremunpiercing.com\/it\/wp-json\/wp\/v2\/product_tag?post=15785"}],"curies":[{"name":"wp","href":"https:\/\/api.w.org\/{rel}","templated":true}]}}