{"id":16219,"date":"2025-04-22T19:19:26","date_gmt":"2025-04-22T18:19:26","guid":{"rendered":"https:\/\/tremunpiercing.com\/?post_type=product&#038;p=16219"},"modified":"2026-04-19T22:08:39","modified_gmt":"2026-04-19T21:08:39","slug":"circular-barbell-big-gauge","status":"publish","type":"product","link":"https:\/\/tremunpiercing.com\/it\/product\/circular-barbell-big-gauge\/","title":{"rendered":"Bilanciere circolare di grandi dimensioni"},"content":{"rendered":"<p data-pm-slice=\"1 1 []\">Il bilanciere circolare Big Gauge \u00e8 realizzato in titanio di grado F-136, che offre la migliore resistenza, la migliore sicurezza e le migliori propriet\u00e0 ipoallergeniche per i professionisti che danno forma al nostro settore in tutto il mondo. Ogni pezzo \u00e8 realizzato con filettatura interna, che garantisce un inserimento agevole. Perni in acciaio inossidabile disponibili in 10G - 8G - 6G - 4G con diametro di 14 mm - 16 mm - 18 mm e dimensioni di bola di 5 mm - 8 mm. Perfetto per piercing allungati e look audaci. Il bilanciere \u00e8 affidabile per gli studi di piercing, i negozi di tatuaggi e i fornitori professionali di gioielli per il corpo con sede in Europa.<\/p>","protected":false},"excerpt":{"rendered":"<ul>\n<li>Filettatura interna<\/li>\n<li>Materiale: Titanio di grado implantare F-136<\/li>\n<li>Calibro: 10G - 8G - 6G - 4G<\/li>\n<li>Diametro: 14 mm - 16 mm - 18 mm<\/li>\n<li>Dimensioni della sfera: 5 mm - 6 mm - 8 mm<\/li>\n<\/ul>","protected":false},"featured_media":16296,"comment_status":"open","ping_status":"closed","template":"","meta":{"_acf_changed":false},"product_brand":[],"product_cat":[340,448],"product_tag":[224,194,188,189,210,211,190,183,184,197,198],"class_list":{"0":"post-16219","1":"product","2":"type-product","3":"status-publish","4":"has-post-thumbnail","6":"product_cat-titanium-jewelry","7":"product_cat-big-gauges","8":"product_tag-captive-ring","9":"product_tag-daith","10":"product_tag-ear","11":"product_tag-helix","12":"product_tag-labret","13":"product_tag-lip","14":"product_tag-oreja","15":"product_tag-perforacion","16":"product_tag-piercing","17":"product_tag-ring","18":"product_tag-septum","20":"first","21":"instock","22":"taxable","23":"shipping-taxable","24":"purchasable","25":"product-type-variable"},"acf":[],"gallery_images":[27733,27734],"_links":{"self":[{"href":"https:\/\/tremunpiercing.com\/it\/wp-json\/wp\/v2\/product\/16219","targetHints":{"allow":["GET"]}}],"collection":[{"href":"https:\/\/tremunpiercing.com\/it\/wp-json\/wp\/v2\/product"}],"about":[{"href":"https:\/\/tremunpiercing.com\/it\/wp-json\/wp\/v2\/types\/product"}],"replies":[{"embeddable":true,"href":"https:\/\/tremunpiercing.com\/it\/wp-json\/wp\/v2\/comments?post=16219"}],"version-history":[{"count":1,"href":"https:\/\/tremunpiercing.com\/it\/wp-json\/wp\/v2\/product\/16219\/revisions"}],"predecessor-version":[{"id":27735,"href":"https:\/\/tremunpiercing.com\/it\/wp-json\/wp\/v2\/product\/16219\/revisions\/27735"}],"wp:featuredmedia":[{"embeddable":true,"href":"https:\/\/tremunpiercing.com\/it\/wp-json\/wp\/v2\/media\/16296"}],"wp:attachment":[{"href":"https:\/\/tremunpiercing.com\/it\/wp-json\/wp\/v2\/media?parent=16219"}],"wp:term":[{"taxonomy":"product_brand","embeddable":true,"href":"https:\/\/tremunpiercing.com\/it\/wp-json\/wp\/v2\/product_brand?post=16219"},{"taxonomy":"product_cat","embeddable":true,"href":"https:\/\/tremunpiercing.com\/it\/wp-json\/wp\/v2\/product_cat?post=16219"},{"taxonomy":"product_tag","embeddable":true,"href":"https:\/\/tremunpiercing.com\/it\/wp-json\/wp\/v2\/product_tag?post=16219"}],"curies":[{"name":"wp","href":"https:\/\/api.w.org\/{rel}","templated":true}]}}