{"id":16247,"date":"2025-04-23T16:12:20","date_gmt":"2025-04-23T15:12:20","guid":{"rendered":"https:\/\/tremunpiercing.com\/?post_type=product&#038;p=16247"},"modified":"2026-04-17T15:14:21","modified_gmt":"2026-04-17T14:14:21","slug":"clap-luxury-horizontal-double-base","status":"publish","type":"product","link":"https:\/\/tremunpiercing.com\/it\/product\/clap-luxury-horizontal-double-base\/","title":{"rendered":"Clap! Lusso - Base orizzontale doppia"},"content":{"rendered":"<p>Il modello Clap! Luxury-Horizontal Double Base offre flessibilit\u00e0 e raffinatezza allo studio di piercing professionale o al rivenditore di gioielli per il corpo. Realizzata con materiali pregiati, la base orizzontale misura 25 cm x 5 cm x 3,4 cm ed \u00e8 personalizzabile per adattarsi alle vostre preferenze di presentazione. La base orizzontale \u00e8 ideale per presentare pi\u00f9 stili - anelli per il naso all'ingrosso, bilancieri, anelli per l'ombelico o anelli per le labbra - e pu\u00f2 mettere in mostra la vostra collezione di gioielli. Si noti che la base \u00e8 solo in vendita; i coperchi sono venduti separatamente per garantire la massima flessibilit\u00e0 e adattabilit\u00e0. I nostri espositori daranno credibilit\u00e0 al vostro marchio e si abbineranno ai gioielli per il corpo di alta qualit\u00e0.<\/p>\n<p>&nbsp;<\/p>","protected":false},"excerpt":{"rendered":"<ul>\n<li>Clap! Base orizzontale<\/li>\n<li>Display personalizzabile per i gioielli da body piercing<\/li>\n<li>Solo base<\/li>\n<li>Dimensioni: 25 cm x 5 cm x 3,4 cm<\/li>\n<li>For 2 lids<\/li>\n<li>I coperchi sono venduti separatamente<\/li>\n<\/ul>","protected":false},"featured_media":16248,"comment_status":"closed","ping_status":"closed","template":"","meta":{"_acf_changed":false},"product_brand":[],"product_cat":[328,415,457],"product_tag":[],"class_list":{"0":"post-16247","1":"product","2":"type-product","3":"status-publish","4":"has-post-thumbnail","6":"product_cat-supplies","7":"product_cat-clap","8":"product_cat-clap-luxury","10":"first","11":"instock","12":"taxable","13":"shipping-taxable","14":"purchasable","15":"product-type-simple"},"acf":[],"gallery_images":[16249],"_links":{"self":[{"href":"https:\/\/tremunpiercing.com\/it\/wp-json\/wp\/v2\/product\/16247","targetHints":{"allow":["GET"]}}],"collection":[{"href":"https:\/\/tremunpiercing.com\/it\/wp-json\/wp\/v2\/product"}],"about":[{"href":"https:\/\/tremunpiercing.com\/it\/wp-json\/wp\/v2\/types\/product"}],"replies":[{"embeddable":true,"href":"https:\/\/tremunpiercing.com\/it\/wp-json\/wp\/v2\/comments?post=16247"}],"version-history":[{"count":1,"href":"https:\/\/tremunpiercing.com\/it\/wp-json\/wp\/v2\/product\/16247\/revisions"}],"predecessor-version":[{"id":28511,"href":"https:\/\/tremunpiercing.com\/it\/wp-json\/wp\/v2\/product\/16247\/revisions\/28511"}],"wp:featuredmedia":[{"embeddable":true,"href":"https:\/\/tremunpiercing.com\/it\/wp-json\/wp\/v2\/media\/16248"}],"wp:attachment":[{"href":"https:\/\/tremunpiercing.com\/it\/wp-json\/wp\/v2\/media?parent=16247"}],"wp:term":[{"taxonomy":"product_brand","embeddable":true,"href":"https:\/\/tremunpiercing.com\/it\/wp-json\/wp\/v2\/product_brand?post=16247"},{"taxonomy":"product_cat","embeddable":true,"href":"https:\/\/tremunpiercing.com\/it\/wp-json\/wp\/v2\/product_cat?post=16247"},{"taxonomy":"product_tag","embeddable":true,"href":"https:\/\/tremunpiercing.com\/it\/wp-json\/wp\/v2\/product_tag?post=16247"}],"curies":[{"name":"wp","href":"https:\/\/api.w.org\/{rel}","templated":true}]}}