{"id":16263,"date":"2025-04-23T17:08:42","date_gmt":"2025-04-23T16:08:42","guid":{"rendered":"https:\/\/tremunpiercing.com\/?post_type=product&#038;p=16263"},"modified":"2026-04-02T21:18:56","modified_gmt":"2026-04-02T20:18:56","slug":"clap-elite-3-clip","status":"publish","type":"product","link":"https:\/\/tremunpiercing.com\/it\/product\/clap-elite-3-clip\/","title":{"rendered":"Clap! Elite - 3 Clip"},"content":{"rendered":"<p>L'espositore a clip Clap! Elite 3 Clip Display \u00e8 un'ottima opzione per i piercer professionisti o gli studi di tatuaggi che desiderano esporre i gioielli del corpo in modo bello e veloce. Sono progettati per essere robusti e facili da usare, sono compatti (12 cm x 5 cm x 4 cm) e includono tre clip in silicone di qualit\u00e0, disponibili in bianco e nero. Il silicone \u00e8 abbastanza resistente da afferrare bene i gioielli, il che significa che i pezzi rimangono al loro posto, ed \u00e8 ottimo per esporre in modo professionale bilancieri, anelli da naso, clicker e gli altri modelli di gioielli pi\u00f9 diffusi utilizzati per i piercing.<\/p>\n<p>Se avete uno studio di piercing, un negozio di tatuaggi o un negozio all'ingrosso di gioielli per il corpo, il nostro espositore pu\u00f2 portare la presentazione dei vostri gioielli a un livello superiore. Siamo orgogliosi di essere un fornitore di fiducia di gioielli per piercing e un distributore di gioielli per il corpo, quindi forniamo espositori di qualit\u00e0 che coincidono con la nostra grande variet\u00e0 di gioielli per il corpo di grado medico, ipoallergenici e in titanio, quindi ha senso acquistare espositori di qualit\u00e0 da abbinare ai vostri gioielli per piercing all'ingrosso. Non lesinate sugli espositori e assicuratevi che siano pratici e professionali!<\/p>","protected":false},"excerpt":{"rendered":"<ul>\n<li data-start=\"0\" data-end=\"58\">Clap! Display disponibile in bianco o nero<\/li>\n<li data-start=\"60\" data-end=\"132\">Include 3 clip in silicone, a scelta tra bianco e nero.<\/li>\n<li data-start=\"134\" data-end=\"169\">Dimensioni: 12 cm x 5 cm x 4 cm<\/li>\n<\/ul>","protected":false},"featured_media":16265,"comment_status":"closed","ping_status":"closed","template":"","meta":{"_acf_changed":false},"product_brand":[],"product_cat":[415,449],"product_tag":[],"class_list":{"0":"post-16263","1":"product","2":"type-product","3":"status-publish","4":"has-post-thumbnail","6":"product_cat-clap","7":"product_cat-clap-elite","9":"first","10":"instock","11":"taxable","12":"shipping-taxable","13":"purchasable","14":"product-type-variable"},"acf":[],"gallery_images":[16273,16272,16267,16269,16271],"_links":{"self":[{"href":"https:\/\/tremunpiercing.com\/it\/wp-json\/wp\/v2\/product\/16263","targetHints":{"allow":["GET"]}}],"collection":[{"href":"https:\/\/tremunpiercing.com\/it\/wp-json\/wp\/v2\/product"}],"about":[{"href":"https:\/\/tremunpiercing.com\/it\/wp-json\/wp\/v2\/types\/product"}],"replies":[{"embeddable":true,"href":"https:\/\/tremunpiercing.com\/it\/wp-json\/wp\/v2\/comments?post=16263"}],"version-history":[{"count":0,"href":"https:\/\/tremunpiercing.com\/it\/wp-json\/wp\/v2\/product\/16263\/revisions"}],"wp:featuredmedia":[{"embeddable":true,"href":"https:\/\/tremunpiercing.com\/it\/wp-json\/wp\/v2\/media\/16265"}],"wp:attachment":[{"href":"https:\/\/tremunpiercing.com\/it\/wp-json\/wp\/v2\/media?parent=16263"}],"wp:term":[{"taxonomy":"product_brand","embeddable":true,"href":"https:\/\/tremunpiercing.com\/it\/wp-json\/wp\/v2\/product_brand?post=16263"},{"taxonomy":"product_cat","embeddable":true,"href":"https:\/\/tremunpiercing.com\/it\/wp-json\/wp\/v2\/product_cat?post=16263"},{"taxonomy":"product_tag","embeddable":true,"href":"https:\/\/tremunpiercing.com\/it\/wp-json\/wp\/v2\/product_tag?post=16263"}],"curies":[{"name":"wp","href":"https:\/\/api.w.org\/{rel}","templated":true}]}}