{"id":16283,"date":"2025-04-23T18:03:37","date_gmt":"2025-04-23T17:03:37","guid":{"rendered":"https:\/\/tremunpiercing.com\/?post_type=product&#038;p=16283"},"modified":"2026-03-23T12:03:44","modified_gmt":"2026-03-23T11:03:44","slug":"clap-elite-for-attachments","status":"publish","type":"product","link":"https:\/\/tremunpiercing.com\/it\/product\/clap-elite-for-attachments\/","title":{"rendered":"Clap! Elite - Per gli allegati"},"content":{"rendered":"<h2 data-start=\"99\" data-end=\"161\"><strong data-start=\"99\" data-end=\"161\">Clap Display - Linea \u00c9lite - Design raffinato per il vostro studio<\/strong><\/h2>\n<p>&nbsp;<\/p>\n<p>Il Clap! Elite-For Attachments \u00e8 un prodotto professionale <a href=\"https:\/\/tremunpiercing.com\/clap\/\"><strong>espositore per mostre di piercing<\/strong><\/a> e studi. Con 18 supporti in silicone, \u00e8 in grado di ospitare estremit\u00e0 senza filo e attacchi da 16G e 14G. Compatto e resistente, \u00e8 disponibile in bianco o nero e offre un modo elegante di esporre i gioielli in pi\u00f9!<\/p>\n<p data-start=\"163\" data-end=\"372\">Aggiungete un tocco di eleganza al vostro spazio con il nostro Clap Display della linea \u00c9lite.<br data-start=\"243\" data-end=\"246\" \/>Progettato per esaltare la bellezza dei vostri gioielli, \u00e8 perfetto per studi, showroom, vetrine e interni esclusivi.<\/p>\n<ul data-start=\"374\" data-end=\"523\">\n<li data-start=\"374\" data-end=\"403\">\n<p data-start=\"376\" data-end=\"403\">Design moderno ed elegante<\/p>\n<\/li>\n<li data-start=\"404\" data-end=\"452\">\n<p data-start=\"406\" data-end=\"452\">Materiali di prima qualit\u00e0 per garantire durata e qualit\u00e0<\/p>\n<\/li>\n<li data-start=\"453\" data-end=\"523\">\n<p data-start=\"455\" data-end=\"523\">Clip e supporti in silicone per proteggere ogni dettaglio dei vostri gioielli<\/p>\n<\/li>\n<\/ul>\n<p data-start=\"525\" data-end=\"704\" data-is-last-node=\"\" data-is-only-node=\"\">La sua struttura minimalista e robusta mette in risalto ogni creazione con sobria raffinatezza.<br data-start=\"618\" data-end=\"621\" \/>Un must per chi cerca funzionalit\u00e0 ed estetica in un unico pezzo.<\/p>\n<p class=\"\" data-start=\"722\" data-end=\"808\">","protected":false},"excerpt":{"rendered":"<ul>\n<li data-start=\"57\" data-end=\"131\">Clap! Esposizione d'\u00e9lite<\/li>\n<li data-start=\"133\" data-end=\"246\">Disponibile in bianco o nero<\/li>\n<li data-start=\"248\" data-end=\"366\">18 supporti in silicone<\/li>\n<li data-start=\"248\" data-end=\"366\">Compatibile con le estremit\u00e0 Threadless, 16G e 14G<\/li>\n<li data-start=\"248\" data-end=\"366\">Dimensioni: 20 x 5 x 4 cm<br data-start=\"274\" data-end=\"277\" \/><br data-start=\"337\" data-end=\"340\" \/><\/li>\n<\/ul>","protected":false},"featured_media":16288,"comment_status":"closed","ping_status":"closed","template":"","meta":{"_acf_changed":false},"product_brand":[],"product_cat":[415,449],"product_tag":[],"class_list":{"0":"post-16283","1":"product","2":"type-product","3":"status-publish","4":"has-post-thumbnail","6":"product_cat-clap","7":"product_cat-clap-elite","9":"first","10":"instock","11":"taxable","12":"shipping-taxable","13":"purchasable","14":"product-type-variable"},"acf":[],"gallery_images":[16289,16290,16292,16291],"_links":{"self":[{"href":"https:\/\/tremunpiercing.com\/it\/wp-json\/wp\/v2\/product\/16283","targetHints":{"allow":["GET"]}}],"collection":[{"href":"https:\/\/tremunpiercing.com\/it\/wp-json\/wp\/v2\/product"}],"about":[{"href":"https:\/\/tremunpiercing.com\/it\/wp-json\/wp\/v2\/types\/product"}],"replies":[{"embeddable":true,"href":"https:\/\/tremunpiercing.com\/it\/wp-json\/wp\/v2\/comments?post=16283"}],"version-history":[{"count":0,"href":"https:\/\/tremunpiercing.com\/it\/wp-json\/wp\/v2\/product\/16283\/revisions"}],"wp:featuredmedia":[{"embeddable":true,"href":"https:\/\/tremunpiercing.com\/it\/wp-json\/wp\/v2\/media\/16288"}],"wp:attachment":[{"href":"https:\/\/tremunpiercing.com\/it\/wp-json\/wp\/v2\/media?parent=16283"}],"wp:term":[{"taxonomy":"product_brand","embeddable":true,"href":"https:\/\/tremunpiercing.com\/it\/wp-json\/wp\/v2\/product_brand?post=16283"},{"taxonomy":"product_cat","embeddable":true,"href":"https:\/\/tremunpiercing.com\/it\/wp-json\/wp\/v2\/product_cat?post=16283"},{"taxonomy":"product_tag","embeddable":true,"href":"https:\/\/tremunpiercing.com\/it\/wp-json\/wp\/v2\/product_tag?post=16283"}],"curies":[{"name":"wp","href":"https:\/\/api.w.org\/{rel}","templated":true}]}}