{"id":17798,"date":"2025-06-05T17:32:26","date_gmt":"2025-06-05T16:32:26","guid":{"rendered":"https:\/\/tremunpiercing.com\/?post_type=product&#038;p=17798"},"modified":"2026-04-15T20:44:10","modified_gmt":"2026-04-15T19:44:10","slug":"sunstone-cabochon","status":"publish","type":"product","link":"https:\/\/tremunpiercing.com\/it\/product\/sunstone-cabochon\/","title":{"rendered":"Pietra solare cabochon"},"content":{"rendered":"<p>Scoprite la bellezza naturale nel vostro inventario di piercing con il Sunstone Cabochon, realizzato in titanio di grado implantare F-136 per massimizzare la sicurezza e la durata. Disponibile in una gamma di dimensioni da 3 mm a 6 mm e in una gamma di calibri 16G-14G, questo pezzo \u00e8 costruito per piercer professionisti che danno priorit\u00e0 alla qualit\u00e0. Caratterizzata da una pietra solare calda e scintillante che emette un bellissimo bagliore, questa gemma si adatta bene sia ai piercing sottili che a quelli pi\u00f9 grandi.<\/p>\n<p>Tremun Piercing garantisce che ogni gioiello da piercing da noi fornito \u00e8 ipoallergenico, filettato internamente e adatto a essere indossato a lungo. Tremun Piercing \u00e8 venduto a studi di piercing, negozi di tatuaggi e distributori di gioielli in tutto il mondo. La specificit\u00e0 della forma cabochon funziona molto bene per ogni ordine all'ingrosso e Tremun Piercing apprezza il supporto dei rivenditori e dei venditori di gioielli per il corpo in tutta Europa, negli Stati Uniti e nel Regno Unito che desiderano fornire ai loro clienti gioielli per piercing con pietre preziose di qualit\u00e0. Assicuratevi di fare scorta di prodotti sicuri, <strong>gioielli per il corpo all'ingrosso di grado medico<\/strong> e fornire ai vostri clienti una pietra preziosa che si distingua per lo stile classico delle pietre preziose. <a href=\"https:\/\/tremunpiercing.com\/registration\/\">Resister come piercer professionista<\/a><\/p>","protected":false},"excerpt":{"rendered":"<ul>\n<li>Filettato internamente<\/li>\n<li>Materiale: Titanio di grado implantare F-136<\/li>\n<li>Diametro: 3 mm - 4 mm - 5 mm - 6 mm<\/li>\n<li>Calibro: 16G - 14G<\/li>\n<li>Gemma: Pietra del sole<\/li>\n<\/ul>","protected":false},"featured_media":17805,"comment_status":"closed","ping_status":"closed","template":"","meta":{"_acf_changed":false},"product_brand":[],"product_cat":[340,343],"product_tag":[192,193,202,179,180,194,188,189,195,196,226,190,183,184,197,198],"class_list":{"0":"post-17798","1":"product","2":"type-product","3":"status-publish","4":"has-post-thumbnail","6":"product_cat-titanium-jewelry","7":"product_cat-tops-titanium-jewelry","8":"product_tag-anillo","9":"product_tag-argolla","10":"product_tag-clicker","11":"product_tag-cristal","12":"product_tag-cz","13":"product_tag-daith","14":"product_tag-ear","15":"product_tag-helix","16":"product_tag-hinged-ring","17":"product_tag-nariz","18":"product_tag-opal","19":"product_tag-oreja","20":"product_tag-perforacion","21":"product_tag-piercing","22":"product_tag-ring","23":"product_tag-septum","25":"first","26":"instock","27":"taxable","28":"shipping-taxable","29":"purchasable","30":"product-type-variable"},"acf":[],"gallery_images":[17804,27666,27667],"_links":{"self":[{"href":"https:\/\/tremunpiercing.com\/it\/wp-json\/wp\/v2\/product\/17798","targetHints":{"allow":["GET"]}}],"collection":[{"href":"https:\/\/tremunpiercing.com\/it\/wp-json\/wp\/v2\/product"}],"about":[{"href":"https:\/\/tremunpiercing.com\/it\/wp-json\/wp\/v2\/types\/product"}],"replies":[{"embeddable":true,"href":"https:\/\/tremunpiercing.com\/it\/wp-json\/wp\/v2\/comments?post=17798"}],"version-history":[{"count":2,"href":"https:\/\/tremunpiercing.com\/it\/wp-json\/wp\/v2\/product\/17798\/revisions"}],"predecessor-version":[{"id":27668,"href":"https:\/\/tremunpiercing.com\/it\/wp-json\/wp\/v2\/product\/17798\/revisions\/27668"}],"wp:featuredmedia":[{"embeddable":true,"href":"https:\/\/tremunpiercing.com\/it\/wp-json\/wp\/v2\/media\/17805"}],"wp:attachment":[{"href":"https:\/\/tremunpiercing.com\/it\/wp-json\/wp\/v2\/media?parent=17798"}],"wp:term":[{"taxonomy":"product_brand","embeddable":true,"href":"https:\/\/tremunpiercing.com\/it\/wp-json\/wp\/v2\/product_brand?post=17798"},{"taxonomy":"product_cat","embeddable":true,"href":"https:\/\/tremunpiercing.com\/it\/wp-json\/wp\/v2\/product_cat?post=17798"},{"taxonomy":"product_tag","embeddable":true,"href":"https:\/\/tremunpiercing.com\/it\/wp-json\/wp\/v2\/product_tag?post=17798"}],"curies":[{"name":"wp","href":"https:\/\/api.w.org\/{rel}","templated":true}]}}