{"id":20079,"date":"2025-08-20T18:17:58","date_gmt":"2025-08-20T17:17:58","guid":{"rendered":"https:\/\/tremunpiercing.com\/?post_type=product&#038;p=20079"},"modified":"2026-04-14T14:41:32","modified_gmt":"2026-04-14T13:41:32","slug":"sterile-tnt-gauze-5x5","status":"publish","type":"product","link":"https:\/\/tremunpiercing.com\/it\/product\/sterile-tnt-gauze-5x5\/","title":{"rendered":"GARZA STERILE IN TNT 5\u00d75"},"content":{"rendered":"<h2 data-start=\"5865\" data-end=\"5925\">Garza TNT sterile 5\u00d75 cm - Per negozi di piercing<\/h2>\n<p>Le garze sterili TNT 5\u00d75 cm rappresentano un'opzione economica e affidabile e sono compatte per facilitare l'uso da parte dei professionisti del piercing e dei proprietari di studi. Ogni confezione contiene 50 buste individuali con dispenser e 5 tamponi sterili per busta. Offriamo anche <a href=\"https:\/\/tremunpiercing.com\/product\/sterile-tnt-gauze-7-5x7-5\/\">7,5\u00d77,5 cm Garza TNT sterile<\/a>.<\/p>\n<p>Progettata per l'uso singolo durante la procedura, la confezione con apertura a strappo garantisce la sterilit\u00e0 e la semplicit\u00e0 di accesso per ridurre al minimo i rischi di contaminazione incrociata. Il morbido tessuto non tessuto \u00e8 comodamente assorbente e al tempo stesso sicuro, rendendo questi prodotti un'opzione affidabile per la preparazione e la cura del piercing.<\/p>","protected":false},"excerpt":{"rendered":"<ul>\n<li>Confezione da 50 buste singole con dispenser<\/li>\n<li>Apertura a strappo<\/li>\n<li>Senza filo di bario<\/li>\n<li>5 pezzi per busta individuale<\/li>\n<\/ul>","protected":false},"featured_media":20080,"comment_status":"closed","ping_status":"closed","template":"","meta":{"_acf_changed":false},"product_brand":[],"product_cat":[376],"product_tag":[192,193,202,179,180,194,188,189,195,196,226,190,183,184,197,198],"class_list":{"0":"post-20079","1":"product","2":"type-product","3":"status-publish","4":"has-post-thumbnail","6":"product_cat-medical-supplies","7":"product_tag-anillo","8":"product_tag-argolla","9":"product_tag-clicker","10":"product_tag-cristal","11":"product_tag-cz","12":"product_tag-daith","13":"product_tag-ear","14":"product_tag-helix","15":"product_tag-hinged-ring","16":"product_tag-nariz","17":"product_tag-opal","18":"product_tag-oreja","19":"product_tag-perforacion","20":"product_tag-piercing","21":"product_tag-ring","22":"product_tag-septum","24":"first","25":"instock","26":"taxable","27":"shipping-taxable","28":"purchasable","29":"product-type-simple"},"acf":[],"gallery_images":[],"_links":{"self":[{"href":"https:\/\/tremunpiercing.com\/it\/wp-json\/wp\/v2\/product\/20079","targetHints":{"allow":["GET"]}}],"collection":[{"href":"https:\/\/tremunpiercing.com\/it\/wp-json\/wp\/v2\/product"}],"about":[{"href":"https:\/\/tremunpiercing.com\/it\/wp-json\/wp\/v2\/types\/product"}],"replies":[{"embeddable":true,"href":"https:\/\/tremunpiercing.com\/it\/wp-json\/wp\/v2\/comments?post=20079"}],"version-history":[{"count":0,"href":"https:\/\/tremunpiercing.com\/it\/wp-json\/wp\/v2\/product\/20079\/revisions"}],"wp:featuredmedia":[{"embeddable":true,"href":"https:\/\/tremunpiercing.com\/it\/wp-json\/wp\/v2\/media\/20080"}],"wp:attachment":[{"href":"https:\/\/tremunpiercing.com\/it\/wp-json\/wp\/v2\/media?parent=20079"}],"wp:term":[{"taxonomy":"product_brand","embeddable":true,"href":"https:\/\/tremunpiercing.com\/it\/wp-json\/wp\/v2\/product_brand?post=20079"},{"taxonomy":"product_cat","embeddable":true,"href":"https:\/\/tremunpiercing.com\/it\/wp-json\/wp\/v2\/product_cat?post=20079"},{"taxonomy":"product_tag","embeddable":true,"href":"https:\/\/tremunpiercing.com\/it\/wp-json\/wp\/v2\/product_tag?post=20079"}],"curies":[{"name":"wp","href":"https:\/\/api.w.org\/{rel}","templated":true}]}}