{"id":20089,"date":"2025-08-20T18:28:35","date_gmt":"2025-08-20T17:28:35","guid":{"rendered":"https:\/\/tremunpiercing.com\/?post_type=product&#038;p=20089"},"modified":"2026-05-06T08:08:19","modified_gmt":"2026-05-06T07:08:19","slug":"sterile-tnt-gauze-7-5x7-5","status":"publish","type":"product","link":"https:\/\/tremunpiercing.com\/it\/product\/sterile-tnt-gauze-7-5x7-5\/","title":{"rendered":"GARZA STERILE IN TNT 7,5\u00d77,5"},"content":{"rendered":"<h2 data-start=\"4614\" data-end=\"4678\">all'ingrosso Garza sterile TNT 7,5\u00d77,5 cm per studi di piercing<\/h2>\n<p data-start=\"0\" data-end=\"307\">La nostra garza sterile TNT 7,5\u00d77,5 cm \u00e8 progettata per i professionisti del piercing che richiedono la massima igiene. \u00c8 disponibile anche in <a href=\"https:\/\/tremunpiercing.com\/product\/sterile-tnt-gauze-5x5\/\">Formato 5\u00d75 cm<\/a>. Ogni scatola contiene 50 buste singole con dispenser e ogni busta comprende 5 compresse sterili. La confezione con apertura a strappo consente di non toccare e di eliminare la contaminazione, in modo che ogni procedura possa essere eseguita con la massima sicurezza. Le compresse sono morbide e assorbenti e sono realizzate senza bario, lasciando sia i piercer che i clienti con un senso di rassicurazione.<\/p>","protected":false},"excerpt":{"rendered":"<p><!--StartFragment --><\/p>\n<ul>\n<li class=\"pf0\">Confezione da 50 buste singole con dispenser<\/li>\n<li class=\"pf0\">Apertura a strappo<\/li>\n<li class=\"pf0\">Senza filo di bario<\/li>\n<li class=\"pf0\">5 pezzi per busta individuale<\/li>\n<\/ul>\n<p><!--EndFragment --><\/p>","protected":false},"featured_media":20090,"comment_status":"closed","ping_status":"closed","template":"","meta":{"_acf_changed":false},"product_brand":[],"product_cat":[376],"product_tag":[192,193,202,179,180,194,188,189,195,196,226,190,183,184,197,198],"class_list":{"0":"post-20089","1":"product","2":"type-product","3":"status-publish","4":"has-post-thumbnail","6":"product_cat-medical-supplies","7":"product_tag-anillo","8":"product_tag-argolla","9":"product_tag-clicker","10":"product_tag-cristal","11":"product_tag-cz","12":"product_tag-daith","13":"product_tag-ear","14":"product_tag-helix","15":"product_tag-hinged-ring","16":"product_tag-nariz","17":"product_tag-opal","18":"product_tag-oreja","19":"product_tag-perforacion","20":"product_tag-piercing","21":"product_tag-ring","22":"product_tag-septum","24":"first","25":"instock","26":"taxable","27":"shipping-taxable","28":"purchasable","29":"product-type-simple"},"acf":[],"gallery_images":[],"_links":{"self":[{"href":"https:\/\/tremunpiercing.com\/it\/wp-json\/wp\/v2\/product\/20089","targetHints":{"allow":["GET"]}}],"collection":[{"href":"https:\/\/tremunpiercing.com\/it\/wp-json\/wp\/v2\/product"}],"about":[{"href":"https:\/\/tremunpiercing.com\/it\/wp-json\/wp\/v2\/types\/product"}],"replies":[{"embeddable":true,"href":"https:\/\/tremunpiercing.com\/it\/wp-json\/wp\/v2\/comments?post=20089"}],"version-history":[{"count":0,"href":"https:\/\/tremunpiercing.com\/it\/wp-json\/wp\/v2\/product\/20089\/revisions"}],"wp:featuredmedia":[{"embeddable":true,"href":"https:\/\/tremunpiercing.com\/it\/wp-json\/wp\/v2\/media\/20090"}],"wp:attachment":[{"href":"https:\/\/tremunpiercing.com\/it\/wp-json\/wp\/v2\/media?parent=20089"}],"wp:term":[{"taxonomy":"product_brand","embeddable":true,"href":"https:\/\/tremunpiercing.com\/it\/wp-json\/wp\/v2\/product_brand?post=20089"},{"taxonomy":"product_cat","embeddable":true,"href":"https:\/\/tremunpiercing.com\/it\/wp-json\/wp\/v2\/product_cat?post=20089"},{"taxonomy":"product_tag","embeddable":true,"href":"https:\/\/tremunpiercing.com\/it\/wp-json\/wp\/v2\/product_tag?post=20089"}],"curies":[{"name":"wp","href":"https:\/\/api.w.org\/{rel}","templated":true}]}}