{"id":20108,"date":"2025-08-20T18:52:55","date_gmt":"2025-08-20T17:52:55","guid":{"rendered":"https:\/\/tremunpiercing.com\/?post_type=product&#038;p=20108"},"modified":"2026-04-25T17:27:45","modified_gmt":"2026-04-25T16:27:45","slug":"non-sterile-tnt-gauze-7-5x7-5-cm","status":"publish","type":"product","link":"https:\/\/tremunpiercing.com\/it\/product\/non-sterile-tnt-gauze-7-5x7-5-cm\/","title":{"rendered":"GARZA TNT NON STERILE 7,5\u00d77,5 CM"},"content":{"rendered":"<h2>TNT Garza con supporto non sterile per ferite e uso quotidiano<\/h2>\n<p>I nostri tamponi di garza TNT non sterili sono disponibili in <a href=\"https:\/\/tremunpiercing.com\/product\/non-sterile-tnt-gauze-5x5-cm\/\">5\u00d75 cm<\/a>I formati 7,5\u00d77,5 cm e 10\u00d710 cm sono stati progettati per i professionisti del reparto e della clinica che cercano un'opzione affidabile ed economica. Ognuno di essi \u00e8 dotato di quattro fogli in tessuto non tessuto che assorbono rapidamente i fluidi rimanendo silenziosi sul derma, risparmiando ai tessuti fragili qualsiasi attrito.<\/p>\n<p>Come <a href=\"https:\/\/www.i3cglobal.com\/class-iia-medical-device\/\" target=\"_blank\" rel=\"noopener\">Dispositivo di classe IIa<\/a>Ogni tampone offre la protezione affidabile richiesta dagli standard medici europei. Utilizzabili per medicazioni standard, zone di decontaminazione o qualsiasi procedura non sterile che richieda un tampone assorbente ma laminale, non richiedono e non costano ulteriori trattamenti sterili.<\/p>\n<h2>Risparmi, riduzione degli sprechi e flessibilit\u00e0 del pavimento<\/h2>\n<p>La designazione non sterilizzata consente la lavorazione di grandi lotti in qualsiasi carico Gesundheit td. I reparti non gettano pi\u00f9 i resti cubici nel contenitore normale. Un rapido vapore sulla macchina sca, scatola generale in delegato. Polisi contro bu per il rifornimento. I responsabili possono attaccare e consegnare 4 blocchetti 10X10 nel vassoio del carrello che gestisce nick sotto gli slot dei blocchetti 4-pick. Conteggio turni a costo zero, A zero polvere e sollevamento su tampone misuratore sciroppo.<\/p>\n<h2>Confezione multipla per uso clinico o in salone<\/h2>\n<p>Questa confezione sfusa comprende 100 quadrati di garza sterile, sigillati in carta sterile di grado medico che resiste bene durante il trasporto. Ogni velo \u00e8 morbido, misura 7,5\u00d77,5 cm ed \u00e8 sigillato per tenere sotto controllo l'umidit\u00e0. Ideali per il trattamento di piccole scalfitture, abrasioni minori o come strato finale di medicazioni successive, i tamponi di garza non contengono bario, consentendo un contatto delicato con la pelle senza lasciare residui. L'anima \u00e8 composta da quattro strati per assorbire l'essudato e mantenere un ambiente controllato dall'umidit\u00e0.<\/p>\n<p>Applicazioni ideali per i TNT Pad 7,5\u00d77,5 cm<\/p>\n<p>Ritocco cosmetico dopo le sedute di laser e peeling<\/p>\n<p>Fasi del giorno o della notte nella stratificazione dei trattamenti per la pelle<\/p>\n<p>Disinfezione delle superfici nei locali per la cura della persona<\/p>\n<p>Imbottitura di medicazioni in linea o nastro di fissaggio<\/p>","protected":false},"excerpt":{"rendered":"<p><!--StartFragment --><\/p>\n<ul>\n<li class=\"pf0\"><span class=\"cf0\">Il tessuto non tessuto si comprime <\/span><span class=\"cf1\">- Non sterile, sterilizzabile<\/span><\/li>\n<li class=\"pf0\"><span class=\"cf1\">Imballaggio primario in carta medicale - 100 pezzi<\/span><\/li>\n<li class=\"pf0\"><span class=\"cf1\">7.5<\/span><span class=\"cf0\">\u00d77,5 cm<\/span><\/li>\n<li class=\"pf0\"><span class=\"cf0\">4 strati<\/span><\/li>\n<li class=\"pf0\"><span class=\"cf0\">Senza filo di bario<\/span><\/li>\n<li class=\"pf0\"><span class=\"cf0\">Classe del dispositivo medico <\/span><span class=\"cf0\">IIa<\/span><\/li>\n<\/ul>\n<p><!--EndFragment --><\/p>","protected":false},"featured_media":20109,"comment_status":"closed","ping_status":"closed","template":"","meta":{"_acf_changed":false},"product_brand":[],"product_cat":[376],"product_tag":[192,193,202,179,180,194,188,189,195,196,226,190,183,184,197,198],"class_list":{"0":"post-20108","1":"product","2":"type-product","3":"status-publish","4":"has-post-thumbnail","6":"product_cat-medical-supplies","7":"product_tag-anillo","8":"product_tag-argolla","9":"product_tag-clicker","10":"product_tag-cristal","11":"product_tag-cz","12":"product_tag-daith","13":"product_tag-ear","14":"product_tag-helix","15":"product_tag-hinged-ring","16":"product_tag-nariz","17":"product_tag-opal","18":"product_tag-oreja","19":"product_tag-perforacion","20":"product_tag-piercing","21":"product_tag-ring","22":"product_tag-septum","24":"first","25":"instock","26":"taxable","27":"shipping-taxable","28":"purchasable","29":"product-type-simple"},"acf":[],"gallery_images":[],"_links":{"self":[{"href":"https:\/\/tremunpiercing.com\/it\/wp-json\/wp\/v2\/product\/20108","targetHints":{"allow":["GET"]}}],"collection":[{"href":"https:\/\/tremunpiercing.com\/it\/wp-json\/wp\/v2\/product"}],"about":[{"href":"https:\/\/tremunpiercing.com\/it\/wp-json\/wp\/v2\/types\/product"}],"replies":[{"embeddable":true,"href":"https:\/\/tremunpiercing.com\/it\/wp-json\/wp\/v2\/comments?post=20108"}],"version-history":[{"count":1,"href":"https:\/\/tremunpiercing.com\/it\/wp-json\/wp\/v2\/product\/20108\/revisions"}],"predecessor-version":[{"id":29869,"href":"https:\/\/tremunpiercing.com\/it\/wp-json\/wp\/v2\/product\/20108\/revisions\/29869"}],"wp:featuredmedia":[{"embeddable":true,"href":"https:\/\/tremunpiercing.com\/it\/wp-json\/wp\/v2\/media\/20109"}],"wp:attachment":[{"href":"https:\/\/tremunpiercing.com\/it\/wp-json\/wp\/v2\/media?parent=20108"}],"wp:term":[{"taxonomy":"product_brand","embeddable":true,"href":"https:\/\/tremunpiercing.com\/it\/wp-json\/wp\/v2\/product_brand?post=20108"},{"taxonomy":"product_cat","embeddable":true,"href":"https:\/\/tremunpiercing.com\/it\/wp-json\/wp\/v2\/product_cat?post=20108"},{"taxonomy":"product_tag","embeddable":true,"href":"https:\/\/tremunpiercing.com\/it\/wp-json\/wp\/v2\/product_tag?post=20108"}],"curies":[{"name":"wp","href":"https:\/\/api.w.org\/{rel}","templated":true}]}}