{"id":20783,"date":"2025-09-01T15:52:00","date_gmt":"2025-09-01T14:52:00","guid":{"rendered":"https:\/\/tremunpiercing.com\/?post_type=product&#038;p=20783"},"modified":"2026-04-09T14:56:30","modified_gmt":"2026-04-09T13:56:30","slug":"katia-moissanite-green","status":"publish","type":"product","link":"https:\/\/tremunpiercing.com\/it\/product\/katia-moissanite-green\/","title":{"rendered":"Katia Moissanite Verde"},"content":{"rendered":"<p>Il Katia Moissanite Green ridefinisce il lusso dei gioielli da piercing, con pietre brillanti e vibranti. La gemma di moissanite \u00e8 di un verde vivido e trasmette un'energia moderna; \u00e8 realizzata in oro giallo massiccio 14 carati.<\/p>\n<p>Il perno 14G (7 mm), con filettatura interna, racchiude precisione, sicurezza e facilit\u00e0 di sostituzione dei gioielli; \u00e8 ideale per piercing a conchiglia, a elica o piatti. Il Katia Moissanite Green \u00e8 molto apprezzato dai professionisti dello studio, in quanto aggiunge raffinatezza e colore a una ricca esposizione di gioielli contemporanei per il corpo. La Katia Moissanite Green \u00e8 progettata per garantire longevit\u00e0 e brillantezza, ed \u00e8 quindi la scelta migliore per gli studi di piercing e i fornitori di gioielli alla ricerca di pezzi unici, preziosi e di grande valore.<\/p>","protected":false},"excerpt":{"rendered":"<ul>\n<li>Filettato internamente<\/li>\n<li>Calibro: 14G<\/li>\n<li>Diametro: 7 mm<\/li>\n<li>Materiale: Oro giallo 14k<\/li>\n<li>Gemma: Moissanite verde<\/li>\n<\/ul>","protected":false},"featured_media":20972,"comment_status":"closed","ping_status":"closed","template":"","meta":{"_acf_changed":false},"product_brand":[],"product_cat":[400,337,463],"product_tag":[187,188,189,205,206,190,183,184,207],"class_list":{"0":"post-20783","1":"product","2":"type-product","3":"status-publish","4":"has-post-thumbnail","6":"product_cat-tremun","7":"product_cat-gold-jewelry","8":"product_cat-tops-gold-tremun","9":"product_tag-conch","10":"product_tag-ear","11":"product_tag-helix","12":"product_tag-lobe","13":"product_tag-lobulo","14":"product_tag-oreja","15":"product_tag-perforacion","16":"product_tag-piercing","17":"product_tag-tragus","19":"first","20":"instock","21":"taxable","22":"shipping-taxable","23":"purchasable","24":"product-type-simple"},"acf":[],"gallery_images":[29296,29295],"_links":{"self":[{"href":"https:\/\/tremunpiercing.com\/it\/wp-json\/wp\/v2\/product\/20783","targetHints":{"allow":["GET"]}}],"collection":[{"href":"https:\/\/tremunpiercing.com\/it\/wp-json\/wp\/v2\/product"}],"about":[{"href":"https:\/\/tremunpiercing.com\/it\/wp-json\/wp\/v2\/types\/product"}],"replies":[{"embeddable":true,"href":"https:\/\/tremunpiercing.com\/it\/wp-json\/wp\/v2\/comments?post=20783"}],"version-history":[{"count":1,"href":"https:\/\/tremunpiercing.com\/it\/wp-json\/wp\/v2\/product\/20783\/revisions"}],"predecessor-version":[{"id":29299,"href":"https:\/\/tremunpiercing.com\/it\/wp-json\/wp\/v2\/product\/20783\/revisions\/29299"}],"wp:featuredmedia":[{"embeddable":true,"href":"https:\/\/tremunpiercing.com\/it\/wp-json\/wp\/v2\/media\/20972"}],"wp:attachment":[{"href":"https:\/\/tremunpiercing.com\/it\/wp-json\/wp\/v2\/media?parent=20783"}],"wp:term":[{"taxonomy":"product_brand","embeddable":true,"href":"https:\/\/tremunpiercing.com\/it\/wp-json\/wp\/v2\/product_brand?post=20783"},{"taxonomy":"product_cat","embeddable":true,"href":"https:\/\/tremunpiercing.com\/it\/wp-json\/wp\/v2\/product_cat?post=20783"},{"taxonomy":"product_tag","embeddable":true,"href":"https:\/\/tremunpiercing.com\/it\/wp-json\/wp\/v2\/product_tag?post=20783"}],"curies":[{"name":"wp","href":"https:\/\/api.w.org\/{rel}","templated":true}]}}