{"id":20831,"date":"2025-09-01T18:24:05","date_gmt":"2025-09-01T17:24:05","guid":{"rendered":"https:\/\/tremunpiercing.com\/?post_type=product&#038;p=20831"},"modified":"2026-04-20T16:10:06","modified_gmt":"2026-04-20T15:10:06","slug":"edith-tazanite","status":"publish","type":"product","link":"https:\/\/tremunpiercing.com\/it\/product\/edith-tazanite\/","title":{"rendered":"Edith Tazanite"},"content":{"rendered":"<p>Vi presentiamo l'Edith Tazanite, un modello comfort con filettatura interna di 8 mm con una bella tanzanite blu intenso creata in laboratorio e incastonata in uno splendido oro giallo 14 carati. Questo pezzo \u00e8 stato progettato per gli amanti della gioielleria bella e sicura! L'apertura di 8 mm rende questo pezzo adatto a un piercing pi\u00f9 audace, come un elicoidale o un'accoppiata curata di cartilagini. La nostra missione \u00e8 quella di popolare il panorama dei piercing con gioielli di grado medico prodotti eticamente e acquistati in modo responsabile per i professionisti del piercing, i negozi di tatuaggi e i rivenditori di gioielli per il corpo in tutta Europa, Spagna e Stati Uniti.<\/p>\n<p>Sono disponibili opzioni di vendita all'ingrosso di gioielli per negozi e studi di piercing. L'Edith Tanzanite coniuga il lusso con la funzionalit\u00e0, l'accessibilit\u00e0 e l'eleganza: l'ideale per gli studi che sono orgogliosi di fornire pezzi di qualit\u00e0 d'\u00e9lite e di valore, con un valore di lunga durata per i clienti e la loro soddisfazione attraverso i riacquisti.<\/p>","protected":false},"excerpt":{"rendered":"<ul>\n<li>Filettato internamente<\/li>\n<li>Calibro: 14G<\/li>\n<li>Diametro: 8 mm<\/li>\n<li>Materiale: Oro giallo 14k<\/li>\n<li>Gemma: Tazanite da laboratorio<\/li>\n<\/ul>","protected":false},"featured_media":20838,"comment_status":"closed","ping_status":"closed","template":"","meta":{"_acf_changed":false},"product_brand":[],"product_cat":[400,337,463],"product_tag":[187,188,189,205,206,190,183,184,207],"class_list":{"0":"post-20831","1":"product","2":"type-product","3":"status-publish","4":"has-post-thumbnail","6":"product_cat-tremun","7":"product_cat-gold-jewelry","8":"product_cat-tops-gold-tremun","9":"product_tag-conch","10":"product_tag-ear","11":"product_tag-helix","12":"product_tag-lobe","13":"product_tag-lobulo","14":"product_tag-oreja","15":"product_tag-perforacion","16":"product_tag-piercing","17":"product_tag-tragus","19":"first","20":"instock","21":"taxable","22":"shipping-taxable","23":"purchasable","24":"product-type-simple"},"acf":[],"gallery_images":[29259,29260],"_links":{"self":[{"href":"https:\/\/tremunpiercing.com\/it\/wp-json\/wp\/v2\/product\/20831","targetHints":{"allow":["GET"]}}],"collection":[{"href":"https:\/\/tremunpiercing.com\/it\/wp-json\/wp\/v2\/product"}],"about":[{"href":"https:\/\/tremunpiercing.com\/it\/wp-json\/wp\/v2\/types\/product"}],"replies":[{"embeddable":true,"href":"https:\/\/tremunpiercing.com\/it\/wp-json\/wp\/v2\/comments?post=20831"}],"version-history":[{"count":1,"href":"https:\/\/tremunpiercing.com\/it\/wp-json\/wp\/v2\/product\/20831\/revisions"}],"predecessor-version":[{"id":29261,"href":"https:\/\/tremunpiercing.com\/it\/wp-json\/wp\/v2\/product\/20831\/revisions\/29261"}],"wp:featuredmedia":[{"embeddable":true,"href":"https:\/\/tremunpiercing.com\/it\/wp-json\/wp\/v2\/media\/20838"}],"wp:attachment":[{"href":"https:\/\/tremunpiercing.com\/it\/wp-json\/wp\/v2\/media?parent=20831"}],"wp:term":[{"taxonomy":"product_brand","embeddable":true,"href":"https:\/\/tremunpiercing.com\/it\/wp-json\/wp\/v2\/product_brand?post=20831"},{"taxonomy":"product_cat","embeddable":true,"href":"https:\/\/tremunpiercing.com\/it\/wp-json\/wp\/v2\/product_cat?post=20831"},{"taxonomy":"product_tag","embeddable":true,"href":"https:\/\/tremunpiercing.com\/it\/wp-json\/wp\/v2\/product_tag?post=20831"}],"curies":[{"name":"wp","href":"https:\/\/api.w.org\/{rel}","templated":true}]}}