{"id":20852,"date":"2025-09-01T18:50:20","date_gmt":"2025-09-01T17:50:20","guid":{"rendered":"https:\/\/tremunpiercing.com\/?post_type=product&#038;p=20852"},"modified":"2026-04-16T14:18:59","modified_gmt":"2026-04-16T13:18:59","slug":"ellie-tsavorite","status":"publish","type":"product","link":"https:\/\/tremunpiercing.com\/it\/product\/ellie-tsavorite\/","title":{"rendered":"Ellie Tsavorite"},"content":{"rendered":"<p>Progettato specificamente per gli studi di piercing professionali e i rivenditori di gioielli per il corpo di alta qualit\u00e0, ogni Ellie Tsavorite contiene tre gemme verdi Tsavorite dal taglio a pera in oro giallo massiccio 14 carati. Infilato internamente per garantire la massima tranquillit\u00e0 e comodit\u00e0, questo attacco da 14 g offre un lusso aggiuntivo ed \u00e8 adatto ai clienti che cercano gioielli per il corpo rispettosi della pelle. L'Elliet Tsavorite \u00e8 una scelta eccellente sia per i piercing all'elice, alla conchiglia o al lobo.<\/p>\n<p>La quantit\u00e0 perfetta di scintillio, senza essere esagerata, \u00e8 un'aggiunta gradita a qualsiasi tipo di gioiello per piercing. I nostri materiali di alta qualit\u00e0 sono un'ottima scelta per i professionisti alla ricerca di gioielli per il corpo ipoallergenici che abbiano la massima qualit\u00e0 e durata. Se siete fornitori di gioielli per il corpo in oro, assicuratevi di inserire questo prodotto nel vostro assortimento di gioielli per il corpo. Aggiungerete qualcosa di speciale che i vostri clienti apprezzeranno.<\/p>","protected":false},"excerpt":{"rendered":"<ul>\n<li>Filettato internamente<\/li>\n<li>Calibro: 14G<\/li>\n<li>Materiale: Oro giallo 14k<\/li>\n<li>Gemma: Tsavorite<\/li>\n<\/ul>","protected":false},"featured_media":20853,"comment_status":"closed","ping_status":"closed","template":"","meta":{"_acf_changed":false},"product_brand":[],"product_cat":[400,337,463],"product_tag":[187,188,189,205,206,190,183,184,207],"class_list":{"0":"post-20852","1":"product","2":"type-product","3":"status-publish","4":"has-post-thumbnail","6":"product_cat-tremun","7":"product_cat-gold-jewelry","8":"product_cat-tops-gold-tremun","9":"product_tag-conch","10":"product_tag-ear","11":"product_tag-helix","12":"product_tag-lobe","13":"product_tag-lobulo","14":"product_tag-oreja","15":"product_tag-perforacion","16":"product_tag-piercing","17":"product_tag-tragus","19":"first","20":"instock","21":"taxable","22":"shipping-taxable","23":"purchasable","24":"product-type-simple"},"acf":[],"gallery_images":[29244,29245],"_links":{"self":[{"href":"https:\/\/tremunpiercing.com\/it\/wp-json\/wp\/v2\/product\/20852","targetHints":{"allow":["GET"]}}],"collection":[{"href":"https:\/\/tremunpiercing.com\/it\/wp-json\/wp\/v2\/product"}],"about":[{"href":"https:\/\/tremunpiercing.com\/it\/wp-json\/wp\/v2\/types\/product"}],"replies":[{"embeddable":true,"href":"https:\/\/tremunpiercing.com\/it\/wp-json\/wp\/v2\/comments?post=20852"}],"version-history":[{"count":1,"href":"https:\/\/tremunpiercing.com\/it\/wp-json\/wp\/v2\/product\/20852\/revisions"}],"predecessor-version":[{"id":29250,"href":"https:\/\/tremunpiercing.com\/it\/wp-json\/wp\/v2\/product\/20852\/revisions\/29250"}],"wp:featuredmedia":[{"embeddable":true,"href":"https:\/\/tremunpiercing.com\/it\/wp-json\/wp\/v2\/media\/20853"}],"wp:attachment":[{"href":"https:\/\/tremunpiercing.com\/it\/wp-json\/wp\/v2\/media?parent=20852"}],"wp:term":[{"taxonomy":"product_brand","embeddable":true,"href":"https:\/\/tremunpiercing.com\/it\/wp-json\/wp\/v2\/product_brand?post=20852"},{"taxonomy":"product_cat","embeddable":true,"href":"https:\/\/tremunpiercing.com\/it\/wp-json\/wp\/v2\/product_cat?post=20852"},{"taxonomy":"product_tag","embeddable":true,"href":"https:\/\/tremunpiercing.com\/it\/wp-json\/wp\/v2\/product_tag?post=20852"}],"curies":[{"name":"wp","href":"https:\/\/api.w.org\/{rel}","templated":true}]}}