{"id":21264,"date":"2025-09-08T14:51:35","date_gmt":"2025-09-08T13:51:35","guid":{"rendered":"https:\/\/tremunpiercing.com\/?post_type=product&#038;p=21264"},"modified":"2026-04-09T11:07:45","modified_gmt":"2026-04-09T10:07:45","slug":"tess","status":"publish","type":"product","link":"https:\/\/tremunpiercing.com\/it\/product\/tess\/","title":{"rendered":"Tess"},"content":{"rendered":"<h2>Spillone con pietra di luna arcobaleno Tess<\/h2>\n<p>L'accessorio Tess Rainbow Moonstone Push Pin \u00e8 un gioiello straordinario che piacer\u00e0 ai clienti che amano la bellezza organica con un pizzico di mistero. \u00c8 realizzato in oro giallo 14 carati e presenta l'iridescenza luminosa della pietra di luna arcobaleno, nota per i suoi lampi di blu e di colori dell'arcobaleno. Il calibro \u00e8 25G, e questo consente un posizionamento preciso e una vestibilit\u00e0 confortevole; inoltre, presenta una chiusura a pressione che crea sicurezza e praticit\u00e0.<\/p>\n<p>Questo design \u00e8 destinato ai piercer professionisti e ai rivenditori di gioielli che desiderano offrire design ricchi di pietre preziose che irradiano scintille e lucentezza con progetti curati per le orecchie. L'aspetto etereo della pietra di luna arcobaleno \u00e8 particolarmente apprezzato dai clienti che desiderano indossare pietre preziose, simboliche ed eleganti. Il Tess Rainbow Moonstone Push Pin consentir\u00e0 ai clienti interessati a piercing di alta qualit\u00e0 di indossare il massimo del design di lusso con la loro scelta di pietre preziose.<\/p>","protected":false},"excerpt":{"rendered":"<ul>\n<li>Accessorio per spinotti<\/li>\n<li>Calibro: 25G<\/li>\n<li>Materiale: Oro giallo 14k<\/li>\n<li>Gemma: Pietra di luna arcobaleno<\/li>\n<\/ul>","protected":false},"featured_media":21265,"comment_status":"closed","ping_status":"closed","template":"","meta":{"_acf_changed":false},"product_brand":[],"product_cat":[400,337,463],"product_tag":[187,188,189,205,206,190,183,184,207],"class_list":{"0":"post-21264","1":"product","2":"type-product","3":"status-publish","4":"has-post-thumbnail","6":"product_cat-tremun","7":"product_cat-gold-jewelry","8":"product_cat-tops-gold-tremun","9":"product_tag-conch","10":"product_tag-ear","11":"product_tag-helix","12":"product_tag-lobe","13":"product_tag-lobulo","14":"product_tag-oreja","15":"product_tag-perforacion","16":"product_tag-piercing","17":"product_tag-tragus","19":"first","20":"instock","21":"taxable","22":"shipping-taxable","23":"purchasable","24":"product-type-simple"},"acf":[],"gallery_images":[21266,29226,29227],"_links":{"self":[{"href":"https:\/\/tremunpiercing.com\/it\/wp-json\/wp\/v2\/product\/21264","targetHints":{"allow":["GET"]}}],"collection":[{"href":"https:\/\/tremunpiercing.com\/it\/wp-json\/wp\/v2\/product"}],"about":[{"href":"https:\/\/tremunpiercing.com\/it\/wp-json\/wp\/v2\/types\/product"}],"replies":[{"embeddable":true,"href":"https:\/\/tremunpiercing.com\/it\/wp-json\/wp\/v2\/comments?post=21264"}],"version-history":[{"count":1,"href":"https:\/\/tremunpiercing.com\/it\/wp-json\/wp\/v2\/product\/21264\/revisions"}],"predecessor-version":[{"id":29228,"href":"https:\/\/tremunpiercing.com\/it\/wp-json\/wp\/v2\/product\/21264\/revisions\/29228"}],"wp:featuredmedia":[{"embeddable":true,"href":"https:\/\/tremunpiercing.com\/it\/wp-json\/wp\/v2\/media\/21265"}],"wp:attachment":[{"href":"https:\/\/tremunpiercing.com\/it\/wp-json\/wp\/v2\/media?parent=21264"}],"wp:term":[{"taxonomy":"product_brand","embeddable":true,"href":"https:\/\/tremunpiercing.com\/it\/wp-json\/wp\/v2\/product_brand?post=21264"},{"taxonomy":"product_cat","embeddable":true,"href":"https:\/\/tremunpiercing.com\/it\/wp-json\/wp\/v2\/product_cat?post=21264"},{"taxonomy":"product_tag","embeddable":true,"href":"https:\/\/tremunpiercing.com\/it\/wp-json\/wp\/v2\/product_tag?post=21264"}],"curies":[{"name":"wp","href":"https:\/\/api.w.org\/{rel}","templated":true}]}}