{"id":21292,"date":"2025-09-08T15:56:07","date_gmt":"2025-09-08T14:56:07","guid":{"rendered":"https:\/\/tremunpiercing.com\/?post_type=product&#038;p=21292"},"modified":"2026-04-09T10:36:05","modified_gmt":"2026-04-09T09:36:05","slug":"margot-tsavorite","status":"publish","type":"product","link":"https:\/\/tremunpiercing.com\/it\/product\/margot-tsavorite\/","title":{"rendered":"Margot - Tsavorite"},"content":{"rendered":"<h2>Margot Tsavorite (Accessorio a spillo)<\/h2>\n<p>L'accessorio Margot Tsavorite Push Pin unisce il lusso dell'oro giallo 14 carati alla vivace brillantezza della tsavorite verde. Con una colorazione vivida di qualit\u00e0 gemmologica, la tsavorite eleva immediatamente qualsiasi look da orecchio curato. Abbinato a pietre bianche Swarovski, il Margot Push Pin fa un ottimo lavoro di abbinamento tra audacia e un tocco di lucentezza. Il delicato calibro 25G offre una vestibilit\u00e0 confortevole e una tenuta sicura, rendendolo un'opzione eccellente sia per i nuovi piercing che per quelli gi\u00e0 guariti. Il nostro sistema push pin lo rende facile da indossare, garantisce una tenuta professionale e soddisfa le esigenze di uno studio di piercing o di un gioielliere che apprezza il lusso e la facilit\u00e0 d'uso. L'accessorio Margot Push Pin \u00e8 diventato uno dei preferiti dai clienti che cercano un gioiello accattivante, al di l\u00e0 dello smeraldo, ma che abbia il fascino della gioielleria di alta gamma. Grazie alla sua seducente semplicit\u00e0, ai colori complementari e all'esperta lavorazione artigianale, Margot \u00e8 un'opzione eccellente per qualsiasi negozio professionale.<\/p>","protected":false},"excerpt":{"rendered":"<ul>\n<li>Accessorio per spinotti<\/li>\n<li>Calibro: 25G<\/li>\n<li>Materiale: Oro giallo 14k<\/li>\n<li>Gemma: Tsavorite + SW Bianco<\/li>\n<\/ul>","protected":false},"featured_media":21293,"comment_status":"closed","ping_status":"closed","template":"","meta":{"_acf_changed":false},"product_brand":[],"product_cat":[400,337,463],"product_tag":[187,188,189,205,206,190,183,184,207],"class_list":{"0":"post-21292","1":"product","2":"type-product","3":"status-publish","4":"has-post-thumbnail","6":"product_cat-tremun","7":"product_cat-gold-jewelry","8":"product_cat-tops-gold-tremun","9":"product_tag-conch","10":"product_tag-ear","11":"product_tag-helix","12":"product_tag-lobe","13":"product_tag-lobulo","14":"product_tag-oreja","15":"product_tag-perforacion","16":"product_tag-piercing","17":"product_tag-tragus","19":"first","20":"instock","21":"taxable","22":"shipping-taxable","23":"purchasable","24":"product-type-simple"},"acf":[],"gallery_images":[29210,29211],"_links":{"self":[{"href":"https:\/\/tremunpiercing.com\/it\/wp-json\/wp\/v2\/product\/21292","targetHints":{"allow":["GET"]}}],"collection":[{"href":"https:\/\/tremunpiercing.com\/it\/wp-json\/wp\/v2\/product"}],"about":[{"href":"https:\/\/tremunpiercing.com\/it\/wp-json\/wp\/v2\/types\/product"}],"replies":[{"embeddable":true,"href":"https:\/\/tremunpiercing.com\/it\/wp-json\/wp\/v2\/comments?post=21292"}],"version-history":[{"count":1,"href":"https:\/\/tremunpiercing.com\/it\/wp-json\/wp\/v2\/product\/21292\/revisions"}],"predecessor-version":[{"id":29212,"href":"https:\/\/tremunpiercing.com\/it\/wp-json\/wp\/v2\/product\/21292\/revisions\/29212"}],"wp:featuredmedia":[{"embeddable":true,"href":"https:\/\/tremunpiercing.com\/it\/wp-json\/wp\/v2\/media\/21293"}],"wp:attachment":[{"href":"https:\/\/tremunpiercing.com\/it\/wp-json\/wp\/v2\/media?parent=21292"}],"wp:term":[{"taxonomy":"product_brand","embeddable":true,"href":"https:\/\/tremunpiercing.com\/it\/wp-json\/wp\/v2\/product_brand?post=21292"},{"taxonomy":"product_cat","embeddable":true,"href":"https:\/\/tremunpiercing.com\/it\/wp-json\/wp\/v2\/product_cat?post=21292"},{"taxonomy":"product_tag","embeddable":true,"href":"https:\/\/tremunpiercing.com\/it\/wp-json\/wp\/v2\/product_tag?post=21292"}],"curies":[{"name":"wp","href":"https:\/\/api.w.org\/{rel}","templated":true}]}}