{"id":22004,"date":"2025-09-17T19:46:58","date_gmt":"2025-09-17T18:46:58","guid":{"rendered":"https:\/\/tremunpiercing.com\/?post_type=product&#038;p=22004"},"modified":"2026-04-14T16:47:26","modified_gmt":"2026-04-14T15:47:26","slug":"lena-sw-light-peony","status":"publish","type":"product","link":"https:\/\/tremunpiercing.com\/it\/product\/lena-sw-light-peony\/","title":{"rendered":"Lena - Peonia opale chiaro"},"content":{"rendered":"<p>Il gioiello Lena-Opal Light Peony \u00e8 pensato per chi ama i dettagli morbidi e femminili. La pietra Opal Light Peony \u00e8 splendidamente luminosa e il gioiello in titanio di grado implantare F-136 \u00e8 filettato internamente per garantire comfort e sicurezza.<\/p>\n<p>Questo pezzo \u00e8 accentuato da una dimensione di circa 3 mm, perfetta per i piercing al trago, all'elice, al labret e al piatto. Il bagliore pastello dell'Opale trasmette una morbidezza nel modo in cui cattura la luce, offrendo al contempo un delicato scintillio perfetto per essere indossato ogni giorno.<\/p>\n<p>Scelta affidabile e stimata dagli studi di piercing e dai professionisti, il Lena Opal Light Peony offre un fascino superiore, biocompatibilit\u00e0 e una resistenza incentrata sul titanio: un gioiello di alta qualit\u00e0 essenziale in qualsiasi collezione incentrata sull'eleganza.<\/p>","protected":false},"excerpt":{"rendered":"<ul>\n<li>Filettato internamente<\/li>\n<li>Materiale: Titanio di grado implantare F-136<\/li>\n<li>Dimensione: 3 mm<\/li>\n<li>Gemma: Opale Peonia chiara<\/li>\n<li>Calibro: 16G<\/li>\n<\/ul>","protected":false},"featured_media":22005,"comment_status":"closed","ping_status":"closed","template":"","meta":{"_acf_changed":false},"product_brand":[],"product_cat":[340,343],"product_tag":[187,188,189,210,211,199,190,183,184],"class_list":{"0":"post-22004","1":"product","2":"type-product","3":"status-publish","4":"has-post-thumbnail","6":"product_cat-titanium-jewelry","7":"product_cat-tops-titanium-jewelry","8":"product_tag-conch","9":"product_tag-ear","10":"product_tag-helix","11":"product_tag-labret","12":"product_tag-lip","13":"product_tag-nostril","14":"product_tag-oreja","15":"product_tag-perforacion","16":"product_tag-piercing","18":"first","19":"instock","20":"taxable","21":"shipping-taxable","22":"purchasable","23":"product-type-simple"},"acf":[],"gallery_images":[27498,27499],"_links":{"self":[{"href":"https:\/\/tremunpiercing.com\/it\/wp-json\/wp\/v2\/product\/22004","targetHints":{"allow":["GET"]}}],"collection":[{"href":"https:\/\/tremunpiercing.com\/it\/wp-json\/wp\/v2\/product"}],"about":[{"href":"https:\/\/tremunpiercing.com\/it\/wp-json\/wp\/v2\/types\/product"}],"replies":[{"embeddable":true,"href":"https:\/\/tremunpiercing.com\/it\/wp-json\/wp\/v2\/comments?post=22004"}],"version-history":[{"count":1,"href":"https:\/\/tremunpiercing.com\/it\/wp-json\/wp\/v2\/product\/22004\/revisions"}],"predecessor-version":[{"id":27501,"href":"https:\/\/tremunpiercing.com\/it\/wp-json\/wp\/v2\/product\/22004\/revisions\/27501"}],"wp:featuredmedia":[{"embeddable":true,"href":"https:\/\/tremunpiercing.com\/it\/wp-json\/wp\/v2\/media\/22005"}],"wp:attachment":[{"href":"https:\/\/tremunpiercing.com\/it\/wp-json\/wp\/v2\/media?parent=22004"}],"wp:term":[{"taxonomy":"product_brand","embeddable":true,"href":"https:\/\/tremunpiercing.com\/it\/wp-json\/wp\/v2\/product_brand?post=22004"},{"taxonomy":"product_cat","embeddable":true,"href":"https:\/\/tremunpiercing.com\/it\/wp-json\/wp\/v2\/product_cat?post=22004"},{"taxonomy":"product_tag","embeddable":true,"href":"https:\/\/tremunpiercing.com\/it\/wp-json\/wp\/v2\/product_tag?post=22004"}],"curies":[{"name":"wp","href":"https:\/\/api.w.org\/{rel}","templated":true}]}}