{"id":22175,"date":"2025-09-22T23:23:19","date_gmt":"2025-09-22T22:23:19","guid":{"rendered":"https:\/\/tremunpiercing.com\/?post_type=product&#038;p=22175"},"modified":"2026-04-20T16:10:05","modified_gmt":"2026-04-20T15:10:05","slug":"oval-cab-labradorite","status":"publish","type":"product","link":"https:\/\/tremunpiercing.com\/it\/product\/oval-cab-labradorite\/","title":{"rendered":"Cabina ovale - Labradorite"},"content":{"rendered":"<p>Il Labradorite Oval Cab fonde la bellezza organica con un'estetica altamente artigianale. Incastonato con una gemma di quarzo tormalato naturale di 5,6 mm x 3,3 mm, questo gioiello offre una straordinaria profondit\u00e0 di colore. Essendo un gioiello con filettatura interna 16G realizzato in titanio di grado F-136, questo gioiello \u00e8 sicuro da indossare e confortevole.<\/p>\n<p>La qualit\u00e0 iridescente della gemma a taglio ovale la rende un'ottima opzione per piercing a conchiglia, a lobo o piatti per chi apprezza la bellezza organica. L'Oval Cab \u00e8 un'opzione eccellente per gli studi con una collezione di gemme dedicata. \u00c8 un'opera d'arte ma anche funzionale. La base in titanio lucido crea la massima luminosit\u00e0, rendendo ogni pezzo un tocco finale eccezionale e unico.<\/p>","protected":false},"excerpt":{"rendered":"<ul>\n<li>Filettato internamente<\/li>\n<li>Materiale: Titanio di grado implantare F-136<\/li>\n<li>Calibro: 16G<\/li>\n<li>Gemma: Labradorite<\/li>\n<li>Dimensione della gemma: 5,6 mm x 3,3 mm<\/li>\n<\/ul>","protected":false},"featured_media":22176,"comment_status":"closed","ping_status":"closed","template":"","meta":{"_acf_changed":false},"product_brand":[],"product_cat":[340,343],"product_tag":[187,179,180,188,209,189,210,211,212,190,183,184,207],"class_list":{"0":"post-22175","1":"product","2":"type-product","3":"status-publish","4":"has-post-thumbnail","6":"product_cat-titanium-jewelry","7":"product_cat-tops-titanium-jewelry","8":"product_tag-conch","9":"product_tag-cristal","10":"product_tag-cz","11":"product_tag-ear","12":"product_tag-faux-rook","13":"product_tag-helix","14":"product_tag-labret","15":"product_tag-lip","16":"product_tag-medusa","17":"product_tag-oreja","18":"product_tag-perforacion","19":"product_tag-piercing","20":"product_tag-tragus","22":"first","23":"instock","24":"taxable","25":"shipping-taxable","26":"purchasable","27":"product-type-simple"},"acf":[],"gallery_images":[22177,27440,27441],"_links":{"self":[{"href":"https:\/\/tremunpiercing.com\/it\/wp-json\/wp\/v2\/product\/22175","targetHints":{"allow":["GET"]}}],"collection":[{"href":"https:\/\/tremunpiercing.com\/it\/wp-json\/wp\/v2\/product"}],"about":[{"href":"https:\/\/tremunpiercing.com\/it\/wp-json\/wp\/v2\/types\/product"}],"replies":[{"embeddable":true,"href":"https:\/\/tremunpiercing.com\/it\/wp-json\/wp\/v2\/comments?post=22175"}],"version-history":[{"count":1,"href":"https:\/\/tremunpiercing.com\/it\/wp-json\/wp\/v2\/product\/22175\/revisions"}],"predecessor-version":[{"id":27442,"href":"https:\/\/tremunpiercing.com\/it\/wp-json\/wp\/v2\/product\/22175\/revisions\/27442"}],"wp:featuredmedia":[{"embeddable":true,"href":"https:\/\/tremunpiercing.com\/it\/wp-json\/wp\/v2\/media\/22176"}],"wp:attachment":[{"href":"https:\/\/tremunpiercing.com\/it\/wp-json\/wp\/v2\/media?parent=22175"}],"wp:term":[{"taxonomy":"product_brand","embeddable":true,"href":"https:\/\/tremunpiercing.com\/it\/wp-json\/wp\/v2\/product_brand?post=22175"},{"taxonomy":"product_cat","embeddable":true,"href":"https:\/\/tremunpiercing.com\/it\/wp-json\/wp\/v2\/product_cat?post=22175"},{"taxonomy":"product_tag","embeddable":true,"href":"https:\/\/tremunpiercing.com\/it\/wp-json\/wp\/v2\/product_tag?post=22175"}],"curies":[{"name":"wp","href":"https:\/\/api.w.org\/{rel}","templated":true}]}}