{"id":22201,"date":"2025-09-23T19:51:14","date_gmt":"2025-09-23T18:51:14","guid":{"rendered":"https:\/\/tremunpiercing.com\/?post_type=product&#038;p=22201"},"modified":"2026-04-19T10:21:22","modified_gmt":"2026-04-19T09:21:22","slug":"angel-sw-white","status":"publish","type":"product","link":"https:\/\/tremunpiercing.com\/it\/product\/angel-sw-white\/","title":{"rendered":"Angelo - SW Bianco"},"content":{"rendered":"<p>L'Angel SW White irradia lusso con una squisita brillantezza, ornata da pietre SW Zirconia. Costruito in titanio F-136 di grado implantare, questo pezzo \u00e8 di alta qualit\u00e0, biocompatibile e durevole. Il design con filettatura interna 16G \u00e8 sempre preferito dai piercer per la sua vestibilit\u00e0 comoda e facile. Lo scintillio luminoso \u00e8 perfetto per i piercing all'elice, al lobo e al trago, ed \u00e8 un'ottima opzione per i clienti che desiderano un look elegante senza il fastidio del disagio.<\/p>\n<p>Progettato per prestazioni di qualit\u00e0 da studio, Angel aggiunge sempre raffinatezza a ogni collezione di gioielli curata. Ogni dettaglio \u00e8 realizzato per incarnare la precisione, la purezza e il fascino intramontabile dei gioielli contemporanei.<\/p>","protected":false},"excerpt":{"rendered":"<ul>\n<li>Filettato internamente<\/li>\n<li>Materiale: Titanio di grado implantare F-136<\/li>\n<li>Calibro: 16G<\/li>\n<li>Gemma: SW - Zircone Premium<\/li>\n<li>Dimensioni: 3 mm x 6 mm<\/li>\n<\/ul>","protected":false},"featured_media":22202,"comment_status":"closed","ping_status":"closed","template":"","meta":{"_acf_changed":false},"product_brand":[],"product_cat":[442,340,343],"product_tag":[187,179,180,188,209,189,210,211,212,190,183,184,207],"class_list":{"0":"post-22201","1":"product","2":"type-product","3":"status-publish","4":"has-post-thumbnail","6":"product_cat-sw","7":"product_cat-titanium-jewelry","8":"product_cat-tops-titanium-jewelry","9":"product_tag-conch","10":"product_tag-cristal","11":"product_tag-cz","12":"product_tag-ear","13":"product_tag-faux-rook","14":"product_tag-helix","15":"product_tag-labret","16":"product_tag-lip","17":"product_tag-medusa","18":"product_tag-oreja","19":"product_tag-perforacion","20":"product_tag-piercing","21":"product_tag-tragus","23":"first","24":"instock","25":"taxable","26":"shipping-taxable","27":"purchasable","28":"product-type-variable"},"acf":[],"gallery_images":[22203,27419,27420],"_links":{"self":[{"href":"https:\/\/tremunpiercing.com\/it\/wp-json\/wp\/v2\/product\/22201","targetHints":{"allow":["GET"]}}],"collection":[{"href":"https:\/\/tremunpiercing.com\/it\/wp-json\/wp\/v2\/product"}],"about":[{"href":"https:\/\/tremunpiercing.com\/it\/wp-json\/wp\/v2\/types\/product"}],"replies":[{"embeddable":true,"href":"https:\/\/tremunpiercing.com\/it\/wp-json\/wp\/v2\/comments?post=22201"}],"version-history":[{"count":1,"href":"https:\/\/tremunpiercing.com\/it\/wp-json\/wp\/v2\/product\/22201\/revisions"}],"predecessor-version":[{"id":27421,"href":"https:\/\/tremunpiercing.com\/it\/wp-json\/wp\/v2\/product\/22201\/revisions\/27421"}],"wp:featuredmedia":[{"embeddable":true,"href":"https:\/\/tremunpiercing.com\/it\/wp-json\/wp\/v2\/media\/22202"}],"wp:attachment":[{"href":"https:\/\/tremunpiercing.com\/it\/wp-json\/wp\/v2\/media?parent=22201"}],"wp:term":[{"taxonomy":"product_brand","embeddable":true,"href":"https:\/\/tremunpiercing.com\/it\/wp-json\/wp\/v2\/product_brand?post=22201"},{"taxonomy":"product_cat","embeddable":true,"href":"https:\/\/tremunpiercing.com\/it\/wp-json\/wp\/v2\/product_cat?post=22201"},{"taxonomy":"product_tag","embeddable":true,"href":"https:\/\/tremunpiercing.com\/it\/wp-json\/wp\/v2\/product_tag?post=22201"}],"curies":[{"name":"wp","href":"https:\/\/api.w.org\/{rel}","templated":true}]}}