{"id":22207,"date":"2025-09-23T19:59:35","date_gmt":"2025-09-23T18:59:35","guid":{"rendered":"https:\/\/tremunpiercing.com\/?post_type=product&#038;p=22207"},"modified":"2026-04-18T10:58:16","modified_gmt":"2026-04-18T09:58:16","slug":"donna","status":"publish","type":"product","link":"https:\/\/tremunpiercing.com\/it\/product\/donna\/","title":{"rendered":"Donna"},"content":{"rendered":"<p>Il Donna \u00e8 uno squisito gioiello per il corpo progettato con precisione e realizzato in titanio di grado implantare (F-136), che garantisce una biocompatibilit\u00e0 superiore e una vestibilit\u00e0 duratura. Il design con filettatura interna 16G \u00e8 facile da installare in modo sicuro e senza problemi, ideale per i piercing sensibili. Le pietre di zirconia cubica sono accattivanti e aggiungono un livello di scintillio sofisticato a questo gioiello versatile, che pu\u00f2 essere indossato da solo o abbinato ad altri gioielli.<\/p>\n<p>Il Donna \u00e8 perfetto per i piercing alla cartilagine dell'orecchio, alla conchiglia o al labbro, in quanto offre stile, eleganza e funzionalit\u00e0. \u00c8 leggero, non si appanna e rappresenta un prodotto eccellente da vendere negli studi di piercing e nei negozi al dettaglio per i clienti che desiderano gioielli per il corpo di alta qualit\u00e0 con dettagli e lucentezza.<\/p>","protected":false},"excerpt":{"rendered":"<ul>\n<li>Filettato internamente<\/li>\n<li>Materiale: Titanio di grado implantare F-136<\/li>\n<li>Calibro: 16G<\/li>\n<li>Gemma: Zirconia cubica<\/li>\n<li>Dimensioni: 3,6 mm x 10 mm<\/li>\n<\/ul>","protected":false},"featured_media":22208,"comment_status":"closed","ping_status":"closed","template":"","meta":{"_acf_changed":false},"product_brand":[],"product_cat":[340,343],"product_tag":[187,179,180,188,209,189,210,211,212,190,183,184,207],"class_list":{"0":"post-22207","1":"product","2":"type-product","3":"status-publish","4":"has-post-thumbnail","6":"product_cat-titanium-jewelry","7":"product_cat-tops-titanium-jewelry","8":"product_tag-conch","9":"product_tag-cristal","10":"product_tag-cz","11":"product_tag-ear","12":"product_tag-faux-rook","13":"product_tag-helix","14":"product_tag-labret","15":"product_tag-lip","16":"product_tag-medusa","17":"product_tag-oreja","18":"product_tag-perforacion","19":"product_tag-piercing","20":"product_tag-tragus","22":"first","23":"instock","24":"taxable","25":"shipping-taxable","26":"purchasable","27":"product-type-simple"},"acf":[],"gallery_images":[27415,27416],"_links":{"self":[{"href":"https:\/\/tremunpiercing.com\/it\/wp-json\/wp\/v2\/product\/22207","targetHints":{"allow":["GET"]}}],"collection":[{"href":"https:\/\/tremunpiercing.com\/it\/wp-json\/wp\/v2\/product"}],"about":[{"href":"https:\/\/tremunpiercing.com\/it\/wp-json\/wp\/v2\/types\/product"}],"replies":[{"embeddable":true,"href":"https:\/\/tremunpiercing.com\/it\/wp-json\/wp\/v2\/comments?post=22207"}],"version-history":[{"count":1,"href":"https:\/\/tremunpiercing.com\/it\/wp-json\/wp\/v2\/product\/22207\/revisions"}],"predecessor-version":[{"id":27418,"href":"https:\/\/tremunpiercing.com\/it\/wp-json\/wp\/v2\/product\/22207\/revisions\/27418"}],"wp:featuredmedia":[{"embeddable":true,"href":"https:\/\/tremunpiercing.com\/it\/wp-json\/wp\/v2\/media\/22208"}],"wp:attachment":[{"href":"https:\/\/tremunpiercing.com\/it\/wp-json\/wp\/v2\/media?parent=22207"}],"wp:term":[{"taxonomy":"product_brand","embeddable":true,"href":"https:\/\/tremunpiercing.com\/it\/wp-json\/wp\/v2\/product_brand?post=22207"},{"taxonomy":"product_cat","embeddable":true,"href":"https:\/\/tremunpiercing.com\/it\/wp-json\/wp\/v2\/product_cat?post=22207"},{"taxonomy":"product_tag","embeddable":true,"href":"https:\/\/tremunpiercing.com\/it\/wp-json\/wp\/v2\/product_tag?post=22207"}],"curies":[{"name":"wp","href":"https:\/\/api.w.org\/{rel}","templated":true}]}}