{"id":22235,"date":"2025-09-23T20:32:10","date_gmt":"2025-09-23T19:32:10","guid":{"rendered":"https:\/\/tremunpiercing.com\/?post_type=product&#038;p=22235"},"modified":"2026-04-01T14:53:00","modified_gmt":"2026-04-01T13:53:00","slug":"cecilia-emerald","status":"publish","type":"product","link":"https:\/\/tremunpiercing.com\/it\/product\/cecilia-emerald\/","title":{"rendered":"Cecilia - Smeraldo"},"content":{"rendered":"<p>Fate una dichiarazione audace e vivace con il labret Cecilia Emerald. Questo labret \u00e8 caratterizzato da uno scintillante Cubic Zirconia di colore verde intenso, tagliato nel modo giusto per garantire la massima brillantezza. La pietra \u00e8 incastonata con l'elegante e distintiva montatura Cecilia, che si avvale di griffe minimaliste che consentono alla luce di attraversare la pietra per ottenere la massima brillantezza.<\/p>\n<p>L'intero pezzo \u00e8 realizzato in titanio di grado implantare (F-136) per un uso sicuro e ipoallergenico anche per i clienti pi\u00f9 sensibili. Il perno con filettatura interna 16G \u00e8 sicuro e facile da installare. La gemma verde, classica e audace, piace a tutti ed \u00e8 perfetta per aggiungere un tocco di colore classico a qualsiasi piercing. Si tratta di un articolo imperdibile ad alta rotazione per gli studi con clienti che amano lo scintillio colorato senza tempo.<\/p>","protected":false},"excerpt":{"rendered":"<ul>\n<li>Filettato internamente<\/li>\n<li>Materiale: Titanio di grado implantare F-136<\/li>\n<li>Calibro: 16G<\/li>\n<li>Gemma: Zirconia cubica<\/li>\n<li>Dimensioni: 4 mm x 6,7 mm<\/li>\n<\/ul>","protected":false},"featured_media":22236,"comment_status":"closed","ping_status":"closed","template":"","meta":{"_acf_changed":false},"product_brand":[],"product_cat":[340,343],"product_tag":[187,179,180,188,209,189,210,211,212,190,183,184,207],"class_list":{"0":"post-22235","1":"product","2":"type-product","3":"status-publish","4":"has-post-thumbnail","6":"product_cat-titanium-jewelry","7":"product_cat-tops-titanium-jewelry","8":"product_tag-conch","9":"product_tag-cristal","10":"product_tag-cz","11":"product_tag-ear","12":"product_tag-faux-rook","13":"product_tag-helix","14":"product_tag-labret","15":"product_tag-lip","16":"product_tag-medusa","17":"product_tag-oreja","18":"product_tag-perforacion","19":"product_tag-piercing","20":"product_tag-tragus","22":"first","23":"instock","24":"taxable","25":"shipping-taxable","26":"purchasable","27":"product-type-simple"},"acf":[],"gallery_images":[27359,27360],"_links":{"self":[{"href":"https:\/\/tremunpiercing.com\/it\/wp-json\/wp\/v2\/product\/22235","targetHints":{"allow":["GET"]}}],"collection":[{"href":"https:\/\/tremunpiercing.com\/it\/wp-json\/wp\/v2\/product"}],"about":[{"href":"https:\/\/tremunpiercing.com\/it\/wp-json\/wp\/v2\/types\/product"}],"replies":[{"embeddable":true,"href":"https:\/\/tremunpiercing.com\/it\/wp-json\/wp\/v2\/comments?post=22235"}],"version-history":[{"count":1,"href":"https:\/\/tremunpiercing.com\/it\/wp-json\/wp\/v2\/product\/22235\/revisions"}],"predecessor-version":[{"id":27362,"href":"https:\/\/tremunpiercing.com\/it\/wp-json\/wp\/v2\/product\/22235\/revisions\/27362"}],"wp:featuredmedia":[{"embeddable":true,"href":"https:\/\/tremunpiercing.com\/it\/wp-json\/wp\/v2\/media\/22236"}],"wp:attachment":[{"href":"https:\/\/tremunpiercing.com\/it\/wp-json\/wp\/v2\/media?parent=22235"}],"wp:term":[{"taxonomy":"product_brand","embeddable":true,"href":"https:\/\/tremunpiercing.com\/it\/wp-json\/wp\/v2\/product_brand?post=22235"},{"taxonomy":"product_cat","embeddable":true,"href":"https:\/\/tremunpiercing.com\/it\/wp-json\/wp\/v2\/product_cat?post=22235"},{"taxonomy":"product_tag","embeddable":true,"href":"https:\/\/tremunpiercing.com\/it\/wp-json\/wp\/v2\/product_tag?post=22235"}],"curies":[{"name":"wp","href":"https:\/\/api.w.org\/{rel}","templated":true}]}}