{"id":22245,"date":"2025-09-23T20:40:17","date_gmt":"2025-09-23T19:40:17","guid":{"rendered":"https:\/\/tremunpiercing.com\/?post_type=product&#038;p=22245"},"modified":"2026-04-20T16:10:04","modified_gmt":"2026-04-20T15:10:04","slug":"cecilia-tourmalated-quartz","status":"publish","type":"product","link":"https:\/\/tremunpiercing.com\/it\/product\/cecilia-tourmalated-quartz\/","title":{"rendered":"Cecilia - Quarzo tormalato"},"content":{"rendered":"<p>Regalate ai vostri clienti una fetta di terra davvero unica con il nostro labret in quarzo tormalato Cecilia. Questa straordinaria pietra \u00e8 caratterizzata da quarzo chiaro con bellissime inclusioni di aghi di tormalina nera, che creano un disegno e una sensazione unici in ogni labret. La pietra \u00e8 incastonata nella nostra elegante montatura Cecilia, che utilizza un modesto design a pressione con griffe, per concentrarsi sulla pietra stessa. Questo labret \u00e8 realizzato in titanio di grado implantare (F-136) con un perno filettato internamente 16G che offre sicurezza e comfort.<\/p>\n<p>Questo design \u00e8 perfetto per i clienti che desiderano uscire dagli schemi dei normali CZ semplici, pur mantenendo un'atmosfera audace e organica per i loro gioielli. Aggiungete questo accattivante labret al vostro inventario per offrire ai vostri clienti un pezzo distintivo e accattivante, sostenendo al contempo la diversit\u00e0 e l'integrit\u00e0 della selezione di qualit\u00e0 dei vostri studi.<\/p>","protected":false},"excerpt":{"rendered":"<ul>\n<li>Filettato internamente<\/li>\n<li>Materiale: Titanio di grado implantare F-136<\/li>\n<li>Calibro: 16G<\/li>\n<li>Gemma: Quarzo tormalato<\/li>\n<li>Dimensioni: 4 mm x 6,7 mm<\/li>\n<\/ul>","protected":false},"featured_media":22246,"comment_status":"closed","ping_status":"closed","template":"","meta":{"_acf_changed":false},"product_brand":[],"product_cat":[340,343],"product_tag":[187,179,180,188,209,189,210,211,212,190,183,184,207],"class_list":{"0":"post-22245","1":"product","2":"type-product","3":"status-publish","4":"has-post-thumbnail","6":"product_cat-titanium-jewelry","7":"product_cat-tops-titanium-jewelry","8":"product_tag-conch","9":"product_tag-cristal","10":"product_tag-cz","11":"product_tag-ear","12":"product_tag-faux-rook","13":"product_tag-helix","14":"product_tag-labret","15":"product_tag-lip","16":"product_tag-medusa","17":"product_tag-oreja","18":"product_tag-perforacion","19":"product_tag-piercing","20":"product_tag-tragus","22":"first","23":"instock","24":"taxable","25":"shipping-taxable","26":"purchasable","27":"product-type-simple"},"acf":[],"gallery_images":[27352,27351],"_links":{"self":[{"href":"https:\/\/tremunpiercing.com\/it\/wp-json\/wp\/v2\/product\/22245","targetHints":{"allow":["GET"]}}],"collection":[{"href":"https:\/\/tremunpiercing.com\/it\/wp-json\/wp\/v2\/product"}],"about":[{"href":"https:\/\/tremunpiercing.com\/it\/wp-json\/wp\/v2\/types\/product"}],"replies":[{"embeddable":true,"href":"https:\/\/tremunpiercing.com\/it\/wp-json\/wp\/v2\/comments?post=22245"}],"version-history":[{"count":1,"href":"https:\/\/tremunpiercing.com\/it\/wp-json\/wp\/v2\/product\/22245\/revisions"}],"predecessor-version":[{"id":27355,"href":"https:\/\/tremunpiercing.com\/it\/wp-json\/wp\/v2\/product\/22245\/revisions\/27355"}],"wp:featuredmedia":[{"embeddable":true,"href":"https:\/\/tremunpiercing.com\/it\/wp-json\/wp\/v2\/media\/22246"}],"wp:attachment":[{"href":"https:\/\/tremunpiercing.com\/it\/wp-json\/wp\/v2\/media?parent=22245"}],"wp:term":[{"taxonomy":"product_brand","embeddable":true,"href":"https:\/\/tremunpiercing.com\/it\/wp-json\/wp\/v2\/product_brand?post=22245"},{"taxonomy":"product_cat","embeddable":true,"href":"https:\/\/tremunpiercing.com\/it\/wp-json\/wp\/v2\/product_cat?post=22245"},{"taxonomy":"product_tag","embeddable":true,"href":"https:\/\/tremunpiercing.com\/it\/wp-json\/wp\/v2\/product_tag?post=22245"}],"curies":[{"name":"wp","href":"https:\/\/api.w.org\/{rel}","templated":true}]}}