{"id":22548,"date":"2025-10-03T21:27:01","date_gmt":"2025-10-03T20:27:01","guid":{"rendered":"https:\/\/tremunpiercing.com\/?post_type=product&#038;p=22548"},"modified":"2026-04-10T22:54:06","modified_gmt":"2026-04-10T21:54:06","slug":"crimson-heart","status":"publish","type":"product","link":"https:\/\/tremunpiercing.com\/it\/product\/crimson-heart\/","title":{"rendered":"Cuore cremisi"},"content":{"rendered":"<p>Il Crimson Heart \u00e8 un top in titanio romantico e al tempo stesso originale, che esprime la propria individualit\u00e0. Realizzato in titanio di grado implantare (F-136), il cuore ha una filettatura interna di 16G, che aggiunge comfort e sicurezza se indossato quotidianamente. Il design del cuore \u00e8 un ornamento audace e appassionato per il vostro piercing all'orecchio o piatto, che sappiamo sar\u00e0 il preferito dai vostri clienti che amano i gioielli di tendenza. Questo articolo \u00e8 ideale per gli studi di piercing e i fornitori che desiderano una moda e una bellezza duratura.<\/p>","protected":false},"excerpt":{"rendered":"<ul>\n<li>Filettato internamente<\/li>\n<li>Materiale: Titanio di grado implantare F-136<\/li>\n<li>Calibro: 16G<\/li>\n<li>Dimensioni: 6 mm x 7 mm<\/li>\n<\/ul>","protected":false},"featured_media":22584,"comment_status":"closed","ping_status":"closed","template":"","meta":{"_acf_changed":false},"product_brand":[],"product_cat":[340,343],"product_tag":[187,188,209,189,205,206,190,183,184,207],"class_list":{"0":"post-22548","1":"product","2":"type-product","3":"status-publish","4":"has-post-thumbnail","6":"product_cat-titanium-jewelry","7":"product_cat-tops-titanium-jewelry","8":"product_tag-conch","9":"product_tag-ear","10":"product_tag-faux-rook","11":"product_tag-helix","12":"product_tag-lobe","13":"product_tag-lobulo","14":"product_tag-oreja","15":"product_tag-perforacion","16":"product_tag-piercing","17":"product_tag-tragus","19":"first","20":"instock","21":"taxable","22":"shipping-taxable","23":"purchasable","24":"product-type-simple"},"acf":[],"gallery_images":[27325,27324],"_links":{"self":[{"href":"https:\/\/tremunpiercing.com\/it\/wp-json\/wp\/v2\/product\/22548","targetHints":{"allow":["GET"]}}],"collection":[{"href":"https:\/\/tremunpiercing.com\/it\/wp-json\/wp\/v2\/product"}],"about":[{"href":"https:\/\/tremunpiercing.com\/it\/wp-json\/wp\/v2\/types\/product"}],"replies":[{"embeddable":true,"href":"https:\/\/tremunpiercing.com\/it\/wp-json\/wp\/v2\/comments?post=22548"}],"version-history":[{"count":1,"href":"https:\/\/tremunpiercing.com\/it\/wp-json\/wp\/v2\/product\/22548\/revisions"}],"predecessor-version":[{"id":27326,"href":"https:\/\/tremunpiercing.com\/it\/wp-json\/wp\/v2\/product\/22548\/revisions\/27326"}],"wp:featuredmedia":[{"embeddable":true,"href":"https:\/\/tremunpiercing.com\/it\/wp-json\/wp\/v2\/media\/22584"}],"wp:attachment":[{"href":"https:\/\/tremunpiercing.com\/it\/wp-json\/wp\/v2\/media?parent=22548"}],"wp:term":[{"taxonomy":"product_brand","embeddable":true,"href":"https:\/\/tremunpiercing.com\/it\/wp-json\/wp\/v2\/product_brand?post=22548"},{"taxonomy":"product_cat","embeddable":true,"href":"https:\/\/tremunpiercing.com\/it\/wp-json\/wp\/v2\/product_cat?post=22548"},{"taxonomy":"product_tag","embeddable":true,"href":"https:\/\/tremunpiercing.com\/it\/wp-json\/wp\/v2\/product_tag?post=22548"}],"curies":[{"name":"wp","href":"https:\/\/api.w.org\/{rel}","templated":true}]}}