{"id":22684,"date":"2025-10-06T21:12:49","date_gmt":"2025-10-06T20:12:49","guid":{"rendered":"https:\/\/tremunpiercing.com\/?post_type=product&#038;p=22684"},"modified":"2026-03-17T12:46:07","modified_gmt":"2026-03-17T11:46:07","slug":"kitty-aqua-cz","status":"publish","type":"product","link":"https:\/\/tremunpiercing.com\/it\/product\/kitty-aqua-cz\/","title":{"rendered":"Gattino - Aqua CZ"},"content":{"rendered":"<p>Il Kitty Aqua CZ offre uno scintillio rinfrescante, ispirato all'oceano. Realizzato in titanio F-136 di grado implantare, \u00e8 filettato internamente per garantire facilit\u00e0 di installazione e comfort per tutto il giorno. La gemma di zirconia cubica color acqua brilla con toni freddi e cattura la luce in modo meraviglioso, rendendolo un design perfetto per i piercing alle orecchie, alle narici e alla cartilagine.<\/p>\n<p>La base in titanio biocompatibile garantisce la sicurezza del pezzo e la sua tenuta nel tempo, anche per i clienti pi\u00f9 sensibili. Questo pezzo \u00e8 perfetto per il vostro studio e per i vostri clienti professionisti, ed \u00e8 un ottimo pezzo da aggiungere a qualsiasi collezione di gioielli, e pu\u00f2 migliorare un semplice design di gioielli con il suo design pulito e il suo colore brillante e vibrante.<\/p>","protected":false},"excerpt":{"rendered":"<ul>\n<li>Filettato internamente<\/li>\n<li>Materiale: Titanio di grado implantare F-136<\/li>\n<li>Calibro: 16G<\/li>\n<li>Gemma: Zircone cubico<\/li>\n<li>Dimensioni: 3,3 mm x 5,7 mm<\/li>\n<\/ul>","protected":false},"featured_media":23014,"comment_status":"closed","ping_status":"closed","template":"","meta":{"_acf_changed":false},"product_brand":[],"product_cat":[340,343],"product_tag":[187,179,180,188,209,189,210,211,212,199,190,183,213,184,214,185,207],"class_list":{"0":"post-22684","1":"product","2":"type-product","3":"status-publish","4":"has-post-thumbnail","6":"product_cat-titanium-jewelry","7":"product_cat-tops-titanium-jewelry","8":"product_tag-conch","9":"product_tag-cristal","10":"product_tag-cz","11":"product_tag-ear","12":"product_tag-faux-rook","13":"product_tag-helix","14":"product_tag-labret","15":"product_tag-lip","16":"product_tag-medusa","17":"product_tag-nostril","18":"product_tag-oreja","19":"product_tag-perforacion","20":"product_tag-philtrum","21":"product_tag-piercing","22":"product_tag-rook","23":"product_tag-shiny","24":"product_tag-tragus","26":"first","27":"instock","28":"taxable","29":"shipping-taxable","30":"purchasable","31":"product-type-simple"},"acf":[],"gallery_images":[27267,27266],"_links":{"self":[{"href":"https:\/\/tremunpiercing.com\/it\/wp-json\/wp\/v2\/product\/22684","targetHints":{"allow":["GET"]}}],"collection":[{"href":"https:\/\/tremunpiercing.com\/it\/wp-json\/wp\/v2\/product"}],"about":[{"href":"https:\/\/tremunpiercing.com\/it\/wp-json\/wp\/v2\/types\/product"}],"replies":[{"embeddable":true,"href":"https:\/\/tremunpiercing.com\/it\/wp-json\/wp\/v2\/comments?post=22684"}],"version-history":[{"count":1,"href":"https:\/\/tremunpiercing.com\/it\/wp-json\/wp\/v2\/product\/22684\/revisions"}],"predecessor-version":[{"id":27268,"href":"https:\/\/tremunpiercing.com\/it\/wp-json\/wp\/v2\/product\/22684\/revisions\/27268"}],"wp:featuredmedia":[{"embeddable":true,"href":"https:\/\/tremunpiercing.com\/it\/wp-json\/wp\/v2\/media\/23014"}],"wp:attachment":[{"href":"https:\/\/tremunpiercing.com\/it\/wp-json\/wp\/v2\/media?parent=22684"}],"wp:term":[{"taxonomy":"product_brand","embeddable":true,"href":"https:\/\/tremunpiercing.com\/it\/wp-json\/wp\/v2\/product_brand?post=22684"},{"taxonomy":"product_cat","embeddable":true,"href":"https:\/\/tremunpiercing.com\/it\/wp-json\/wp\/v2\/product_cat?post=22684"},{"taxonomy":"product_tag","embeddable":true,"href":"https:\/\/tremunpiercing.com\/it\/wp-json\/wp\/v2\/product_tag?post=22684"}],"curies":[{"name":"wp","href":"https:\/\/api.w.org\/{rel}","templated":true}]}}