{"id":22690,"date":"2025-10-06T21:14:59","date_gmt":"2025-10-06T20:14:59","guid":{"rendered":"https:\/\/tremunpiercing.com\/?post_type=product&#038;p=22690"},"modified":"2026-03-31T20:02:52","modified_gmt":"2026-03-31T19:02:52","slug":"kitty-emerald-cz","status":"publish","type":"product","link":"https:\/\/tremunpiercing.com\/it\/product\/kitty-emerald-cz\/","title":{"rendered":"Gattino - Smeraldo CZ"},"content":{"rendered":"<p>Il Kitty Emerald CZ offre uno scintillio squisito e una maestria superiore. Realizzato in titanio F-136 di grado implantare, \u00e8 filettato internamente per facilitare e rendere sicura l'installazione. La splendida zirconia cubica verde smeraldo offre una lucentezza vivida e vibrante, rendendolo un'opzione perfetta per i piercing all'orecchio, all'elice o alla narice.<\/p>\n<p>Il Kitty \u00e8 stato progettato per l'uso in studio per catturare lo scintillio e la lucentezza, e poich\u00e9 pu\u00f2 essere sterilizzato pi\u00f9 volte, voi e i vostri clienti avrete la certezza della sua affidabilit\u00e0. Il Kitty \u00e8 ideale per gli studi che desiderano offrire ai propri clienti opzioni di qualit\u00e0 superiore e affidabili, caratterizzate dalla bellezza delle pietre preziose e dall'affidabilit\u00e0 del titanio.<\/p>","protected":false},"excerpt":{"rendered":"<ul>\n<li>Filettato internamente<\/li>\n<li>Materiale: Titanio di grado implantare F-136<\/li>\n<li>Calibro: 16G<\/li>\n<li>Gemma: Zircone cubico<\/li>\n<li>Dimensioni: 3,3 mm x 5,7 mm<\/li>\n<\/ul>","protected":false},"featured_media":23019,"comment_status":"closed","ping_status":"closed","template":"","meta":{"_acf_changed":false},"product_brand":[],"product_cat":[340,343],"product_tag":[187,179,180,188,209,189,210,211,212,199,190,183,213,184,214,185,207],"class_list":{"0":"post-22690","1":"product","2":"type-product","3":"status-publish","4":"has-post-thumbnail","6":"product_cat-titanium-jewelry","7":"product_cat-tops-titanium-jewelry","8":"product_tag-conch","9":"product_tag-cristal","10":"product_tag-cz","11":"product_tag-ear","12":"product_tag-faux-rook","13":"product_tag-helix","14":"product_tag-labret","15":"product_tag-lip","16":"product_tag-medusa","17":"product_tag-nostril","18":"product_tag-oreja","19":"product_tag-perforacion","20":"product_tag-philtrum","21":"product_tag-piercing","22":"product_tag-rook","23":"product_tag-shiny","24":"product_tag-tragus","26":"first","27":"instock","28":"taxable","29":"shipping-taxable","30":"purchasable","31":"product-type-simple"},"acf":[],"gallery_images":[27261,27260],"_links":{"self":[{"href":"https:\/\/tremunpiercing.com\/it\/wp-json\/wp\/v2\/product\/22690","targetHints":{"allow":["GET"]}}],"collection":[{"href":"https:\/\/tremunpiercing.com\/it\/wp-json\/wp\/v2\/product"}],"about":[{"href":"https:\/\/tremunpiercing.com\/it\/wp-json\/wp\/v2\/types\/product"}],"replies":[{"embeddable":true,"href":"https:\/\/tremunpiercing.com\/it\/wp-json\/wp\/v2\/comments?post=22690"}],"version-history":[{"count":1,"href":"https:\/\/tremunpiercing.com\/it\/wp-json\/wp\/v2\/product\/22690\/revisions"}],"predecessor-version":[{"id":27262,"href":"https:\/\/tremunpiercing.com\/it\/wp-json\/wp\/v2\/product\/22690\/revisions\/27262"}],"wp:featuredmedia":[{"embeddable":true,"href":"https:\/\/tremunpiercing.com\/it\/wp-json\/wp\/v2\/media\/23019"}],"wp:attachment":[{"href":"https:\/\/tremunpiercing.com\/it\/wp-json\/wp\/v2\/media?parent=22690"}],"wp:term":[{"taxonomy":"product_brand","embeddable":true,"href":"https:\/\/tremunpiercing.com\/it\/wp-json\/wp\/v2\/product_brand?post=22690"},{"taxonomy":"product_cat","embeddable":true,"href":"https:\/\/tremunpiercing.com\/it\/wp-json\/wp\/v2\/product_cat?post=22690"},{"taxonomy":"product_tag","embeddable":true,"href":"https:\/\/tremunpiercing.com\/it\/wp-json\/wp\/v2\/product_tag?post=22690"}],"curies":[{"name":"wp","href":"https:\/\/api.w.org\/{rel}","templated":true}]}}