{"id":22693,"date":"2025-10-06T21:16:28","date_gmt":"2025-10-06T20:16:28","guid":{"rendered":"https:\/\/tremunpiercing.com\/?post_type=product&#038;p=22693"},"modified":"2026-03-17T14:10:10","modified_gmt":"2026-03-17T13:10:10","slug":"kitty-vitrial-cz","status":"publish","type":"product","link":"https:\/\/tremunpiercing.com\/it\/product\/kitty-vitrial-cz\/","title":{"rendered":"Gattino - Vitrial CZ"},"content":{"rendered":"<p>Il Kitty Vitrial CZ \u00e8 divertente e sofisticato per accompagnare la collezione di gioielli professionali. Realizzato in titanio F-136 di grado implantare, il modello con filettatura interna offre un comfort superiore e una vestibilit\u00e0 sicura. La gemma Vitrial Cubic Zirconia cattura ed emette una moltitudine di colori che variano a ogni raggio di luce, il che, di per s\u00e9, conferisce al pezzo il fattore wow finale.<\/p>\n<p>Il Kitty \u00e8 adatto per piercing all'orecchio, alla cartilagine o al labbro ed \u00e8 stato realizzato per soddisfare i clienti che desiderano un tocco di scintillio unito alla sicurezza. \u00c8 realizzato in titanio di prima qualit\u00e0, quindi non dovr\u00e0 preoccuparsi di appannamento o scolorimento, il che lo rende uno dei preferiti dai negozi di piercing.<\/p>","protected":false},"excerpt":{"rendered":"<ul>\n<li>Filettato internamente<\/li>\n<li>Materiale: Titanio di grado implantare F-136<\/li>\n<li>Calibro: 16G<\/li>\n<li>Gemma: Zircone cubico<\/li>\n<li>Dimensioni: 3,3 mm x 5,7 mm<\/li>\n<\/ul>","protected":false},"featured_media":23021,"comment_status":"closed","ping_status":"closed","template":"","meta":{"_acf_changed":false},"product_brand":[],"product_cat":[340,343],"product_tag":[187,179,180,188,209,189,210,211,212,199,190,183,213,184,214,185,207],"class_list":{"0":"post-22693","1":"product","2":"type-product","3":"status-publish","4":"has-post-thumbnail","6":"product_cat-titanium-jewelry","7":"product_cat-tops-titanium-jewelry","8":"product_tag-conch","9":"product_tag-cristal","10":"product_tag-cz","11":"product_tag-ear","12":"product_tag-faux-rook","13":"product_tag-helix","14":"product_tag-labret","15":"product_tag-lip","16":"product_tag-medusa","17":"product_tag-nostril","18":"product_tag-oreja","19":"product_tag-perforacion","20":"product_tag-philtrum","21":"product_tag-piercing","22":"product_tag-rook","23":"product_tag-shiny","24":"product_tag-tragus","26":"first","27":"instock","28":"taxable","29":"shipping-taxable","30":"purchasable","31":"product-type-simple"},"acf":[],"gallery_images":[27257,27258],"_links":{"self":[{"href":"https:\/\/tremunpiercing.com\/it\/wp-json\/wp\/v2\/product\/22693","targetHints":{"allow":["GET"]}}],"collection":[{"href":"https:\/\/tremunpiercing.com\/it\/wp-json\/wp\/v2\/product"}],"about":[{"href":"https:\/\/tremunpiercing.com\/it\/wp-json\/wp\/v2\/types\/product"}],"replies":[{"embeddable":true,"href":"https:\/\/tremunpiercing.com\/it\/wp-json\/wp\/v2\/comments?post=22693"}],"version-history":[{"count":1,"href":"https:\/\/tremunpiercing.com\/it\/wp-json\/wp\/v2\/product\/22693\/revisions"}],"predecessor-version":[{"id":27259,"href":"https:\/\/tremunpiercing.com\/it\/wp-json\/wp\/v2\/product\/22693\/revisions\/27259"}],"wp:featuredmedia":[{"embeddable":true,"href":"https:\/\/tremunpiercing.com\/it\/wp-json\/wp\/v2\/media\/23021"}],"wp:attachment":[{"href":"https:\/\/tremunpiercing.com\/it\/wp-json\/wp\/v2\/media?parent=22693"}],"wp:term":[{"taxonomy":"product_brand","embeddable":true,"href":"https:\/\/tremunpiercing.com\/it\/wp-json\/wp\/v2\/product_brand?post=22693"},{"taxonomy":"product_cat","embeddable":true,"href":"https:\/\/tremunpiercing.com\/it\/wp-json\/wp\/v2\/product_cat?post=22693"},{"taxonomy":"product_tag","embeddable":true,"href":"https:\/\/tremunpiercing.com\/it\/wp-json\/wp\/v2\/product_tag?post=22693"}],"curies":[{"name":"wp","href":"https:\/\/api.w.org\/{rel}","templated":true}]}}