{"id":22710,"date":"2025-10-06T21:29:32","date_gmt":"2025-10-06T20:29:32","guid":{"rendered":"https:\/\/tremunpiercing.com\/?post_type=product&#038;p=22710"},"modified":"2026-04-09T12:49:21","modified_gmt":"2026-04-09T11:49:21","slug":"stacy-moss-agate","status":"publish","type":"product","link":"https:\/\/tremunpiercing.com\/it\/product\/stacy-moss-agate\/","title":{"rendered":"Stacy - Agata muschiata"},"content":{"rendered":"<p>Il terminale Stacy porta la bellezza grezza e organica della natura nella vostra collezione di gioielli. Presenta un cabochon di agata muschiata naturale, nota per i suoi unici colori verdi e bianchi simili al muschio; i colori renderanno ogni pezzo speciale e personalizzato. \u00c8 inoltre dotato di una sicura filettatura interna in titanio F136 di grado implantare, in un comodo e pratico 16G.<\/p>\n<p>\u00c8 un'opzione eccellente e leggera per i piercing alle narici e alle labbra (si pensi al labret verticale o al jestrum) e potrebbe anche essere deliziosa in una curatela all'orecchio per un pezzo d'accento. L'aspetto della pietra, con il suo aspetto terroso e pacifico, piace ai naturalisti e a chi cerca personalit\u00e0 nei gioielli. Con l'agata Stacy-Moss, arte naturale con un tocco di stile e di umanit\u00e0, si pu\u00f2 dare un tocco di professionalit\u00e0.<\/p>","protected":false},"excerpt":{"rendered":"<ul>\n<li>Filettato internamente<\/li>\n<li>Materiale: Titanio di grado implantare F-136<\/li>\n<li>Calibro: 16G<\/li>\n<li>Gemma: <span data-sheets-root=\"1\">Agata muschiata<\/span><\/li>\n<li>Dimensioni: 3,1 mm x 5,4 mm<\/li>\n<\/ul>","protected":false},"featured_media":23022,"comment_status":"closed","ping_status":"closed","template":"","meta":{"_acf_changed":false},"product_brand":[],"product_cat":[340,343],"product_tag":[187,179,180,188,209,189,210,211,212,199,190,183,213,184,214,185,207],"class_list":{"0":"post-22710","1":"product","2":"type-product","3":"status-publish","4":"has-post-thumbnail","6":"product_cat-titanium-jewelry","7":"product_cat-tops-titanium-jewelry","8":"product_tag-conch","9":"product_tag-cristal","10":"product_tag-cz","11":"product_tag-ear","12":"product_tag-faux-rook","13":"product_tag-helix","14":"product_tag-labret","15":"product_tag-lip","16":"product_tag-medusa","17":"product_tag-nostril","18":"product_tag-oreja","19":"product_tag-perforacion","20":"product_tag-philtrum","21":"product_tag-piercing","22":"product_tag-rook","23":"product_tag-shiny","24":"product_tag-tragus","26":"first","27":"instock","28":"taxable","29":"shipping-taxable","30":"purchasable","31":"product-type-simple"},"acf":[],"gallery_images":[27239,27240],"_links":{"self":[{"href":"https:\/\/tremunpiercing.com\/it\/wp-json\/wp\/v2\/product\/22710","targetHints":{"allow":["GET"]}}],"collection":[{"href":"https:\/\/tremunpiercing.com\/it\/wp-json\/wp\/v2\/product"}],"about":[{"href":"https:\/\/tremunpiercing.com\/it\/wp-json\/wp\/v2\/types\/product"}],"replies":[{"embeddable":true,"href":"https:\/\/tremunpiercing.com\/it\/wp-json\/wp\/v2\/comments?post=22710"}],"version-history":[{"count":1,"href":"https:\/\/tremunpiercing.com\/it\/wp-json\/wp\/v2\/product\/22710\/revisions"}],"predecessor-version":[{"id":27241,"href":"https:\/\/tremunpiercing.com\/it\/wp-json\/wp\/v2\/product\/22710\/revisions\/27241"}],"wp:featuredmedia":[{"embeddable":true,"href":"https:\/\/tremunpiercing.com\/it\/wp-json\/wp\/v2\/media\/23022"}],"wp:attachment":[{"href":"https:\/\/tremunpiercing.com\/it\/wp-json\/wp\/v2\/media?parent=22710"}],"wp:term":[{"taxonomy":"product_brand","embeddable":true,"href":"https:\/\/tremunpiercing.com\/it\/wp-json\/wp\/v2\/product_brand?post=22710"},{"taxonomy":"product_cat","embeddable":true,"href":"https:\/\/tremunpiercing.com\/it\/wp-json\/wp\/v2\/product_cat?post=22710"},{"taxonomy":"product_tag","embeddable":true,"href":"https:\/\/tremunpiercing.com\/it\/wp-json\/wp\/v2\/product_tag?post=22710"}],"curies":[{"name":"wp","href":"https:\/\/api.w.org\/{rel}","templated":true}]}}