{"id":22753,"date":"2025-10-06T22:30:25","date_gmt":"2025-10-06T21:30:25","guid":{"rendered":"https:\/\/tremunpiercing.com\/?post_type=product&#038;p=22753"},"modified":"2026-04-19T23:03:55","modified_gmt":"2026-04-19T22:03:55","slug":"keri","status":"publish","type":"product","link":"https:\/\/tremunpiercing.com\/it\/product\/keri\/","title":{"rendered":"Keri"},"content":{"rendered":"<p>Il Keri Internally Threaded Titanium Top introduce una semplice componente di bellezza nella gioielleria professionale per piercing al corpo. Formulato in titanio di grado chirurgico (F-136), il perno Keri \u00e8 ipoallergenico, affidabile e brillante. La pietra di zirconia cubica pu\u00f2 fornire uno scintillio sorprendente per i clienti che cercano un approccio classico con un tocco in pi\u00f9. I gioielli Keri sono disponibili con filettatura interna 16G, per un'installazione senza soluzione di continuit\u00e0 e rapida, con un attrito minimo durante l'installazione.<\/p>\n<p>Il Keri pu\u00f2 essere utilizzato in qualsiasi posizione, come l'orecchio, il labbro o la cartilagine elicoidale, aiutando i professionisti che cercano qualit\u00e0 e praticit\u00e0. Il Keri Top \u00e8 raccomandato dagli studi di tutta Europa e degli Stati Uniti. I top Keri hanno un valore eccezionale, un'eccellente convenienza, un'elevata precisione, un'usura sostenuta e una durata assoluta. Il complemento perfetto per completare i gioielli e gli accessori professionali per il body piercing!<\/p>\n<p>&nbsp;<\/p>","protected":false},"excerpt":{"rendered":"<ul>\n<li>Filettato internamente<\/li>\n<li>Materiale: Titanio di grado implantare F-136<\/li>\n<li>Gemma: Zircone cubico<\/li>\n<li>Calibro: 16G<\/li>\n<li>Dimensione: 5 mm<\/li>\n<\/ul>","protected":false},"featured_media":22754,"comment_status":"closed","ping_status":"closed","template":"","meta":{"_acf_changed":false},"product_brand":[],"product_cat":[340,343],"product_tag":[187,188,189,205,206,212,190,183,213,184,207],"class_list":{"0":"post-22753","1":"product","2":"type-product","3":"status-publish","4":"has-post-thumbnail","6":"product_cat-titanium-jewelry","7":"product_cat-tops-titanium-jewelry","8":"product_tag-conch","9":"product_tag-ear","10":"product_tag-helix","11":"product_tag-lobe","12":"product_tag-lobulo","13":"product_tag-medusa","14":"product_tag-oreja","15":"product_tag-perforacion","16":"product_tag-philtrum","17":"product_tag-piercing","18":"product_tag-tragus","20":"first","21":"instock","22":"taxable","23":"shipping-taxable","24":"purchasable","25":"product-type-simple"},"acf":[],"gallery_images":[27188,27187],"_links":{"self":[{"href":"https:\/\/tremunpiercing.com\/it\/wp-json\/wp\/v2\/product\/22753","targetHints":{"allow":["GET"]}}],"collection":[{"href":"https:\/\/tremunpiercing.com\/it\/wp-json\/wp\/v2\/product"}],"about":[{"href":"https:\/\/tremunpiercing.com\/it\/wp-json\/wp\/v2\/types\/product"}],"replies":[{"embeddable":true,"href":"https:\/\/tremunpiercing.com\/it\/wp-json\/wp\/v2\/comments?post=22753"}],"version-history":[{"count":1,"href":"https:\/\/tremunpiercing.com\/it\/wp-json\/wp\/v2\/product\/22753\/revisions"}],"predecessor-version":[{"id":27189,"href":"https:\/\/tremunpiercing.com\/it\/wp-json\/wp\/v2\/product\/22753\/revisions\/27189"}],"wp:featuredmedia":[{"embeddable":true,"href":"https:\/\/tremunpiercing.com\/it\/wp-json\/wp\/v2\/media\/22754"}],"wp:attachment":[{"href":"https:\/\/tremunpiercing.com\/it\/wp-json\/wp\/v2\/media?parent=22753"}],"wp:term":[{"taxonomy":"product_brand","embeddable":true,"href":"https:\/\/tremunpiercing.com\/it\/wp-json\/wp\/v2\/product_brand?post=22753"},{"taxonomy":"product_cat","embeddable":true,"href":"https:\/\/tremunpiercing.com\/it\/wp-json\/wp\/v2\/product_cat?post=22753"},{"taxonomy":"product_tag","embeddable":true,"href":"https:\/\/tremunpiercing.com\/it\/wp-json\/wp\/v2\/product_tag?post=22753"}],"curies":[{"name":"wp","href":"https:\/\/api.w.org\/{rel}","templated":true}]}}