{"id":22925,"date":"2025-10-10T18:36:51","date_gmt":"2025-10-10T17:36:51","guid":{"rendered":"https:\/\/tremunpiercing.com\/?post_type=product&#038;p=22925"},"modified":"2026-03-16T12:55:00","modified_gmt":"2026-03-16T11:55:00","slug":"reiko-topaz-blue","status":"publish","type":"product","link":"https:\/\/tremunpiercing.com\/it\/product\/reiko-topaz-blue\/","title":{"rendered":"Reiko - Blu topazio"},"content":{"rendered":"<p>L'anello Reiko Topaz Blue Clicker Ring offre praticit\u00e0 quotidiana e fascino vibrante! Con una larghezza di 8 mm, questo anello in titanio di grado implantare F-136, 16G \u00e8 dotato di una gemma di zirconia cubica blu topazio che scintilla alla luce. Il nostro meccanismo a scatto non \u00e8 solo funzionale e sicuro, ma anche facile da usare, rendendo questo anello perfetto per i piercing al setto, al daith o alla cartilagine.<\/p>\n<p>La finitura altamente lucida \u00e8 abbastanza gradevole da essere indossata da sola, ma si adatta perfettamente a una pila di gioielli, mentre il tocco di blu vi offre un'aggiunta divertente e luminosa alla vostra collezione! Il comfort e lo stile contemporaneo sono il fulcro dell'anello a scatto Reiko Topaz Blue, che raggiunge il miglior equilibrio tra qualit\u00e0 ed estetica per una gioielleria di livello professionale.<\/p>","protected":false},"excerpt":{"rendered":"<ul>\n<li>Anello a scatto<\/li>\n<li>Materiale: Titanio di grado implantare F-136<\/li>\n<li>Diametro: 8 mm<\/li>\n<li>Calibro: 16G<\/li>\n<li>Gemma: Zircone cubico<\/li>\n<\/ul>","protected":false},"featured_media":22926,"comment_status":"closed","ping_status":"closed","template":"","meta":{"_acf_changed":false},"product_brand":[],"product_cat":[341,340],"product_tag":[192,193,202,179,180,194,188,189,195,196,226,190,183,184,197,198],"class_list":{"0":"post-22925","1":"product","2":"type-product","3":"status-publish","4":"has-post-thumbnail","6":"product_cat-rings-titanium-jewelry","7":"product_cat-titanium-jewelry","8":"product_tag-anillo","9":"product_tag-argolla","10":"product_tag-clicker","11":"product_tag-cristal","12":"product_tag-cz","13":"product_tag-daith","14":"product_tag-ear","15":"product_tag-helix","16":"product_tag-hinged-ring","17":"product_tag-nariz","18":"product_tag-opal","19":"product_tag-oreja","20":"product_tag-perforacion","21":"product_tag-piercing","22":"product_tag-ring","23":"product_tag-septum","25":"first","26":"instock","27":"taxable","28":"shipping-taxable","29":"purchasable","30":"product-type-simple"},"acf":[],"gallery_images":[27174,27175],"_links":{"self":[{"href":"https:\/\/tremunpiercing.com\/it\/wp-json\/wp\/v2\/product\/22925","targetHints":{"allow":["GET"]}}],"collection":[{"href":"https:\/\/tremunpiercing.com\/it\/wp-json\/wp\/v2\/product"}],"about":[{"href":"https:\/\/tremunpiercing.com\/it\/wp-json\/wp\/v2\/types\/product"}],"replies":[{"embeddable":true,"href":"https:\/\/tremunpiercing.com\/it\/wp-json\/wp\/v2\/comments?post=22925"}],"version-history":[{"count":1,"href":"https:\/\/tremunpiercing.com\/it\/wp-json\/wp\/v2\/product\/22925\/revisions"}],"predecessor-version":[{"id":27176,"href":"https:\/\/tremunpiercing.com\/it\/wp-json\/wp\/v2\/product\/22925\/revisions\/27176"}],"wp:featuredmedia":[{"embeddable":true,"href":"https:\/\/tremunpiercing.com\/it\/wp-json\/wp\/v2\/media\/22926"}],"wp:attachment":[{"href":"https:\/\/tremunpiercing.com\/it\/wp-json\/wp\/v2\/media?parent=22925"}],"wp:term":[{"taxonomy":"product_brand","embeddable":true,"href":"https:\/\/tremunpiercing.com\/it\/wp-json\/wp\/v2\/product_brand?post=22925"},{"taxonomy":"product_cat","embeddable":true,"href":"https:\/\/tremunpiercing.com\/it\/wp-json\/wp\/v2\/product_cat?post=22925"},{"taxonomy":"product_tag","embeddable":true,"href":"https:\/\/tremunpiercing.com\/it\/wp-json\/wp\/v2\/product_tag?post=22925"}],"curies":[{"name":"wp","href":"https:\/\/api.w.org\/{rel}","templated":true}]}}