{"id":23541,"date":"2025-10-25T15:46:17","date_gmt":"2025-10-25T14:46:17","guid":{"rendered":"https:\/\/tremunpiercing.com\/?post_type=product&#038;p=23541"},"modified":"2026-04-19T10:21:10","modified_gmt":"2026-04-19T09:21:10","slug":"prong-2-0-vibrant-purple-aqua","status":"publish","type":"product","link":"https:\/\/tremunpiercing.com\/it\/product\/prong-2-0-vibrant-purple-aqua\/","title":{"rendered":"Prong 2.0 - Viola vibrante - Aqua"},"content":{"rendered":"<p>Il Vibrant Purple Prong 2.0 - Aqua \u00e8 un accattivante accessorio bicolore da 5 mm. Realizzato in titanio F-136 di grado implantare, questo top push-pin senza fili combina in modo creativo pietre Swarovski Zirconia viola e acqua nella sua estetica bicolore. I Prongs sono adatti per piercing all'orecchio, alla cartilagine o alla narice guariti, con stile e comfort.<\/p>\n<p>I rebbi sono sagomati in modo da fissare la pietra e garantire un brillante scintillio. Questo design \u00e8 stato creato per i piercer professionisti che sono alla ricerca di design creativi con materiali di alta qualit\u00e0. Questo pezzo aggiuntivo far\u00e0 risaltare le vostre idee di design per piercing.<\/p>","protected":false},"excerpt":{"rendered":"<ul>\n<li>Accessorio per spinotto\/senza filettatura<\/li>\n<li>Materiale: Titanio di grado implantare F-136<\/li>\n<li>Diametro: 5 mm<\/li>\n<li>Calibro: 25G<\/li>\n<li>Gemma: SW - Zircone Premium<\/li>\n<\/ul>","protected":false},"featured_media":23542,"comment_status":"closed","ping_status":"closed","template":"","meta":{"_acf_changed":false},"product_brand":[],"product_cat":[442,340,343],"product_tag":[192,193,202,179,180,194,188,189,195,196,226,190,183,184,197,198],"class_list":{"0":"post-23541","1":"product","2":"type-product","3":"status-publish","4":"has-post-thumbnail","6":"product_cat-sw","7":"product_cat-titanium-jewelry","8":"product_cat-tops-titanium-jewelry","9":"product_tag-anillo","10":"product_tag-argolla","11":"product_tag-clicker","12":"product_tag-cristal","13":"product_tag-cz","14":"product_tag-daith","15":"product_tag-ear","16":"product_tag-helix","17":"product_tag-hinged-ring","18":"product_tag-nariz","19":"product_tag-opal","20":"product_tag-oreja","21":"product_tag-perforacion","22":"product_tag-piercing","23":"product_tag-ring","24":"product_tag-septum","26":"first","27":"instock","28":"taxable","29":"shipping-taxable","30":"purchasable","31":"product-type-simple"},"acf":[],"gallery_images":[27100,27101],"_links":{"self":[{"href":"https:\/\/tremunpiercing.com\/it\/wp-json\/wp\/v2\/product\/23541","targetHints":{"allow":["GET"]}}],"collection":[{"href":"https:\/\/tremunpiercing.com\/it\/wp-json\/wp\/v2\/product"}],"about":[{"href":"https:\/\/tremunpiercing.com\/it\/wp-json\/wp\/v2\/types\/product"}],"replies":[{"embeddable":true,"href":"https:\/\/tremunpiercing.com\/it\/wp-json\/wp\/v2\/comments?post=23541"}],"version-history":[{"count":1,"href":"https:\/\/tremunpiercing.com\/it\/wp-json\/wp\/v2\/product\/23541\/revisions"}],"predecessor-version":[{"id":27102,"href":"https:\/\/tremunpiercing.com\/it\/wp-json\/wp\/v2\/product\/23541\/revisions\/27102"}],"wp:featuredmedia":[{"embeddable":true,"href":"https:\/\/tremunpiercing.com\/it\/wp-json\/wp\/v2\/media\/23542"}],"wp:attachment":[{"href":"https:\/\/tremunpiercing.com\/it\/wp-json\/wp\/v2\/media?parent=23541"}],"wp:term":[{"taxonomy":"product_brand","embeddable":true,"href":"https:\/\/tremunpiercing.com\/it\/wp-json\/wp\/v2\/product_brand?post=23541"},{"taxonomy":"product_cat","embeddable":true,"href":"https:\/\/tremunpiercing.com\/it\/wp-json\/wp\/v2\/product_cat?post=23541"},{"taxonomy":"product_tag","embeddable":true,"href":"https:\/\/tremunpiercing.com\/it\/wp-json\/wp\/v2\/product_tag?post=23541"}],"curies":[{"name":"wp","href":"https:\/\/api.w.org\/{rel}","templated":true}]}}